{"id":391,"date":"2018-04-04T08:59:02","date_gmt":"2018-04-04T08:59:02","guid":{"rendered":"https:\/\/aucartrailer.com\/home\/"},"modified":"2020-01-31T10:23:45","modified_gmt":"2020-01-31T10:23:45","slug":"home","status":"publish","type":"page","link":"https:\/\/aucartrailer.com\/fr\/","title":{"rendered":"Home"},"content":{"rendered":"<div class=\"wpb-content-wrapper\"><p>[vc_row css_animation=\u00a0\u00bb\u00a0\u00bb row_type=\u00a0\u00bbrow\u00a0\u00bb use_row_as_full_screen_section=\u00a0\u00bbno\u00a0\u00bb type=\u00a0\u00bbfull_width\u00a0\u00bb angled_section=\u00a0\u00bbno\u00a0\u00bb text_align=\u00a0\u00bbleft\u00a0\u00bb background_image_as_pattern=\u00a0\u00bbwithout_pattern\u00a0\u00bb][vc_column]\n\t\t\t<!-- START home FR REVOLUTION SLIDER 6.7.39 --><p class=\"rs-p-wp-fix\"><\/p>\n\t\t\t<rs-module-wrap id=\"rev_slider_3_1_wrapper\" data-source=\"gallery\" style=\"visibility:hidden;background:#101010;padding:0;\">\n\t\t\t\t<rs-module id=\"rev_slider_3_1\" style=\"\" data-version=\"6.7.39\">\n\t\t\t\t\t<rs-slides style=\"overflow: hidden; position: absolute;\">\n\t\t\t\t\t\t<rs-slide style=\"position: absolute;\" data-key=\"rs-9\" data-title=\"Slide\" data-thumb=\"\/\/aucartrailer.com\/wp-content\/uploads\/2019\/12\/banner3-100x50.jpg\" data-in=\"o:0;\" data-out=\"a:false;\">\n\t\t\t\t\t\t\t<img decoding=\"async\" src=\"\/\/aucartrailer.com\/wp-content\/plugins\/revslider\/sr6\/assets\/assets\/dummy.png\" alt=\"Polivalente Europeo de Aucar Trailer\" title=\"Polivalente Europeo de Aucar Trailer\" width=\"1920\" height=\"1062\" class=\"rev-slidebg tp-rs-img rs-lazyload\" data-lazyload=\"\/\/aucartrailer.com\/wp-content\/uploads\/2019\/12\/banner3.jpg\" data-bg=\"p:center bottom;\" data-parallax=\"6\" data-no-retina>\n<!--\n\t\t\t\t\t\t\t--><rs-layer\n\t\t\t\t\t\t\t\tid=\"slider-3-slide-9-layer-1\" \n\t\t\t\t\t\t\t\tdata-type=\"text\"\n\t\t\t\t\t\t\t\tdata-xy=\"x:c;y:m;yo:-63px,-63px,-63px,-83px;\"\n\t\t\t\t\t\t\t\tdata-text=\"s:80,70,60,33;l:90;fw:600;a:center,inherit,inherit,inherit;\"\n\t\t\t\t\t\t\t\tdata-rsp_bd=\"off\"\n\t\t\t\t\t\t\t\tdata-frame_0=\"y:50px;tp:600;\"\n\t\t\t\t\t\t\t\tdata-frame_1=\"tp:600;e:power3.out;st:400;sp:500;sR:400;\"\n\t\t\t\t\t\t\t\tdata-frame_999=\"o:0;tp:600;e:power3.out;st:w;sR:2100;\"\n\t\t\t\t\t\t\t\tstyle=\"z-index:5;font-family:'Oswald';text-shadow:0px 0px 7px #000000;\"\n\t\t\t\t\t\t\t>POLYVALENT EUROP\u00c9EN \n\t\t\t\t\t\t\t<\/rs-layer><!--\n-->\t\t\t\t\t<\/rs-slide>\n\t\t\t\t\t\t<rs-slide style=\"position: absolute;\" data-key=\"rs-8\" data-title=\"Slide\" data-thumb=\"\/\/aucartrailer.com\/wp-content\/uploads\/2019\/12\/banner2-100x50.jpg\" data-anim=\"ms:500;r:0;\" data-in=\"y:100%;e:power1.out;\" data-out=\"a:false;\">\n\t\t\t\t\t\t\t<img decoding=\"async\" src=\"\/\/aucartrailer.com\/wp-content\/plugins\/revslider\/sr6\/assets\/assets\/dummy.png\" alt=\"Policar - El Trailer Capilar de Aucar Trailer\" title=\"Policar &#8211; El Trailer Capilar de Aucar Trailer\" width=\"1920\" height=\"1062\" class=\"rev-slidebg tp-rs-img rs-lazyload\" data-lazyload=\"\/\/aucartrailer.com\/wp-content\/uploads\/2019\/12\/banner2.jpg\" data-bg=\"p:center bottom;\" data-parallax=\"6\" data-no-retina>\n<!--\n\t\t\t\t\t\t\t--><rs-layer\n\t\t\t\t\t\t\t\tid=\"slider-3-slide-8-layer-1\" \n\t\t\t\t\t\t\t\tdata-type=\"text\"\n\t\t\t\t\t\t\t\tdata-xy=\"x:c;y:m;yo:-63px,-63px,-63px,-83px;\"\n\t\t\t\t\t\t\t\tdata-text=\"s:80,70,60,33;l:90;fw:600;a:center,inherit,inherit,inherit;\"\n\t\t\t\t\t\t\t\tdata-rsp_bd=\"off\"\n\t\t\t\t\t\t\t\tdata-frame_0=\"y:50px;tp:600;\"\n\t\t\t\t\t\t\t\tdata-frame_1=\"tp:600;e:power3.out;st:400;sp:500;sR:400;\"\n\t\t\t\t\t\t\t\tdata-frame_999=\"o:0;tp:600;e:power3.out;st:w;sR:2100;\"\n\t\t\t\t\t\t\t\tstyle=\"z-index:5;font-family:'Oswald';text-shadow:0px 0px 7px #000000;\"\n\t\t\t\t\t\t\t>LE SEMI-REMORQUE CAPILLAIRE \n\t\t\t\t\t\t\t<\/rs-layer><!--\n-->\t\t\t\t\t<\/rs-slide>\n\t\t\t\t\t\t<rs-slide style=\"position: absolute;\" data-key=\"rs-7\" data-title=\"Slide\" data-thumb=\"\/\/aucartrailer.com\/wp-content\/uploads\/2019\/12\/banner1-100x50.jpg\" data-anim=\"ms:5000ms;r:0;\" data-in=\"y:100%;e:power1.out;\" data-out=\"a:false;\">\n\t\t\t\t\t\t\t<img decoding=\"async\" src=\"\/\/aucartrailer.com\/wp-content\/plugins\/revslider\/sr6\/assets\/assets\/dummy.png\" alt=\"Autoescuelas Militares\" title=\"Autoescuelas Militares\" width=\"1920\" height=\"1062\" class=\"rev-slidebg tp-rs-img rs-lazyload\" data-lazyload=\"\/\/aucartrailer.com\/wp-content\/uploads\/2019\/12\/banner1.jpg\" data-bg=\"p:center top;\" data-parallax=\"6\" data-no-retina>\n<!--\n\t\t\t\t\t\t\t--><rs-layer\n\t\t\t\t\t\t\t\tid=\"slider-3-slide-7-layer-1\" \n\t\t\t\t\t\t\t\tdata-type=\"text\"\n\t\t\t\t\t\t\t\tdata-xy=\"x:c;xo:-15px,0,0,0;y:m;yo:-89px,-63px,-63px,-83px;\"\n\t\t\t\t\t\t\t\tdata-text=\"s:80,70,60,33;l:90;fw:600;a:center,inherit,inherit,inherit;\"\n\t\t\t\t\t\t\t\tdata-rsp_bd=\"off\"\n\t\t\t\t\t\t\t\tdata-frame_0=\"y:50px;tp:600;\"\n\t\t\t\t\t\t\t\tdata-frame_1=\"tp:600;e:power3.out;st:400;sp:500;sR:400;\"\n\t\t\t\t\t\t\t\tdata-frame_999=\"o:0;tp:600;e:power3.out;st:w;sR:2100;\"\n\t\t\t\t\t\t\t\tstyle=\"z-index:9;font-family:'Oswald';text-shadow:0px 0px 7px #000000;\"\n\t\t\t\t\t\t\t>\u00c9COLES MILITAIRES \n\t\t\t\t\t\t\t<\/rs-layer><!--\n\n\t\t\t\t\t\t\t--><rs-layer\n\t\t\t\t\t\t\t\tid=\"slider-3-slide-7-layer-6\" \n\t\t\t\t\t\t\t\tdata-type=\"text\"\n\t\t\t\t\t\t\t\tdata-xy=\"x:c;xo:-15px,0,0,0;y:m;yo:23px,-63px,-63px,-83px;\"\n\t\t\t\t\t\t\t\tdata-text=\"s:80,70,60,33;l:90;fw:600;a:center,inherit,inherit,inherit;\"\n\t\t\t\t\t\t\t\tdata-rsp_bd=\"off\"\n\t\t\t\t\t\t\t\tdata-frame_0=\"y:50px;tp:600;\"\n\t\t\t\t\t\t\t\tdata-frame_1=\"tp:600;e:power3.out;st:400;sp:500;sR:400;\"\n\t\t\t\t\t\t\t\tdata-frame_999=\"o:0;tp:600;e:power3.out;st:w;sR:2100;\"\n\t\t\t\t\t\t\t\tstyle=\"z-index:8;font-family:'Oswald';text-shadow:0px 0px 7px #000000;\"\n\t\t\t\t\t\t\t>DE CONDUITE \n\t\t\t\t\t\t\t<\/rs-layer><!--\n-->\t\t\t\t\t<\/rs-slide>\n\t\t\t\t\t<\/rs-slides>\n\t\t\t\t\t<rs-static-layers><!--\n\t\t\t\t\t--><\/rs-static-layers>\n\t\t\t\t<\/rs-module>\n\t\t\t\t<script>\n\t\t\t\t\tsetREVStartSize({c: 'rev_slider_3_1',rl:[1240,1024,778,480],el:[1100,768,860,720],gw:[1200,1100,850,480],gh:[1100,768,860,720],type:'standard',justify:'',layout:'fullscreen',offsetContainer:'',offset:'',mh:\"0\"});if (window.RS_MODULES!==undefined && window.RS_MODULES.modules!==undefined && window.RS_MODULES.modules[\"revslider31\"]!==undefined) {window.RS_MODULES.modules[\"revslider31\"].once = false;window.revapi3 = undefined;if (window.RS_MODULES.checkMinimal!==undefined) window.RS_MODULES.checkMinimal()}\n\t\t\t\t<\/script>\n\t\t\t<\/rs-module-wrap>\n\t\t\t<!-- END REVOLUTION SLIDER -->\n[vc_row_inner row_type=\u00a0\u00bbrow\u00a0\u00bb type=\u00a0\u00bbfull_width\u00a0\u00bb text_align=\u00a0\u00bbleft\u00a0\u00bb css_animation=\u00a0\u00bb\u00a0\u00bb][vc_column_inner][vc_empty_space height=\u00a0\u00bb100px\u00a0\u00bb el_class=\u00a0\u00bbhideMobile\u00a0\u00bb][vc_empty_space height=\u00a0\u00bb61px\u00a0\u00bb][\/vc_column_inner][\/vc_row_inner][\/vc_column][\/vc_row][vc_row css_animation=\u00a0\u00bb\u00a0\u00bb row_type=\u00a0\u00bbrow\u00a0\u00bb use_row_as_full_screen_section=\u00a0\u00bbno\u00a0\u00bb type=\u00a0\u00bbgrid\u00a0\u00bb angled_section=\u00a0\u00bbno\u00a0\u00bb text_align=\u00a0\u00bbleft\u00a0\u00bb background_image_as_pattern=\u00a0\u00bbwithout_pattern\u00a0\u00bb z_index=\u00a0\u00bb\u00a0\u00bb css=\u00a0\u00bb.vc_custom_1580466120950{padding-bottom: 123px !important;}\u00a0\u00bb][vc_column width=\u00a0\u00bb1\/2&Prime; offset=\u00a0\u00bbvc_col-lg-offset-0 vc_col-lg-3 vc_col-md-offset-0 vc_col-md-6 vc_col-sm-offset-0 vc_col-xs-12&Prime;][vc_single_image image=\u00a0\u00bb416&Prime; alignment=\u00a0\u00bbcenter\u00a0\u00bb onclick=\u00a0\u00bbcustom_link\u00a0\u00bb qode_css_animation=\u00a0\u00bb\u00a0\u00bb link=\u00a0\u00bb\/fr\/entreprise\/\u00a0\u00bb][vc_empty_space height=\u00a0\u00bb15px\u00a0\u00bb][vc_column_text]<\/p>\n<h3 style=\"text-align: center;\"><a href=\"\/fr\/entreprise\/\">Qui nous sommes<\/a><\/h3>\n<p>[\/vc_column_text][vc_empty_space height=\u00a0\u00bb5px\u00a0\u00bb][vc_column_text]<\/p>\n<p style=\"text-align: center;\">Pionnier en innovation, <strong>Aucar-Trailer<\/strong> Trailer a mis au point et brevet\u00e9 le \u00absemi-remorque polyvalent europ\u00e9en \u00bb et le \u00abPOLICAR, le semi-remorque capillaire\u00bb.<\/p>\n<p>[\/vc_column_text][vc_row_inner row_type=\u00a0\u00bbrow\u00a0\u00bb type=\u00a0\u00bbfull_width\u00a0\u00bb text_align=\u00a0\u00bbleft\u00a0\u00bb css_animation=\u00a0\u00bb\u00a0\u00bb][vc_column_inner offset=\u00a0\u00bbvc_hidden-lg vc_hidden-md vc_hidden-sm\u00a0\u00bb][vc_empty_space height=\u00a0\u00bb100px\u00a0\u00bb][\/vc_column_inner][\/vc_row_inner][\/vc_column][vc_column width=\u00a0\u00bb1\/2&Prime; offset=\u00a0\u00bbvc_col-lg-offset-0 vc_col-lg-3 vc_col-md-offset-0 vc_col-md-6 vc_col-sm-offset-0 vc_col-xs-12&Prime;][vc_single_image image=\u00a0\u00bb480&Prime; alignment=\u00a0\u00bbcenter\u00a0\u00bb onclick=\u00a0\u00bbcustom_link\u00a0\u00bb qode_css_animation=\u00a0\u00bb\u00a0\u00bb link=\u00a0\u00bb\/fr\/vehicules-realises\/\u00a0\u00bb][vc_empty_space height=\u00a0\u00bb15px\u00a0\u00bb][vc_column_text]<\/p>\n<h3 style=\"text-align: center;\"><a href=\"\/fr\/vehicules-realises\/\">V\u00e9hicules r\u00e9alis\u00e9s<\/a><\/h3>\n<p>[\/vc_column_text][vc_empty_space height=\u00a0\u00bb5px\u00a0\u00bb][vc_column_text]<\/p>\n<p style=\"text-align: center;\"><strong>Aucar-Trailer<\/strong> conserve un historique des v\u00e9hicules fabriqu\u00e9s jusqu&rsquo;\u00e0 pr\u00e9sent. Vous pouvez les v\u00e9rifier dans ce lien.<\/p>\n<p>[\/vc_column_text][vc_row_inner row_type=\u00a0\u00bbrow\u00a0\u00bb type=\u00a0\u00bbfull_width\u00a0\u00bb text_align=\u00a0\u00bbleft\u00a0\u00bb css_animation=\u00a0\u00bb\u00a0\u00bb][vc_column_inner offset=\u00a0\u00bbvc_hidden-lg vc_hidden-md vc_hidden-sm\u00a0\u00bb][vc_empty_space height=\u00a0\u00bb100px\u00a0\u00bb][\/vc_column_inner][\/vc_row_inner][\/vc_column][vc_column width=\u00a0\u00bb1\/2&Prime; offset=\u00a0\u00bbvc_col-lg-offset-0 vc_col-lg-3 vc_col-md-offset-0 vc_col-md-6 vc_col-sm-offset-0 vc_col-xs-12&Prime;][vc_single_image image=\u00a0\u00bb484&Prime; alignment=\u00a0\u00bbcenter\u00a0\u00bb onclick=\u00a0\u00bbcustom_link\u00a0\u00bb qode_css_animation=\u00a0\u00bb\u00a0\u00bb link=\u00a0\u00bb\/fr\/vehicules-doccasion\/\u00a0\u00bb][vc_empty_space height=\u00a0\u00bb15px\u00a0\u00bb][vc_column_text]<\/p>\n<h3 style=\"text-align: center;\"><a href=\"\/fr\/vehicules-doccasion\/\">V\u00e9hicules d\u2019occasion<\/a><\/h3>\n<p>[\/vc_column_text][vc_empty_space height=\u00a0\u00bb5px\u00a0\u00bb][vc_column_text]<\/p>\n<p style=\"text-align: center;\">Vous pouvez enregistrer dans notre sac d&rsquo;occasion les v\u00e9hicules fabriqu\u00e9s par <strong>Aucar-Trailer<\/strong> dans la section des v\u00e9hicules d&rsquo;occasion.<\/p>\n<p>[\/vc_column_text][vc_row_inner row_type=\u00a0\u00bbrow\u00a0\u00bb type=\u00a0\u00bbfull_width\u00a0\u00bb text_align=\u00a0\u00bbleft\u00a0\u00bb css_animation=\u00a0\u00bb\u00a0\u00bb][vc_column_inner offset=\u00a0\u00bbvc_hidden-lg vc_hidden-md vc_hidden-sm\u00a0\u00bb][vc_empty_space height=\u00a0\u00bb100px\u00a0\u00bb][\/vc_column_inner][\/vc_row_inner][\/vc_column][vc_column width=\u00a0\u00bb1\/2&Prime; offset=\u00a0\u00bbvc_col-lg-offset-0 vc_col-lg-3 vc_col-md-offset-0 vc_col-md-6 vc_col-sm-offset-0 vc_col-xs-12&Prime;][vc_single_image image=\u00a0\u00bb428&Prime; alignment=\u00a0\u00bbcenter\u00a0\u00bb onclick=\u00a0\u00bbcustom_link\u00a0\u00bb qode_css_animation=\u00a0\u00bb\u00a0\u00bb link=\u00a0\u00bb\/fr\/contact\/\u00a0\u00bb][vc_empty_space height=\u00a0\u00bb15px\u00a0\u00bb][vc_column_text]<\/p>\n<h3 style=\"text-align: center;\"><a href=\"\/fr\/contact\/\">Contact<\/a><\/h3>\n<p>[\/vc_column_text][vc_empty_space height=\u00a0\u00bb5px\u00a0\u00bb][vc_column_text]<\/p>\n<p style=\"text-align: center;\">Si vous souhaitez contacter <strong>Aucar-Trailer<\/strong> vous pouvez le faire via le formulaire que vous trouverez ci-dessous ou avec les informations qui apparaissent lors de l&rsquo;acc\u00e8s \u00e0 ce lien.<\/p>\n<p>[\/vc_column_text][\/vc_column][\/vc_row][vc_row css_animation=\u00a0\u00bb\u00a0\u00bb row_type=\u00a0\u00bbrow\u00a0\u00bb use_row_as_full_screen_section=\u00a0\u00bbno\u00a0\u00bb type=\u00a0\u00bbfull_width\u00a0\u00bb angled_section=\u00a0\u00bbno\u00a0\u00bb text_align=\u00a0\u00bbleft\u00a0\u00bb background_image_as_pattern=\u00a0\u00bbwithout_pattern\u00a0\u00bb css=\u00a0\u00bb.vc_custom_1522917368610{padding-right: 25px !important;padding-bottom: 20px !important;padding-left: 25px !important;}\u00a0\u00bb z_index=\u00a0\u00bb\u00a0\u00bb][vc_column width=\u00a0\u00bb1\/3&Prime; css=\u00a0\u00bb.vc_custom_1522917304625{padding-right: 10px !important;padding-left: 10px !important;}\u00a0\u00bb]<div class=\"qode-banner qode-banner-va-bottom\"><a class=\"qode-banner-link\" href=\"\/fr\/polyvalent-europeen\/\" target=\"_self\"><\/a><div class=\"qode-banner-image\"><img decoding=\"async\" itemprop=\"image\" src=\"https:\/\/aucartrailer.com\/wp-content\/uploads\/2019\/12\/banner3.jpg\" alt=\"Polivalente Europeo de Aucar Trailer\" \/><\/div><div class=\"qode-banner-content\"><div class=\"qode-banner-content-inner\"><div class=\"qode-banner-text-holder\">\n<h2><span style=\"color: #ffffff;\">Polyvalent europ\u00e9en<\/span><\/h2>\n<\/div><\/div><\/div><\/div>[vc_row_inner row_type=\u00a0\u00bbrow\u00a0\u00bb type=\u00a0\u00bbfull_width\u00a0\u00bb text_align=\u00a0\u00bbleft\u00a0\u00bb css_animation=\u00a0\u00bb\u00a0\u00bb][vc_column_inner offset=\u00a0\u00bbvc_hidden-lg vc_hidden-md vc_hidden-sm\u00a0\u00bb][vc_empty_space height=\u00a0\u00bb30px\u00a0\u00bb][\/vc_column_inner][\/vc_row_inner][\/vc_column][vc_column width=\u00a0\u00bb1\/3&Prime; css=\u00a0\u00bb.vc_custom_1522917312209{padding-right: 10px !important;padding-left: 10px !important;}\u00a0\u00bb]<div class=\"qode-banner qode-banner-va-bottom\"><a class=\"qode-banner-link\" href=\"\/fr\/policar\/\" target=\"_self\"><\/a><div class=\"qode-banner-image\"><img decoding=\"async\" itemprop=\"image\" src=\"https:\/\/aucartrailer.com\/wp-content\/uploads\/2019\/12\/banner2.jpg\" alt=\"Policar - El Trailer Capilar de Aucar Trailer\" \/><\/div><div class=\"qode-banner-content\"><div class=\"qode-banner-content-inner\"><div class=\"qode-banner-text-holder\">\n<h2><span style=\"color: #ffffff;\">Policar<\/span><\/h2>\n<\/div><\/div><\/div><\/div>[vc_row_inner row_type=\u00a0\u00bbrow\u00a0\u00bb type=\u00a0\u00bbfull_width\u00a0\u00bb text_align=\u00a0\u00bbleft\u00a0\u00bb css_animation=\u00a0\u00bb\u00a0\u00bb][vc_column_inner offset=\u00a0\u00bbvc_hidden-lg vc_hidden-md vc_hidden-sm\u00a0\u00bb][vc_empty_space height=\u00a0\u00bb30px\u00a0\u00bb][\/vc_column_inner][\/vc_row_inner][\/vc_column][vc_column width=\u00a0\u00bb1\/3&Prime; css=\u00a0\u00bb.vc_custom_1522917321319{padding-right: 10px !important;padding-left: 10px !important;}\u00a0\u00bb]<div class=\"qode-banner qode-banner-va-bottom\"><a class=\"qode-banner-link\" href=\"\/fr\/ecoles-militaires-de-conduite\/\" target=\"_self\"><\/a><div class=\"qode-banner-image\"><img decoding=\"async\" itemprop=\"image\" src=\"https:\/\/aucartrailer.com\/wp-content\/uploads\/2019\/12\/banner1.jpg\" alt=\"Autoescuelas Militares\" \/><\/div><div class=\"qode-banner-content\"><div class=\"qode-banner-content-inner\"><div class=\"qode-banner-text-holder\">\n<h2><span style=\"color: #ffffff;\">\u00c9coles militaires de conduite<\/span><\/h2>\n<\/div><\/div><\/div><\/div>[vc_row_inner row_type=\u00a0\u00bbrow\u00a0\u00bb type=\u00a0\u00bbfull_width\u00a0\u00bb text_align=\u00a0\u00bbleft\u00a0\u00bb css_animation=\u00a0\u00bb\u00a0\u00bb][vc_column_inner offset=\u00a0\u00bbvc_hidden-lg vc_hidden-md vc_hidden-sm\u00a0\u00bb][vc_empty_space height=\u00a0\u00bb30px\u00a0\u00bb][\/vc_column_inner][\/vc_row_inner][\/vc_column][\/vc_row][vc_row css_animation=\u00a0\u00bb\u00a0\u00bb row_type=\u00a0\u00bbrow\u00a0\u00bb use_row_as_full_screen_section=\u00a0\u00bbno\u00a0\u00bb type=\u00a0\u00bbgrid\u00a0\u00bb angled_section=\u00a0\u00bbno\u00a0\u00bb text_align=\u00a0\u00bbleft\u00a0\u00bb background_image_as_pattern=\u00a0\u00bbwithout_pattern\u00a0\u00bb z_index=\u00a0\u00bb\u00a0\u00bb css=\u00a0\u00bb.vc_custom_1580466169518{padding-bottom: 71px !important;}\u00a0\u00bb][vc_column width=\u00a0\u00bb5\/6&Prime; offset=\u00a0\u00bbvc_col-lg-offset-2 vc_col-lg-8 vc_col-md-offset-1 vc_col-md-10 vc_col-sm-offset-1 vc_col-xs-12&Prime;][vc_row_inner row_type=\u00a0\u00bbrow\u00a0\u00bb type=\u00a0\u00bbfull_width\u00a0\u00bb text_align=\u00a0\u00bbleft\u00a0\u00bb css_animation=\u00a0\u00bb\u00a0\u00bb][vc_column_inner][vc_empty_space height=\u00a0\u00bb100px\u00a0\u00bb el_class=\u00a0\u00bbhideMobile\u00a0\u00bb][vc_empty_space height=\u00a0\u00bb21px\u00a0\u00bb][\/vc_column_inner][\/vc_row_inner][vc_column_text]<\/p>\n<h1 style=\"text-align: center;\">Notre exp\u00e9rience<\/h1>\n<p>[\/vc_column_text][vc_empty_space height=\u00a0\u00bb27px\u00a0\u00bb][vc_column_text]<\/p>\n<h4 style=\"text-align: center;\">Nous sommes soutenus par une trajectoire forg\u00e9e bas\u00e9e sur l&rsquo;offre des meilleures garanties et un service apr\u00e8s-vente imbattable.<\/h4>\n<p>[\/vc_column_text][\/vc_column][\/vc_row][vc_row css_animation=\u00a0\u00bb\u00a0\u00bb row_type=\u00a0\u00bbrow\u00a0\u00bb use_row_as_full_screen_section=\u00a0\u00bbno\u00a0\u00bb type=\u00a0\u00bbfull_width\u00a0\u00bb angled_section=\u00a0\u00bbno\u00a0\u00bb text_align=\u00a0\u00bbleft\u00a0\u00bb background_image_as_pattern=\u00a0\u00bbwithout_pattern\u00a0\u00bb css=\u00a0\u00bb.vc_custom_1576495157632{padding-right: 0px !important;padding-left: 35px !important;background-color: #1d1d1d !important;}\u00a0\u00bb z_index=\u00a0\u00bb\u00a0\u00bb][vc_column css=\u00a0\u00bb.vc_custom_1580465989835{padding-top: 0px !important;padding-right: 0px !important;padding-bottom: 0px !important;padding-left: 0px !important;background-color: #181818 !important;}\u00a0\u00bb offset=\u00a0\u00bbvc_col-lg-offset-0 vc_col-lg-6 vc_col-md-offset-0 vc_col-md-12 vc_col-sm-offset-0 vc_col-xs-12 vc_hidden-xs\u00a0\u00bb][qode_elements_holder number_of_columns=\u00a0\u00bbone_column\u00a0\u00bb][qode_elements_holder_item advanced_animations=\u00a0\u00bbno\u00a0\u00bb background_color=\u00a0\u00bb#1d1d1d\u00a0\u00bb item_padding=\u00a0\u00bb105px 27% 105px 17%\u00a0\u00bb item_padding_1280_1440=\u00a0\u00bb90px 15% 91px 10%\u00a0\u00bb item_padding_1024_1280=\u00a0\u00bb57px 15% 65px 10%\u00a0\u00bb item_padding_768_1024=\u00a0\u00bb58px 39% 68px 12%\u00a0\u00bb item_padding_600_768=\u00a0\u00bb68px 18% 85px 12%\u00a0\u00bb item_padding_480=\u00a0\u00bb122px 9% 137px 12%\u00a0\u00bb][vc_column_text]<\/p>\n<h1><span style=\"color: #ffffff;\">LE SEMI-REMOLQUE CAPILLAIRE<\/span><\/h1>\n<p>[\/vc_column_text][vc_empty_space height=\u00a0\u00bb29px\u00a0\u00bb][vc_column_text]<span style=\"color: #ffffff;\"><strong>Aucar Trailer SL<\/strong> est l&rsquo;unique entreprise espagnole qui dessine, d\u00e9velope et fabrique des v\u00e9hicles exclusivement destin\u00e9s aux auto-\u00e9coles.<\/span><\/p>\n<p>&nbsp;<\/p>\n<p><span style=\"color: #ffffff;\">Dans nos bureaux centraux de Barcelone, notre \u00e9quipe technique dessine, coordonne et supervise chaque travail en se basant sur les standards de qualit\u00e9 les plus rigoureux.<\/span><\/p>\n<p>&nbsp;<\/p>\n<p><span style=\"color: #ffffff;\">Nous poss\u00e9dons de vastes connaissances des lois relatives aux v\u00e9hicles pour auto-\u00e9coles et c&rsquo;est pourquoi tous nos produits respectent strictement les normes europ\u00e9ennes.<\/span>[\/vc_column_text][vc_empty_space height=\u00a0\u00bb40px\u00a0\u00bb]<a  itemprop=\"url\" href=\"\/fr\/contact\/\" target=\"_self\" data-hover-color=#ffffff class=\"qbutton  default\" style=\"color: #ffffff; border-color: #ffffff; \">Contact<\/a>[\/qode_elements_holder_item][\/qode_elements_holder][\/vc_column][vc_column css=\u00a0\u00bb.vc_custom_1580465996554{margin-right: 0px !important;padding-top: 0px !important;padding-right: 0px !important;padding-bottom: 0px !important;padding-left: 0px !important;background-color: #1d1d1d !important;}\u00a0\u00bb offset=\u00a0\u00bbvc_col-lg-offset-0 vc_col-lg-6 vc_col-md-offset-0 vc_col-md-12 vc_col-sm-offset-0 vc_col-xs-12 vc_hidden-xs\u00a0\u00bb][qode_elements_holder number_of_columns=\u00a0\u00bbone_column\u00a0\u00bb][qode_elements_holder_item advanced_animations=\u00a0\u00bbno\u00a0\u00bb item_padding=\u00a0\u00bb0px 0px 0px 0px\u00a0\u00bb]<div class=\"qode_video_box\">\n\t<a itemprop=\"image\" class=\"qode_video_image\" href=\"https:\/\/www.youtube.com\/watch?v=6Cf3MKgqFtQ&#038;t=3s\" data-rel=\"prettyPhoto\">\n\t\t\t\n\t\t\t<img decoding=\"async\" src=\"https:\/\/aucartrailer.com\/wp-content\/uploads\/2020\/01\/policarhome-1.jpg\" \/>\n\t\t\t<span class=\"qode_video_box_button_holder\">\n\t\t\t\t<span class=\"qode_video_box_button\">\n\t\t\t\t\t<span class=\"qode_video_box_button_arrow\">\n\t\t\t\t\t<\/span>\n\t\t\t\t<\/span>\n\t\t\t<\/span>\n\t\t\t<\/a>\n<\/div>[\/qode_elements_holder_item][\/qode_elements_holder][\/vc_column][\/vc_row][vc_row css_animation=\u00a0\u00bb\u00a0\u00bb row_type=\u00a0\u00bbrow\u00a0\u00bb use_row_as_full_screen_section=\u00a0\u00bbno\u00a0\u00bb type=\u00a0\u00bbfull_width\u00a0\u00bb angled_section=\u00a0\u00bbno\u00a0\u00bb text_align=\u00a0\u00bbleft\u00a0\u00bb background_image_as_pattern=\u00a0\u00bbwithout_pattern\u00a0\u00bb css=\u00a0\u00bb.vc_custom_1580391488605{background-color: #1d1d1d !important;}\u00a0\u00bb z_index=\u00a0\u00bb\u00a0\u00bb][vc_column offset=\u00a0\u00bbvc_hidden-lg vc_hidden-md vc_hidden-sm\u00a0\u00bb]<div class=\"qode_video_box\">\n\t<a itemprop=\"image\" class=\"qode_video_image\" href=\"https:\/\/www.youtube.com\/watch?v=6Cf3MKgqFtQ&#038;t=3s\" data-rel=\"prettyPhoto\">\n\t\t\t\n\t\t\t<img decoding=\"async\" src=\"https:\/\/aucartrailer.com\/wp-content\/uploads\/2020\/01\/policarhome-1.jpg\" \/>\n\t\t\t<span class=\"qode_video_box_button_holder\">\n\t\t\t\t<span class=\"qode_video_box_button\">\n\t\t\t\t\t<span class=\"qode_video_box_button_arrow\">\n\t\t\t\t\t<\/span>\n\t\t\t\t<\/span>\n\t\t\t<\/span>\n\t\t\t<\/a>\n<\/div>[vc_row_inner row_type=\u00a0\u00bbrow\u00a0\u00bb type=\u00a0\u00bbfull_width\u00a0\u00bb text_align=\u00a0\u00bbleft\u00a0\u00bb css_animation=\u00a0\u00bb\u00a0\u00bb css=\u00a0\u00bb.vc_custom_1580391880268{padding-top: 40px !important;padding-right: 40px !important;padding-bottom: 40px !important;padding-left: 40px !important;}\u00a0\u00bb][vc_column_inner offset=\u00a0\u00bbvc_hidden-lg vc_hidden-md vc_hidden-sm\u00a0\u00bb][vc_column_text]<\/p>\n<h1><span style=\"color: #ffffff;\">LE SEMI-REMOLQUE CAPILLAIRE<\/span><\/h1>\n<p>[\/vc_column_text][vc_empty_space height=\u00a0\u00bb29px\u00a0\u00bb][vc_column_text]<span style=\"color: #ffffff;\"><strong>Aucar Trailer SL<\/strong> est l&rsquo;unique entreprise espagnole qui dessine, d\u00e9velope et fabrique des v\u00e9hicles exclusivement destin\u00e9s aux auto-\u00e9coles.<\/span><\/p>\n<p>&nbsp;<\/p>\n<p><span style=\"color: #ffffff;\">Dans nos bureaux centraux de Barcelone, notre \u00e9quipe technique dessine, coordonne et supervise chaque travail en se basant sur les standards de qualit\u00e9 les plus rigoureux.<\/span><\/p>\n<p>&nbsp;<\/p>\n<p><span style=\"color: #ffffff;\">Nous poss\u00e9dons de vastes connaissances des lois relatives aux v\u00e9hicles pour auto-\u00e9coles et c&rsquo;est pourquoi tous nos produits respectent strictement les normes europ\u00e9ennes.<\/span>[\/vc_column_text][vc_empty_space height=\u00a0\u00bb40px\u00a0\u00bb]<a  itemprop=\"url\" href=\"\/fr\/contact\/\" target=\"_self\" data-hover-color=#ffffff class=\"qbutton  default\" style=\"color: #ffffff; border-color: #ffffff; \">Contact<\/a>[\/vc_column_inner][\/vc_row_inner][\/vc_column][\/vc_row]<\/p>\n<\/div>","protected":false},"excerpt":{"rendered":"<p>[vc_row css_animation=\u00a0\u00bb\u00a0\u00bb row_type=\u00a0\u00bbrow\u00a0\u00bb use_row_as_full_screen_section=\u00a0\u00bbno\u00a0\u00bb type=\u00a0\u00bbfull_width\u00a0\u00bb angled_section=\u00a0\u00bbno\u00a0\u00bb text_align=\u00a0\u00bbleft\u00a0\u00bb background_image_as_pattern=\u00a0\u00bbwithout_pattern\u00a0\u00bb][vc_column][vc_row_inner row_type=\u00a0\u00bbrow\u00a0\u00bb type=\u00a0\u00bbfull_width\u00a0\u00bb text_align=\u00a0\u00bbleft\u00a0\u00bb css_animation=\u00a0\u00bb\u00a0\u00bb][vc_column_inner][vc_empty_space height=\u00a0\u00bb100px\u00a0\u00bb el_class=\u00a0\u00bbhideMobile\u00a0\u00bb][vc_empty_space height=\u00a0\u00bb61px\u00a0\u00bb][\/vc_column_inner][\/vc_row_inner][\/vc_column][\/vc_row][vc_row css_animation=\u00a0\u00bb\u00a0\u00bb row_type=\u00a0\u00bbrow\u00a0\u00bb use_row_as_full_screen_section=\u00a0\u00bbno\u00a0\u00bb type=\u00a0\u00bbgrid\u00a0\u00bb angled_section=\u00a0\u00bbno\u00a0\u00bb text_align=\u00a0\u00bbleft\u00a0\u00bb background_image_as_pattern=\u00a0\u00bbwithout_pattern\u00a0\u00bb z_index=\u00a0\u00bb\u00a0\u00bb css=\u00a0\u00bb.vc_custom_1580466120950{padding-bottom: 123px !important;}\u00a0\u00bb][vc_column width=\u00a0\u00bb1\/2&Prime; offset=\u00a0\u00bbvc_col-lg-offset-0 vc_col-lg-3 vc_col-md-offset-0 vc_col-md-6 vc_col-sm-offset-0 vc_col-xs-12&Prime;][vc_single_image image=\u00a0\u00bb416&Prime; alignment=\u00a0\u00bbcenter\u00a0\u00bb onclick=\u00a0\u00bbcustom_link\u00a0\u00bb qode_css_animation=\u00a0\u00bb\u00a0\u00bb link=\u00a0\u00bb\/fr\/entreprise\/\u00a0\u00bb][vc_empty_space height=\u00a0\u00bb15px\u00a0\u00bb][vc_column_text] Qui nous sommes [\/vc_column_text][vc_empty_space height=\u00a0\u00bb5px\u00a0\u00bb][vc_column_text] Pionnier&#8230;<\/p>\n","protected":false},"author":1,"featured_media":0,"parent":0,"menu_order":0,"comment_status":"closed","ping_status":"closed","template":"full_width.php","meta":{"footnotes":""},"class_list":["post-391","page","type-page","status-publish","hentry"],"_links":{"self":[{"href":"https:\/\/aucartrailer.com\/fr\/wp-json\/wp\/v2\/pages\/391","targetHints":{"allow":["GET"]}}],"collection":[{"href":"https:\/\/aucartrailer.com\/fr\/wp-json\/wp\/v2\/pages"}],"about":[{"href":"https:\/\/aucartrailer.com\/fr\/wp-json\/wp\/v2\/types\/page"}],"author":[{"embeddable":true,"href":"https:\/\/aucartrailer.com\/fr\/wp-json\/wp\/v2\/users\/1"}],"replies":[{"embeddable":true,"href":"https:\/\/aucartrailer.com\/fr\/wp-json\/wp\/v2\/comments?post=391"}],"version-history":[{"count":16,"href":"https:\/\/aucartrailer.com\/fr\/wp-json\/wp\/v2\/pages\/391\/revisions"}],"predecessor-version":[{"id":2592,"href":"https:\/\/aucartrailer.com\/fr\/wp-json\/wp\/v2\/pages\/391\/revisions\/2592"}],"wp:attachment":[{"href":"https:\/\/aucartrailer.com\/fr\/wp-json\/wp\/v2\/media?parent=391"}],"curies":[{"name":"wp","href":"https:\/\/api.w.org\/{rel}","templated":true}]}}