{"id":2270,"date":"2019-10-25T09:14:22","date_gmt":"2019-10-25T09:14:22","guid":{"rendered":"https:\/\/aucartrailer.com\/cookies-policy\/"},"modified":"2020-01-17T12:45:01","modified_gmt":"2020-01-17T12:45:01","slug":"politique-des-cookies","status":"publish","type":"page","link":"https:\/\/aucartrailer.com\/fr\/politique-des-cookies\/","title":{"rendered":"Politique des cookies"},"content":{"rendered":"<div class=\"wpb-content-wrapper\"><p>[vc_row css_animation=\u00a0\u00bb\u00a0\u00bb row_type=\u00a0\u00bbrow\u00a0\u00bb use_row_as_full_screen_section=\u00a0\u00bbno\u00a0\u00bb type=\u00a0\u00bbgrid\u00a0\u00bb angled_section=\u00a0\u00bbno\u00a0\u00bb text_align=\u00a0\u00bbleft\u00a0\u00bb background_image_as_pattern=\u00a0\u00bbwithout_pattern\u00a0\u00bb z_index=\u00a0\u00bb\u00a0\u00bb css=\u00a0\u00bb.vc_custom_1571924590472{margin-top: 50px !important;}\u00a0\u00bb][vc_column width=\u00a0\u00bb1\/4&Prime;][vc_separator type=\u00a0\u00bbnormal\u00a0\u00bb color=\u00a0\u00bb#d71f26&Prime; thickness=\u00a0\u00bb2&Prime; up=\u00a0\u00bb30&Prime;][\/vc_column][vc_column width=\u00a0\u00bb1\/2&Prime;][vc_column_text]<\/p>\n<h1 style=\"text-align: center;\">Politique des cookies<\/h1>\n<p>[\/vc_column_text][\/vc_column][vc_column width=\u00a0\u00bb1\/4&Prime;][vc_separator type=\u00a0\u00bbnormal\u00a0\u00bb color=\u00a0\u00bb#d71f26&Prime; thickness=\u00a0\u00bb2&Prime; up=\u00a0\u00bb30&Prime;][\/vc_column][\/vc_row][vc_row css_animation=\u00a0\u00bb\u00a0\u00bb row_type=\u00a0\u00bbrow\u00a0\u00bb use_row_as_full_screen_section=\u00a0\u00bbno\u00a0\u00bb type=\u00a0\u00bbgrid\u00a0\u00bb angled_section=\u00a0\u00bbno\u00a0\u00bb text_align=\u00a0\u00bbleft\u00a0\u00bb background_image_as_pattern=\u00a0\u00bbwithout_pattern\u00a0\u00bb z_index=\u00a0\u00bb\u00a0\u00bb][vc_column][vc_column_text css=\u00a0\u00bb.vc_custom_1579264915641{margin-top: 35px !important;margin-right: 30px !important;}\u00a0\u00bb]Ce site web utilise des cookies tiers pour analyser la navigation de l\u2019utilisateur. Avec une simple utilisation (en utilisant le navigateur habilit\u00e9 \u00e0 accepter les cookies), l\u2019utilisateur accepte l\u2019installation de cookies, \u00e0 moins que vous vous y opposiez, comme indiqu\u00e9 dans cette politique de cookies.<\/p>\n<p>&nbsp;<\/p>\n<p>Cette politique est destin\u00e9e \u00e0 vous informer de mani\u00e8re claire et concise le sujet des cookies qui sont utilis\u00e9s sur notre site web.[\/vc_column_text][vc_column_text css=\u00a0\u00bb.vc_custom_1579264923752{margin-top: 35px !important;margin-right: 30px !important;}\u00a0\u00bb]<\/p>\n<h3 style=\"text-align: left;\">Qu\u2019est ce qu\u2019un cookie?<\/h3>\n<p>[\/vc_column_text][vc_column_text css=\u00a0\u00bb.vc_custom_1579264933271{margin-top: 35px !important;margin-right: 30px !important;}\u00a0\u00bb]<\/p>\n<p style=\"text-align: left;\">Un cookie est un fichier qui est t\u00e9l\u00e9charg\u00e9 sur l\u2019ordinateur \/ smartphone \/ tablette de l\u2019utilisateur quand il acc\u00e8de \u00e0 certaines pages web pour stocker et r\u00e9cuperer les informations sur la navigation qui a \u00e9t\u00e9 effectu\u00e9 depuis cet appareil.<\/p>\n<p>[\/vc_column_text][vc_column_text css=\u00a0\u00bb.vc_custom_1579264942568{margin-top: 35px !important;margin-right: 30px !important;}\u00a0\u00bb]<\/p>\n<h3 style=\"text-align: left;\">Cookies utilis\u00e9s<\/h3>\n<p>[\/vc_column_text][vc_column_text css=\u00a0\u00bb.vc_custom_1579264953625{margin-top: 35px !important;margin-right: 30px !important;}\u00a0\u00bb]<\/p>\n<div class=\"wpb_text_column wpb_content_element \">\n<div class=\"wpb_wrapper\">\n<p>Ce site web utilise des cookies analytiques tiers (Google analytics) pour recueillir des statistiques sur l\u2019activit\u00e9 de l\u2019utilisateur durant la visite de notre site et l\u2019activit\u00e9 g\u00e9n\u00e9rale de ce site. L\u2019information r\u00e9cup\u00e9r\u00e9e est anonyme et permet d\u2019optimiser la navigation de notre site web. Gr\u00e2ce \u00e0 ces analyses, nous pouvons \u00e9tudier la navigation du site et ainsi am\u00e9liorer les produits et services que nous offrons.<\/p>\n<\/div>\n<\/div>\n<p>[\/vc_column_text][vc_column_text css=\u00a0\u00bb.vc_custom_1579264963711{margin-top: 35px !important;margin-right: 30px !important;}\u00a0\u00bb]<\/p>\n<h3 style=\"text-align: left;\">Configuration des cookies<\/h3>\n<p>[\/vc_column_text][vc_column_text css=\u00a0\u00bb.vc_custom_1579265044498{margin-top: 35px !important;margin-right: 30px !important;}\u00a0\u00bb]A tout moment, vous pouvez autoriser, bloquer ou \u00e9liminer les cookies install\u00e9s sur votre ordinateur \u00e0 l\u2019aide de la configuration des options de votre navigateur internet. De plus, l\u2019utilisateur peut activer:<\/p>\n<p>&nbsp;<\/p>\n<ul style=\"margin-left: 30;\">\n<li class=\"liTiny\">la navigation priv\u00e9e, avec laquelle votre navigateur n\u2019actualisera pas l\u2019historique de navigation, les mots de passe des sites web, les cookies et autres informations des pages que vous visitez, ou<\/li>\n<li class=\"liTiny\">la fonction de non balayage, par laquelle le navigateur demande aux sites web que vous visitez de ne pas suivre vos habitudes de navigation, pour par exemple, servir la publicit\u00e9 de votre int\u00e9r\u00eat pour les sites que vous visitez.<\/li>\n<\/ul>\n<p>&nbsp;<\/p>\n<p>Ci dessous, nous avons inclus les liens pour g\u00e9rer les cookies dans les navigateurs les plus importants:<\/p>\n<p>&nbsp;<\/p>\n<ul style=\"margin-left: 30;\">\n<li class=\"liTiny\">Google Chrome<br \/>\n<a href=\"https:\/\/support.google.com\/chrome\/answer\/95647?hl=fr\" target=\"_blank\" rel=\"noopener noreferrer\">https:\/\/support.google.com\/chrome\/answer\/95647?hl=fr<\/a><\/li>\n<li class=\"liTiny\">Mozilla Firefox<br \/>\n<a href=\"https:\/\/support.mozilla.org\/fr\/kb\/activer-desactiver-cookies\" target=\"_blank\" rel=\"noopener noreferrer\">https:\/\/support.mozilla.org\/fr\/kb\/activer-desactiver-cookies<\/a><\/li>\n<li class=\"liTiny\">Internet Explorer<br \/>\n<a href=\"http:\/\/windows.microsoft.com\/fr-fr\/windows-vista\/block-or-allow-cookies\" target=\"_blank\" rel=\"noopener noreferrer\">http:\/\/windows.microsoft.com\/fr-fr\/windows-vista\/block-or-allow-cookies<\/a><\/li>\n<li class=\"liTiny\">Safari<br \/>\n<a href=\"http:\/\/support.apple.com\/kb\/ph5042\" target=\"_blank\" rel=\"noopener noreferrer\">http:\/\/support.apple.com\/kb\/ph5042<\/a><\/li>\n<\/ul>\n<p>&nbsp;<\/p>\n<p>Notez que si vous refusez l\u00b4installation des cookies, vous pourrez toujours utiliser notre site web, bien que l\u00b4utilisation de certains services puisse \u00eatre limit\u00e9e.[\/vc_column_text][vc_column_text css=\u00a0\u00bb.vc_custom_1579265052702{margin-top: 35px !important;margin-right: 30px !important;}\u00a0\u00bb]<\/p>\n<h3 style=\"text-align: left;\">Description technique des cookies utilis\u00e9s<\/h3>\n<p>[\/vc_column_text][vc_column_text css=\u00a0\u00bb.vc_custom_1579265084361{margin-top: 35px !important;margin-right: 30px !important;}\u00a0\u00bb]<\/p>\n<table class=\"taulaCookies\" style=\"font-size: 12px;\" border=\"0\" cellspacing=\"0\" cellpadding=\"5\">\n<tbody>\n<tr>\n<td class=\"tit\" style=\"width: 60px;\"><span style=\"vertical-align: inherit;\"><span style=\"vertical-align: inherit;\"><strong>Nom<\/strong><\/span><\/span><\/td>\n<td class=\"tit\" style=\"width: 60px;\"><span style=\"vertical-align: inherit;\"><span style=\"vertical-align: inherit;\"><strong>Propri\u00e9taire<\/strong><\/span><\/span><\/td>\n<td class=\"tit\" style=\"width: 220px;\"><span style=\"vertical-align: inherit;\"><span style=\"vertical-align: inherit;\"><strong>Dur\u00e9e<\/strong><\/span><\/span><\/td>\n<td class=\"tit\" style=\"width: 580px;\"><span style=\"vertical-align: inherit;\"><span style=\"vertical-align: inherit;\"><strong>But<\/strong><\/span><\/span><\/td>\n<\/tr>\n<tr>\n<td style=\"text-align: left;\"><span style=\"vertical-align: inherit;\"><span style=\"vertical-align: inherit;\">_ga<\/span><\/span><\/td>\n<td style=\"text-align: left;\"><span style=\"vertical-align: inherit;\"><span style=\"vertical-align: inherit;\">google<\/span><\/span><\/td>\n<td style=\"text-align: left;\"><span style=\"vertical-align: inherit;\"><span style=\"vertical-align: inherit;\">2 ans<\/span><\/span><\/td>\n<td style=\"text-align: left;\">Il est utilis\u00e9 pour contr\u00f4ler les visiteurs uniques du Web, stocke un identifiant client unique.<\/td>\n<\/tr>\n<tr>\n<td style=\"text-align: left;\"><span style=\"vertical-align: inherit;\"><span style=\"vertical-align: inherit;\">_gat<\/span><\/span><\/td>\n<td style=\"text-align: left;\"><span style=\"vertical-align: inherit;\"><span style=\"vertical-align: inherit;\">google<\/span><\/span><\/td>\n<td style=\"text-align: left;\"><span style=\"vertical-align: inherit;\"><span style=\"vertical-align: inherit;\">10 minutes<\/span><\/span><\/td>\n<td style=\"text-align: left;\">Il est utilis\u00e9 pour diff\u00e9rencier les diff\u00e9rents objets de suivi cr\u00e9\u00e9s dans la session.<\/td>\n<\/tr>\n<tr>\n<td style=\"text-align: left;\"><span style=\"vertical-align: inherit;\"><span style=\"vertical-align: inherit;\">_gid<\/span><\/span><\/td>\n<td style=\"text-align: left;\"><span style=\"vertical-align: inherit;\"><span style=\"vertical-align: inherit;\">google<\/span><\/span><\/td>\n<td style=\"text-align: left;\"><span style=\"vertical-align: inherit;\"><span style=\"vertical-align: inherit;\">24 heures<\/span><\/span><\/td>\n<td style=\"text-align: left;\">Il est utilis\u00e9 pour distinguer les utilisateurs.<\/td>\n<\/tr>\n<tr>\n<td style=\"text-align: left;\"><span style=\"vertical-align: inherit;\"><span style=\"vertical-align: inherit;\">cookielawinfo-checkbox-non-necessary<\/span><\/span><\/td>\n<td style=\"text-align: left;\"><span style=\"vertical-align: inherit;\"><span style=\"vertical-align: inherit;\">wordpress<\/span><\/span><\/td>\n<td style=\"text-align: left;\">session<\/td>\n<td style=\"text-align: left;\">Enregistrer les informations de l\u2019utilisateur sur l\u2019acceptation des cookies<\/td>\n<\/tr>\n<tr>\n<td style=\"text-align: left;\"><span style=\"vertical-align: inherit;\"><span style=\"vertical-align: inherit;\">viewed_cookie_policy<\/span><\/span><\/td>\n<td style=\"text-align: left;\"><span style=\"vertical-align: inherit;\">wordpress<\/span><\/td>\n<td style=\"text-align: left;\"><span style=\"vertical-align: inherit;\"><span style=\"vertical-align: inherit;\">1 ann\u00e9e<\/span><\/span><\/td>\n<td style=\"text-align: left;\">Enregistrer les informations de l\u2019utilisateur sur l\u2019acceptation des cookies<\/td>\n<\/tr>\n<tr>\n<td style=\"text-align: left;\">cookielawinfo-checkbox-necessary<\/td>\n<td style=\"text-align: left;\"><span style=\"vertical-align: inherit;\">wordpress<\/span><\/td>\n<td style=\"text-align: left;\"><span style=\"vertical-align: inherit;\"><span style=\"vertical-align: inherit;\">1 heure<\/span><\/span><\/td>\n<td style=\"text-align: left;\">Enregistrer les informations de l\u2019utilisateur sur l\u2019acceptation des cookies<\/td>\n<\/tr>\n<tr>\n<td style=\"text-align: left;\">IDE<\/td>\n<td style=\"text-align: left;\"><span style=\"vertical-align: inherit;\">doubleclick<\/span><\/td>\n<td style=\"text-align: left;\"><span style=\"vertical-align: inherit;\"><span style=\"vertical-align: inherit;\">1 ann\u00e9e<\/span><\/span><\/td>\n<td style=\"text-align: left;\">Ils annoncent des cookies; Ils sont utilis\u00e9s pour am\u00e9liorer la publicit\u00e9. Souvent , ils utilis\u00e9s pour cibler la publicit\u00e9 en fonction du contenu qui est pertinent \u00e0 un utilisateur, d\u2019 am\u00e9liorer les rapports sur les performances des campagnes et pour \u00e9viter la diffusion d\u2019 annonces que l\u2019utilisateur a d\u00e9j\u00e0 vu<br \/>\nplus sur les cookies Doubleclick en https:\/\/goo.gl\/ 2aiHzY<\/td>\n<\/tr>\n<tr>\n<td style=\"text-align: left;\">1P_JAR<\/td>\n<td style=\"text-align: left;\"><span style=\"vertical-align: inherit;\">google<\/span><\/td>\n<td style=\"text-align: left;\"><span style=\"vertical-align: inherit;\"><span style=\"vertical-align: inherit;\">1 ann\u00e9e<\/span><\/span><\/td>\n<td style=\"text-align: left;\">Transf\u00e9rer des donn\u00e9es vers Google.<\/td>\n<\/tr>\n<tr>\n<td style=\"text-align: left;\">ANID<\/td>\n<td style=\"text-align: left;\"><span style=\"vertical-align: inherit;\">google<\/span><\/td>\n<td style=\"text-align: left;\"><span style=\"vertical-align: inherit;\"><span style=\"vertical-align: inherit;\">1 ann\u00e9e<\/span><\/span><\/td>\n<td style=\"text-align: left;\">Il contient une valeur unique g\u00e9n\u00e9r\u00e9e al\u00e9atoirement qui permet \u00e0 la plate-forme de distinguer les navigateurs et les p\u00e9riph\u00e9riques. Ces informations sont utilis\u00e9es pour mesurer les performances des annonces et fournir des recommandations concernant les produits bas\u00e9es sur des donn\u00e9es statistiques.<\/td>\n<\/tr>\n<tr>\n<td style=\"text-align: left;\">CONSENT<\/td>\n<td style=\"text-align: left;\"><span style=\"vertical-align: inherit;\">google<\/span><\/td>\n<td style=\"text-align: left;\"><span style=\"vertical-align: inherit;\"><span style=\"vertical-align: inherit;\">20 ans<\/span><\/span><\/td>\n<td style=\"text-align: left;\">Le cookie Google Maps est utilis\u00e9 pour le fonctionnement de la carte Google sur la page de contact.<\/td>\n<\/tr>\n<tr>\n<td style=\"text-align: left;\">NID<\/td>\n<td style=\"text-align: left;\"><span style=\"vertical-align: inherit;\">google<\/span><\/td>\n<td style=\"text-align: left;\"><span style=\"vertical-align: inherit;\"><span style=\"vertical-align: inherit;\">1 ann\u00e9e<\/span><\/span><\/td>\n<td style=\"text-align: left;\">Affichage de la carte \u00e0 l\u2019aide de Google Maps.<\/td>\n<\/tr>\n<\/tbody>\n<\/table>\n<p>[\/vc_column_text][vc_column_text css=\u00a0\u00bb.vc_custom_1579265098591{margin-top: 35px !important;margin-right: 30px !important;}\u00a0\u00bb]Les informations de cookies utilis\u00e9es sont extraites de:<\/p>\n<p><a href=\"https:\/\/developers.google.com\/analytics\/devguides\/collection\/analyticsjs\/cookie-usage#gajs\">https:\/\/developers.google.com\/analytics\/devguides\/collection\/analyticsjs\/cookie-usage#gajs<\/a>[\/vc_column_text][vc_separator type=\u00a0\u00bbtransparent\u00a0\u00bb down=\u00a0\u00bb40&Prime;][\/vc_column][\/vc_row]<\/p>\n<\/div>","protected":false},"excerpt":{"rendered":"<p>[vc_row css_animation=\u00a0\u00bb\u00a0\u00bb row_type=\u00a0\u00bbrow\u00a0\u00bb use_row_as_full_screen_section=\u00a0\u00bbno\u00a0\u00bb type=\u00a0\u00bbgrid\u00a0\u00bb angled_section=\u00a0\u00bbno\u00a0\u00bb text_align=\u00a0\u00bbleft\u00a0\u00bb background_image_as_pattern=\u00a0\u00bbwithout_pattern\u00a0\u00bb z_index=\u00a0\u00bb\u00a0\u00bb css=\u00a0\u00bb.vc_custom_1571924590472{margin-top: 50px !important;}\u00a0\u00bb][vc_column width=\u00a0\u00bb1\/4&Prime;][vc_separator type=\u00a0\u00bbnormal\u00a0\u00bb color=\u00a0\u00bb#d71f26&Prime; thickness=\u00a0\u00bb2&Prime; up=\u00a0\u00bb30&Prime;][\/vc_column][vc_column width=\u00a0\u00bb1\/2&Prime;][vc_column_text] Politique des cookies [\/vc_column_text][\/vc_column][vc_column width=\u00a0\u00bb1\/4&Prime;][vc_separator type=\u00a0\u00bbnormal\u00a0\u00bb color=\u00a0\u00bb#d71f26&Prime; thickness=\u00a0\u00bb2&Prime; up=\u00a0\u00bb30&Prime;][\/vc_column][\/vc_row][vc_row css_animation=\u00a0\u00bb\u00a0\u00bb row_type=\u00a0\u00bbrow\u00a0\u00bb use_row_as_full_screen_section=\u00a0\u00bbno\u00a0\u00bb type=\u00a0\u00bbgrid\u00a0\u00bb angled_section=\u00a0\u00bbno\u00a0\u00bb text_align=\u00a0\u00bbleft\u00a0\u00bb background_image_as_pattern=\u00a0\u00bbwithout_pattern\u00a0\u00bb z_index=\u00a0\u00bb\u00a0\u00bb][vc_column][vc_column_text css=\u00a0\u00bb.vc_custom_1579264915641{margin-top: 35px !important;margin-right: 30px !important;}\u00a0\u00bb]Ce site web utilise des cookies&#8230;<\/p>\n","protected":false},"author":1,"featured_media":0,"parent":0,"menu_order":0,"comment_status":"closed","ping_status":"closed","template":"full_width.php","meta":{"footnotes":""},"class_list":["post-2270","page","type-page","status-publish","hentry"],"_links":{"self":[{"href":"https:\/\/aucartrailer.com\/fr\/wp-json\/wp\/v2\/pages\/2270","targetHints":{"allow":["GET"]}}],"collection":[{"href":"https:\/\/aucartrailer.com\/fr\/wp-json\/wp\/v2\/pages"}],"about":[{"href":"https:\/\/aucartrailer.com\/fr\/wp-json\/wp\/v2\/types\/page"}],"author":[{"embeddable":true,"href":"https:\/\/aucartrailer.com\/fr\/wp-json\/wp\/v2\/users\/1"}],"replies":[{"embeddable":true,"href":"https:\/\/aucartrailer.com\/fr\/wp-json\/wp\/v2\/comments?post=2270"}],"version-history":[{"count":5,"href":"https:\/\/aucartrailer.com\/fr\/wp-json\/wp\/v2\/pages\/2270\/revisions"}],"predecessor-version":[{"id":2275,"href":"https:\/\/aucartrailer.com\/fr\/wp-json\/wp\/v2\/pages\/2270\/revisions\/2275"}],"wp:attachment":[{"href":"https:\/\/aucartrailer.com\/fr\/wp-json\/wp\/v2\/media?parent=2270"}],"curies":[{"name":"wp","href":"https:\/\/api.w.org\/{rel}","templated":true}]}}