{"id":2241,"date":"2019-10-25T09:14:38","date_gmt":"2019-10-25T09:14:38","guid":{"rendered":"https:\/\/aucartrailer.com\/legal-notice\/"},"modified":"2020-01-17T12:12:29","modified_gmt":"2020-01-17T12:12:29","slug":"mentions-legales","status":"publish","type":"page","link":"https:\/\/aucartrailer.com\/fr\/mentions-legales\/","title":{"rendered":"Mentions l\u00e9gales"},"content":{"rendered":"<div class=\"wpb-content-wrapper\"><p>[vc_row css_animation=\u00a0\u00bb\u00a0\u00bb row_type=\u00a0\u00bbrow\u00a0\u00bb use_row_as_full_screen_section=\u00a0\u00bbno\u00a0\u00bb type=\u00a0\u00bbgrid\u00a0\u00bb angled_section=\u00a0\u00bbno\u00a0\u00bb text_align=\u00a0\u00bbleft\u00a0\u00bb background_image_as_pattern=\u00a0\u00bbwithout_pattern\u00a0\u00bb z_index=\u00a0\u00bb\u00a0\u00bb css=\u00a0\u00bb.vc_custom_1571924590472{margin-top: 50px !important;}\u00a0\u00bb][vc_column width=\u00a0\u00bb1\/3&Prime;][vc_separator type=\u00a0\u00bbnormal\u00a0\u00bb color=\u00a0\u00bb#d71f26&Prime; thickness=\u00a0\u00bb2&Prime; up=\u00a0\u00bb30&Prime;][\/vc_column][vc_column width=\u00a0\u00bb1\/3&Prime;][vc_column_text]<\/p>\n<h1 style=\"text-align: center;\">Mentions l\u00e9gales<\/h1>\n<p>[\/vc_column_text][\/vc_column][vc_column width=\u00a0\u00bb1\/3&Prime;][vc_separator type=\u00a0\u00bbnormal\u00a0\u00bb color=\u00a0\u00bb#d71f26&Prime; thickness=\u00a0\u00bb2&Prime; up=\u00a0\u00bb30&Prime;][\/vc_column][\/vc_row][vc_row css_animation=\u00a0\u00bb\u00a0\u00bb row_type=\u00a0\u00bbrow\u00a0\u00bb use_row_as_full_screen_section=\u00a0\u00bbno\u00a0\u00bb type=\u00a0\u00bbgrid\u00a0\u00bb angled_section=\u00a0\u00bbno\u00a0\u00bb text_align=\u00a0\u00bbleft\u00a0\u00bb background_image_as_pattern=\u00a0\u00bbwithout_pattern\u00a0\u00bb z_index=\u00a0\u00bb\u00a0\u00bb][vc_column][vc_column_text css=\u00a0\u00bb.vc_custom_1579262940816{margin-top: 35px !important;margin-right: 30px !important;}\u00a0\u00bb]<\/p>\n<h3 style=\"text-align: left;\">Copyrights<\/h3>\n<p>[\/vc_column_text][vc_column_text css=\u00a0\u00bb.vc_custom_1579263081169{margin-top: 35px !important;margin-right: 30px !important;}\u00a0\u00bb]<\/p>\n<p style=\"text-align: left;\">Copyright 2005 Aucar Trailer, tous droits r\u00e9serv\u00e9s. Le texte, les images, les graphiques, les fichiers de son, d\u2019animation, de vid\u00e9o et leur dessin sur le site Web d\u2019Aucar Trailer sont prot\u00e9g\u00e9s par Copyright et assujettis \u00e0 la Loi sur la protection de la propri\u00e9t\u00e9 intellectuelle. Tous ces objets ne pourront \u00eatre ni copi\u00e9s ou distribu\u00e9s de fa\u00e7on valable et l\u00e9gitime, ni modifi\u00e9s ou ins\u00e9r\u00e9s dans d\u2019autres sites Web. Le site Web d\u2019Aucar Trailer peut \u00e9galement contenir des mat\u00e9riels dont le Copyright appartient \u00e0 des tiers.<\/p>\n<p>[\/vc_column_text][vc_column_text css=\u00a0\u00bb.vc_custom_1579263091447{margin-top: 35px !important;margin-right: 30px !important;}\u00a0\u00bb]<\/p>\n<h3 style=\"text-align: left;\">Marques commerciales<\/h3>\n<p>[\/vc_column_text][vc_column_text css=\u00a0\u00bb.vc_custom_1579263099936{margin-top: 35px !important;margin-right: 30px !important;}\u00a0\u00bb]<\/p>\n<p style=\"text-align: left;\">Sauf indication contraire, toutes les marques qui figurent sur le site Web d\u2019Aucar Trailer sont pr\u00e9serv\u00e9es par les droits de leurs fabricants respectifs, y compris toutes les plaques signal\u00e9tiques de mod\u00e8le, logotypes et embl\u00e8mes corporatifs.<\/p>\n<p>[\/vc_column_text][vc_column_text css=\u00a0\u00bb.vc_custom_1579263109863{margin-top: 35px !important;margin-right: 30px !important;}\u00a0\u00bb]<\/p>\n<h3 style=\"text-align: left;\">Brevets<\/h3>\n<p>[\/vc_column_text][vc_column_text css=\u00a0\u00bb.vc_custom_1579263130650{margin-top: 35px !important;margin-right: 30px !important;}\u00a0\u00bb]<\/p>\n<p style=\"text-align: left;\">Le \u00abPolyvalent Europ\u00e9en\u00bb est prot\u00e9g\u00e9 par des dessins communautaires et des mod\u00e8les d\u2019utilit\u00e9 qui d\u00e9fendent toutes ses versions contre toute possibilit\u00e9 de copie. La remorque \u00abEvolution\u00bb est \u00e9galement pr\u00e9serv\u00e9e par le mod\u00e8le d\u2019utilit\u00e9 correspondant.<\/p>\n<p>[\/vc_column_text][vc_column_text css=\u00a0\u00bb.vc_custom_1579263139519{margin-top: 35px !important;margin-right: 30px !important;}\u00a0\u00bb]<\/p>\n<h3 style=\"text-align: left;\">Garanties de contenu<\/h3>\n<p>[\/vc_column_text][vc_column_text css=\u00a0\u00bb.vc_custom_1579263147403{margin-top: 35px !important;margin-right: 30px !important;}\u00a0\u00bb]<\/p>\n<p style=\"text-align: left;\">Toute l\u2019information donn\u00e9e par Aucar Trailer telle qu\u2019elle figure sur le site Web, est offerte \u00e0 titre d\u2019orientation, de fa\u00e7on la plus pr\u00e9cise et actuelle possible mais sans aucune sorte de garantie, implicite ou explicite. En particulier, elle ne constitue pas d\u2019engagement ou de garantie tacite en ce qui concerne la composition ou la disponibilit\u00e9 des produits, l\u2019ad\u00e9quation \u00e0 des usages d\u00e9termin\u00e9s ou le respect des lois et l\u2019observance des brevets. M\u00eame si l\u2019on consid\u00e8re qu\u2019en principe le contenu publi\u00e9 est correct, des erreurs ou des impr\u00e9cisions pourraient s\u2019y \u00eatre gliss\u00e9es. Nous vous sugg\u00e9rons donc de nous contacter pour tout aspect que vous jugeriez opportun.<\/p>\n<p>[\/vc_column_text][vc_separator type=\u00a0\u00bbtransparent\u00a0\u00bb down=\u00a0\u00bb40&Prime;][\/vc_column][\/vc_row]<\/p>\n<\/div>","protected":false},"excerpt":{"rendered":"<p>[vc_row css_animation=\u00a0\u00bb\u00a0\u00bb row_type=\u00a0\u00bbrow\u00a0\u00bb use_row_as_full_screen_section=\u00a0\u00bbno\u00a0\u00bb type=\u00a0\u00bbgrid\u00a0\u00bb angled_section=\u00a0\u00bbno\u00a0\u00bb text_align=\u00a0\u00bbleft\u00a0\u00bb background_image_as_pattern=\u00a0\u00bbwithout_pattern\u00a0\u00bb z_index=\u00a0\u00bb\u00a0\u00bb css=\u00a0\u00bb.vc_custom_1571924590472{margin-top: 50px !important;}\u00a0\u00bb][vc_column width=\u00a0\u00bb1\/3&Prime;][vc_separator type=\u00a0\u00bbnormal\u00a0\u00bb color=\u00a0\u00bb#d71f26&Prime; thickness=\u00a0\u00bb2&Prime; up=\u00a0\u00bb30&Prime;][\/vc_column][vc_column width=\u00a0\u00bb1\/3&Prime;][vc_column_text] Mentions l\u00e9gales [\/vc_column_text][\/vc_column][vc_column width=\u00a0\u00bb1\/3&Prime;][vc_separator type=\u00a0\u00bbnormal\u00a0\u00bb color=\u00a0\u00bb#d71f26&Prime; thickness=\u00a0\u00bb2&Prime; up=\u00a0\u00bb30&Prime;][\/vc_column][\/vc_row][vc_row css_animation=\u00a0\u00bb\u00a0\u00bb row_type=\u00a0\u00bbrow\u00a0\u00bb use_row_as_full_screen_section=\u00a0\u00bbno\u00a0\u00bb type=\u00a0\u00bbgrid\u00a0\u00bb angled_section=\u00a0\u00bbno\u00a0\u00bb text_align=\u00a0\u00bbleft\u00a0\u00bb background_image_as_pattern=\u00a0\u00bbwithout_pattern\u00a0\u00bb z_index=\u00a0\u00bb\u00a0\u00bb][vc_column][vc_column_text css=\u00a0\u00bb.vc_custom_1579262940816{margin-top: 35px !important;margin-right: 30px !important;}\u00a0\u00bb] Copyrights [\/vc_column_text][vc_column_text css=\u00a0\u00bb.vc_custom_1579263081169{margin-top: 35px !important;margin-right: 30px&#8230;<\/p>\n","protected":false},"author":1,"featured_media":0,"parent":0,"menu_order":0,"comment_status":"closed","ping_status":"closed","template":"full_width.php","meta":{"footnotes":""},"class_list":["post-2241","page","type-page","status-publish","hentry"],"_links":{"self":[{"href":"https:\/\/aucartrailer.com\/fr\/wp-json\/wp\/v2\/pages\/2241","targetHints":{"allow":["GET"]}}],"collection":[{"href":"https:\/\/aucartrailer.com\/fr\/wp-json\/wp\/v2\/pages"}],"about":[{"href":"https:\/\/aucartrailer.com\/fr\/wp-json\/wp\/v2\/types\/page"}],"author":[{"embeddable":true,"href":"https:\/\/aucartrailer.com\/fr\/wp-json\/wp\/v2\/users\/1"}],"replies":[{"embeddable":true,"href":"https:\/\/aucartrailer.com\/fr\/wp-json\/wp\/v2\/comments?post=2241"}],"version-history":[{"count":2,"href":"https:\/\/aucartrailer.com\/fr\/wp-json\/wp\/v2\/pages\/2241\/revisions"}],"predecessor-version":[{"id":2243,"href":"https:\/\/aucartrailer.com\/fr\/wp-json\/wp\/v2\/pages\/2241\/revisions\/2243"}],"wp:attachment":[{"href":"https:\/\/aucartrailer.com\/fr\/wp-json\/wp\/v2\/media?parent=2241"}],"curies":[{"name":"wp","href":"https:\/\/api.w.org\/{rel}","templated":true}]}}