{"id":1380,"date":"2019-09-12T10:13:27","date_gmt":"2019-09-12T10:13:27","guid":{"rendered":"https:\/\/aucartrailer.com\/politica-de-calidad-y-medio-ambiente\/"},"modified":"2021-09-17T09:33:45","modified_gmt":"2021-09-17T09:33:45","slug":"politique-qualite-et-environnement","status":"publish","type":"page","link":"https:\/\/aucartrailer.com\/fr\/qui-nous-sommes\/politique-qualite-et-environnement\/","title":{"rendered":"Politique qualit\u00e9 et environnement"},"content":{"rendered":"<div class=\"wpb-content-wrapper\"><p>[vc_row css_animation=\u00a0\u00bb\u00a0\u00bb row_type=\u00a0\u00bbrow\u00a0\u00bb use_row_as_full_screen_section=\u00a0\u00bbno\u00a0\u00bb type=\u00a0\u00bbgrid\u00a0\u00bb angled_section=\u00a0\u00bbno\u00a0\u00bb text_align=\u00a0\u00bbleft\u00a0\u00bb background_image_as_pattern=\u00a0\u00bbwithout_pattern\u00a0\u00bb z_index=\u00a0\u00bb\u00a0\u00bb css=\u00a0\u00bb.vc_custom_1571924590472{margin-top: 50px !important;}\u00a0\u00bb][vc_column width=\u00a0\u00bb2\/12&Prime;][vc_separator type=\u00a0\u00bbnormal\u00a0\u00bb color=\u00a0\u00bb#d71f26&Prime; thickness=\u00a0\u00bb2&Prime; up=\u00a0\u00bb30&Prime;][\/vc_column][vc_column width=\u00a0\u00bb8\/12&Prime;][vc_column_text]<\/p>\n<h1 style=\"text-align: center;\">Politique qualit\u00e9 et environnement<\/h1>\n<p>[\/vc_column_text][vc_separator type=\u00a0\u00bbtransparent\u00a0\u00bb down=\u00a0\u00bb60&Prime; el_class=\u00a0\u00bbseparadorTimeline\u00a0\u00bb][\/vc_column][vc_column width=\u00a0\u00bb2\/12&Prime;][vc_separator type=\u00a0\u00bbnormal\u00a0\u00bb color=\u00a0\u00bb#d71f26&Prime; thickness=\u00a0\u00bb2&Prime; up=\u00a0\u00bb30&Prime;][\/vc_column][\/vc_row][vc_row css_animation=\u00a0\u00bb\u00a0\u00bb row_type=\u00a0\u00bbrow\u00a0\u00bb use_row_as_full_screen_section=\u00a0\u00bbno\u00a0\u00bb type=\u00a0\u00bbgrid\u00a0\u00bb angled_section=\u00a0\u00bbno\u00a0\u00bb text_align=\u00a0\u00bbleft\u00a0\u00bb background_image_as_pattern=\u00a0\u00bbwithout_pattern\u00a0\u00bb z_index=\u00a0\u00bb\u00a0\u00bb][vc_column width=\u00a0\u00bb7\/12&Prime;][vc_column_text]Aucar-Trailer dispose du certificat de qualit\u00e9 conforme \u00e0 la norme ISO 9001:2008 d\u00e9livr\u00e9 par <a href=\"\/wp-content\/uploads\/2021\/03\/2020-2023-ISO9001-Aenor.pdf\" target=\"_blank\" rel=\"noopener\">Aenor<\/a> et par l\u2019organisme international <a href=\"\/wp-content\/uploads\/2021\/03\/2020-2023-ISO9001-IQNET.pdf\" target=\"_blank\" rel=\"noopener\">IQNet<\/a>. L\u2019entreprise poss\u00e8de \u00e9galement le certificat de qualit\u00e9 attestant de la norme <a href=\"\/wp-content\/uploads\/2024\/03\/AUCAR-TRAILER_2110Ed4_2023.pdf\" target=\"_blank\" rel=\"noopener\">PECAL 2110<\/a>, d\u00e9livr\u00e9 par le minist\u00e8re espagnol de la D\u00e9fense. En plus de la certification du Syst\u00e8me de gestion environnementale conforme \u00e0 la norme ISO 14001, d\u00e9livr\u00e9 par <a href=\"\/wp-content\/uploads\/2024\/03\/CertificadoGA-2017-0193_ES_2023-05-31.pdf\" target=\"_blank\" rel=\"noopener\">AENOR<\/a> et par <a href=\"\/wp-content\/uploads\/2021\/03\/2020-2023-ISO4001-IQNet.pdf\" target=\"_blank\" rel=\"noopener\">IQNet<\/a>.<\/p>\n<p>&nbsp;<\/p>\n<p>Aucar-Trailer \u0153uvre pour l\u2019am\u00e9lioration continue de ses processus et de ses produits dans le cadre d\u2019un engagement r\u00e9solu pour la protection de l\u2019environnement.<\/p>\n<p>&nbsp;<\/p>\n<p>Les conditions de qualit\u00e9 requises que nous nous imposons sont tr\u00e8s strictes et font r\u00e9guli\u00e8rement l\u2019objet d\u2019audits externes par des organismes homologu\u00e9s sur le plan international. C\u2019est pourquoi les v\u00e9hicules que nous fournissons vont au-del\u00e0 des niveaux de qualit\u00e9 des produits habituellement disponibles sur le march\u00e9.[\/vc_column_text][\/vc_column][vc_column width=\u00a0\u00bb5\/12&Prime;][vc_single_image image=\u00a0\u00bb683&Prime; img_size=\u00a0\u00bblarge\u00a0\u00bb alignment=\u00a0\u00bbright\u00a0\u00bb qode_css_animation=\u00a0\u00bb\u00a0\u00bb][vc_separator type=\u00a0\u00bbtransparent\u00a0\u00bb up=\u00a0\u00bb10&Prime;][\/vc_column][\/vc_row][vc_row css_animation=\u00a0\u00bb\u00a0\u00bb row_type=\u00a0\u00bbrow\u00a0\u00bb use_row_as_full_screen_section=\u00a0\u00bbno\u00a0\u00bb type=\u00a0\u00bbgrid\u00a0\u00bb angled_section=\u00a0\u00bbno\u00a0\u00bb text_align=\u00a0\u00bbleft\u00a0\u00bb background_image_as_pattern=\u00a0\u00bbwithout_pattern\u00a0\u00bb z_index=\u00a0\u00bb\u00a0\u00bb][vc_column][vc_column_text]Notre d\u00e9partement de R&amp;D travaille en \u00e9troite collaboration avec notre d\u00e9partement de Production et notre Service apr\u00e8s-vente pour am\u00e9liorer en permanence la qualit\u00e9 et les prestations de nos v\u00e9hicules, en fonction des besoins de nos clients et des crit\u00e8res de qualit\u00e9 qu\u2019ils nous communiquent.<\/p>\n<p>&nbsp;<\/p>\n<p>Le fait d\u2019avoir \u00e9t\u00e9 s\u00e9lectionn\u00e9 comme fournisseur de l\u2019un des clients les plus exigeants, \u00e0 savoir l\u2019Arm\u00e9e de terre espagnole, est une preuve suppl\u00e9mentaire de la qualit\u00e9 de nos v\u00e9hicules.[\/vc_column_text][\/vc_column][\/vc_row][vc_row css_animation=\u00a0\u00bb\u00a0\u00bb row_type=\u00a0\u00bbrow\u00a0\u00bb use_row_as_full_screen_section=\u00a0\u00bbno\u00a0\u00bb type=\u00a0\u00bbgrid\u00a0\u00bb angled_section=\u00a0\u00bbno\u00a0\u00bb text_align=\u00a0\u00bbleft\u00a0\u00bb background_image_as_pattern=\u00a0\u00bbwithout_pattern\u00a0\u00bb z_index=\u00a0\u00bb\u00a0\u00bb][vc_column][vc_separator type=\u00a0\u00bbtransparent\u00a0\u00bb down=\u00a0\u00bb40&Prime;][vc_column_text]<\/p>\n<h2 style=\"text-align: left;\">Politique qualit\u00e9 et environnement<\/h2>\n<p>[\/vc_column_text][vc_separator type=\u00a0\u00bbsmall\u00a0\u00bb position=\u00a0\u00bbleft\u00a0\u00bb color=\u00a0\u00bb#d71f26&Prime; thickness=\u00a0\u00bb2&Prime; width=\u00a0\u00bb50&Prime; up=\u00a0\u00bb10&Prime; down=\u00a0\u00bb20&Prime;][vc_column_text]AUCAR-TRAILER, S.L. est une entreprise sp\u00e9cialis\u00e9e dans le conditionnement de v\u00e9hicules lourds pour le transport de marchandises et les \u00e9coles de conduite. Depuis sa fondation en 2000, la qualit\u00e9 a \u00e9t\u00e9 notre principal \u00e9l\u00e9ment de diff\u00e9renciation.<\/p>\n<p>&nbsp;<\/p>\n<p>Pour la Direction g\u00e9n\u00e9rale d\u2019AUCAR-TRAILER, S.L., la meilleure publicit\u00e9 est la satisfaction du client envers nos produits et nos services pr\u00eat\u00e9s. C\u2019est pourquoi notre politique vise \u00e0 garantir leur satisfaction et \u00e0 pr\u00e9server l\u2019environnement en tenant compte des interactions de nos produits pendant tout leur cycle de vie.<\/p>\n<p>&nbsp;<\/p>\n<p>Pour remplir cette mission, nous faisons reposer notre politique sur les points suivants :<\/p>\n<p>&nbsp;<\/p>\n<ol class=\"llista\" type=\"a\">\n<li>Adapter notre entreprise pour obtenir la plus grande satisfaction des clients en \u00e9tant parfaitement conscients de leurs attentes.<\/li>\n<li>Mettre en \u0153uvre, maintenir et am\u00e9liorer en permanence un Syst\u00e8me de gestion de la qualit\u00e9 et environnementale, conform\u00e9ment aux exigences des normes <a href=\"\/wp-content\/uploads\/2021\/03\/2020-2023-ISO9001-Aenor.pdf\" target=\"_blank\" rel=\"noopener\">UNE-EN-ISO 9001<\/a>,<a href=\"\/wp-content\/uploads\/2024\/03\/AUCAR-TRAILER_2110Ed4_2023.pdf\" target=\"_blank\" rel=\"noopener\"> PECAL 2110<\/a> et <a href=\"\/wp-content\/uploads\/2024\/03\/CertificadoGA-2017-0193_ES_2023-05-31.pdf\" target=\"_blank\" rel=\"noopener\">UNE-EN-ISO 14001<\/a>, respectivement, et appliquer \u00e0 la lettre la l\u00e9gislation et les r\u00e9glementations relatives aux produits, aux services, au respect de l\u2019environnement, et toute autre norme \u00e0 prendre en compte.<\/li>\n<li>Appliquer le principe : \u00ab\u00a0<em>Le client a toujours raison<\/em>\u00bb.<\/li>\n<li>D\u00e9velopper en permanence les processus et les proc\u00e9dures afin d\u2019am\u00e9liorer l\u2019activit\u00e9 men\u00e9e et le respect de l\u2019environnement.<\/li>\n<li>Am\u00e9liorer en permanence la planification, l\u2019organisation, le contr\u00f4le et la supervision de nos syst\u00e8mes de production et nos services, en fonction de l\u2019\u00e9valuation requise par le march\u00e9, en contribuant \u00e0 l\u2019efficience \u00e9nerg\u00e9tique et au recyclage, d\u00e8s la phase de conception des produits et des processus, en r\u00e9duisant autant que possible les d\u00e9chets et les \u00e9missions g\u00e9n\u00e9r\u00e9s par nos activit\u00e9s.<\/li>\n<li>Collaborer avec nos fournisseurs et sous-traitants pour am\u00e9liorer la qualit\u00e9 et leurs mesures en mati\u00e8re environnementale.<\/li>\n<li>Maintenir des rapports ouverts et de collaboration avec nos clients et fournisseurs, avec l\u2019Administration, notre r\u00e9gion et tout autre agent social concern\u00e9 par nos activit\u00e9s, en am\u00e9liorant la qualit\u00e9 de l\u2019information communiqu\u00e9e.<\/li>\n<li>Former tout le personnel au syst\u00e8me de gestion.<\/li>\n<li>Travailler en \u00e9quipe pour surmonter et am\u00e9liorer en permanence le syst\u00e8me de gestion et la pr\u00e9vention de la pollution.<\/li>\n<li>\u00c9tudier, planifier et mettre \u00e0 disposition les ressources techniques n\u00e9cessaires afin de mener \u00e0 bien cette politique.<\/li>\n<\/ol>\n<p>[\/vc_column_text][vc_empty_space][vc_column_text]<\/p>\n<p style=\"font-weight: 400;\"><strong>La direction g\u00e9n\u00e9rale<\/strong><\/p>\n<p style=\"font-weight: 400;\">\u00c0 Premi\u00e0 de Mar, le 19 avril 2017<\/p>\n<p>[\/vc_column_text][\/vc_column][\/vc_row][vc_row css_animation=\u00a0\u00bb\u00a0\u00bb row_type=\u00a0\u00bbrow\u00a0\u00bb use_row_as_full_screen_section=\u00a0\u00bbno\u00a0\u00bb type=\u00a0\u00bbgrid\u00a0\u00bb angled_section=\u00a0\u00bbno\u00a0\u00bb text_align=\u00a0\u00bbleft\u00a0\u00bb background_image_as_pattern=\u00a0\u00bbwithout_pattern\u00a0\u00bb z_index=\u00a0\u00bb\u00a0\u00bb][vc_column][vc_separator type=\u00a0\u00bbtransparent\u00a0\u00bb down=\u00a0\u00bb40&Prime;][vc_column_text]<\/p>\n<h2 style=\"text-align: left;\">NORMES DE COMPORTEMENT ENVIRONNEMENTAL DES ENTREPRISES EXTERNES<\/h2>\n<p>[\/vc_column_text][vc_separator type=\u00a0\u00bbsmall\u00a0\u00bb position=\u00a0\u00bbleft\u00a0\u00bb color=\u00a0\u00bb#d71f26&Prime; thickness=\u00a0\u00bb2&Prime; width=\u00a0\u00bb50&Prime; up=\u00a0\u00bb10&Prime; down=\u00a0\u00bb20&Prime;][vc_column_text]Le prestataire, sous-traitant ou fournisseur travaillant pour AUCAR-TRAILER, S.L. doit conna\u00eetre et respecter les normes environnementales suivantes:<\/p>\n<p>&nbsp;<\/p>\n<ol class=\"llista\" type=\"a\">\n<li>Le prestataire, sous-traitant ou fournisseur s\u2019engage \u00e0 minimiser l\u2019impact sur l\u2019environnement de l\u2019activit\u00e9 qu\u2019il effectue dans les locaux d\u2019AUCAR-TRAILER, S.L.<\/li>\n<li>Tout r\u00e9sidu ou autre mat\u00e9riau g\u00e9n\u00e9r\u00e9 suite \u00e0 des travaux effectu\u00e9s par le prestataire, sous-traitant ou fournisseur doit \u00eatre retir\u00e9 le plus t\u00f4t possible par ce dernier.<\/li>\n<li>Les \u00e9missions dans l\u2019atmosph\u00e8re ainsi que le bruit \u00e9mis par ses activit\u00e9s ne doivent pas d\u00e9passer les niveaux autoris\u00e9s par la l\u00e9gislation en vigueur, afin de r\u00e9duire au maximum les r\u00e9percussions dans la zone.<\/li>\n<li>Les eaux us\u00e9es doivent regagner les \u00e9gouts ou les drainages, et elles ne peuvent en aucun cas aller au-del\u00e0 des niveaux autoris\u00e9s par la l\u00e9gislation en vigueur.<\/li>\n<li>Tout \u00e9coulement ou d\u00e9versement accidentel doit \u00eatre r\u00e9cup\u00e9r\u00e9 et ne peut en aucun cas \u00eatre d\u00e9vers\u00e9 dans les \u00e9vacuations des locaux. Tout r\u00e9sidu de mat\u00e9riau absorbant (s\u00e9piolite, couverture absorbante, sciure de bois, etc.) doit \u00eatre retir\u00e9 par le prestataire ou sous-traitant, apr\u00e8s avoir consult\u00e9 notre interlocuteur responsable du syst\u00e8me de gestion environnementale.<\/li>\n<li>Il incombe au prestataire ou sous-traitant d\u2019\u00e9viter l\u2019abandon de tout type de mat\u00e9riau ou de d\u00e9chets apr\u00e8s l\u2019ex\u00e9cution des travaux, ainsi que tout d\u00e9versement de produits sur le sol comme dans les drainages.<\/li>\n<li>Les frais de cette gestion environnementale g\u00e9n\u00e9r\u00e9s suite aux travaux effectu\u00e9s par le prestataire, sous-traitant ou fournisseur, sont \u00e0 la charge de ce dernier.<\/li>\n<li>Toute situation de risque environnemental pouvant survenir pendant la prestation du service doit \u00eatre communiqu\u00e9e \u00e0 notre interlocuteur responsable du syst\u00e8me de gestion environnementale.<\/li>\n<\/ol>\n<p>&nbsp;<\/p>\n<p>&nbsp;<\/p>\n<p><strong>Aucar Trailer, S.L. <\/strong>reste \u00e0 la disposition de toutes les parties concern\u00e9es en cas de toute quant aux normes de comportement environnemental appliqu\u00e9es par <strong>Aucar Trailer, S.L. <\/strong>et auxquelles doivent se conformer les tiers qui lui pr\u00eatent service.[\/vc_column_text][\/vc_column][\/vc_row][vc_row css_animation=\u00a0\u00bb\u00a0\u00bb row_type=\u00a0\u00bbrow\u00a0\u00bb use_row_as_full_screen_section=\u00a0\u00bbno\u00a0\u00bb type=\u00a0\u00bbgrid\u00a0\u00bb angled_section=\u00a0\u00bbno\u00a0\u00bb text_align=\u00a0\u00bbleft\u00a0\u00bb background_image_as_pattern=\u00a0\u00bbwithout_pattern\u00a0\u00bb z_index=\u00a0\u00bb\u00a0\u00bb][vc_column][vc_separator type=\u00a0\u00bbtransparent\u00a0\u00bb down=\u00a0\u00bb40&Prime;][vc_column_text]<\/p>\n<h2 style=\"text-align: left;\">R\u00c9SULTATS ENVIRONNEMENTAUX depuis 2017<\/h2>\n<p>[\/vc_column_text][vc_separator type=\u00a0\u00bbsmall\u00a0\u00bb position=\u00a0\u00bbleft\u00a0\u00bb color=\u00a0\u00bb#d71f26&Prime; thickness=\u00a0\u00bb2&Prime; width=\u00a0\u00bb50&Prime; up=\u00a0\u00bb10&Prime; down=\u00a0\u00bb20&Prime;][vc_column_text]L\u2019entreprise <strong>AUCAR TRAILER, S.L.<\/strong> applique un syst\u00e8me de gestion environnementale certifi\u00e9 conform\u00e9ment \u00e0 la norme <a href=\"\/wp-content\/uploads\/2024\/03\/CertificadoGA-2017-0193_ES_2023-05-31.pdf\" target=\"_blank\" rel=\"noopener\">ISO 14001<\/a>.<\/p>\n<p>&nbsp;<\/p>\n<p><strong>AUCAR TRAILER, S.L.<\/strong> contr\u00f4le l\u2019efficience environnementale des ateliers avec lesquels l\u2019entreprise collabore dans toute l\u2019Espagne, en donnant priorit\u00e9 \u00e0 ceux disposant d\u2019un syst\u00e8me de gestion environnementale certifi\u00e9.<\/p>\n<p>&nbsp;<\/p>\n<p>Le personnel d\u2019<strong>AUCAR TRAILER, S.L.<\/strong> est r\u00e9guli\u00e8rement form\u00e9 en mati\u00e8re de prise de conscience environnementale afin de permettre \u00e0 l\u2019entreprise d\u2019atteindre les objectifs qu\u2019elle se fixe en mati\u00e8re de respect de l\u2019environnement.<\/p>\n<p>&nbsp;<\/p>\n<p><strong>AUCAR TRAILER, S.L.<\/strong> mesure sa performance environnementale en prenant des actions visant \u00e0 r\u00e9duire les consommations et les d\u00e9chets, et en se concentrant principalement sur les aspects environnementaux les plus significatifs : la consommation de carburant et d\u2019\u00e9nergie, et les \u00e9missions qui en d\u00e9coulent.[\/vc_column_text][\/vc_column][\/vc_row][vc_row css_animation=\u00a0\u00bb\u00a0\u00bb row_type=\u00a0\u00bbrow\u00a0\u00bb use_row_as_full_screen_section=\u00a0\u00bbno\u00a0\u00bb type=\u00a0\u00bbfull_width\u00a0\u00bb angled_section=\u00a0\u00bbno\u00a0\u00bb text_align=\u00a0\u00bbleft\u00a0\u00bb background_image_as_pattern=\u00a0\u00bbwithout_pattern\u00a0\u00bb][vc_column][vc_empty_space height=\u00a0\u00bb180px\u00a0\u00bb][\/vc_column][\/vc_row]<\/p>\n<\/div>","protected":false},"excerpt":{"rendered":"<p>[vc_row css_animation=\u00a0\u00bb\u00a0\u00bb row_type=\u00a0\u00bbrow\u00a0\u00bb use_row_as_full_screen_section=\u00a0\u00bbno\u00a0\u00bb type=\u00a0\u00bbgrid\u00a0\u00bb angled_section=\u00a0\u00bbno\u00a0\u00bb text_align=\u00a0\u00bbleft\u00a0\u00bb background_image_as_pattern=\u00a0\u00bbwithout_pattern\u00a0\u00bb z_index=\u00a0\u00bb\u00a0\u00bb css=\u00a0\u00bb.vc_custom_1571924590472{margin-top: 50px !important;}\u00a0\u00bb][vc_column width=\u00a0\u00bb2\/12&Prime;][vc_separator type=\u00a0\u00bbnormal\u00a0\u00bb color=\u00a0\u00bb#d71f26&Prime; thickness=\u00a0\u00bb2&Prime; up=\u00a0\u00bb30&Prime;][\/vc_column][vc_column width=\u00a0\u00bb8\/12&Prime;][vc_column_text] Politique qualit\u00e9 et environnement [\/vc_column_text][vc_separator type=\u00a0\u00bbtransparent\u00a0\u00bb down=\u00a0\u00bb60&Prime; el_class=\u00a0\u00bbseparadorTimeline\u00a0\u00bb][\/vc_column][vc_column width=\u00a0\u00bb2\/12&Prime;][vc_separator type=\u00a0\u00bbnormal\u00a0\u00bb color=\u00a0\u00bb#d71f26&Prime; thickness=\u00a0\u00bb2&Prime; up=\u00a0\u00bb30&Prime;][\/vc_column][\/vc_row][vc_row css_animation=\u00a0\u00bb\u00a0\u00bb row_type=\u00a0\u00bbrow\u00a0\u00bb use_row_as_full_screen_section=\u00a0\u00bbno\u00a0\u00bb type=\u00a0\u00bbgrid\u00a0\u00bb angled_section=\u00a0\u00bbno\u00a0\u00bb text_align=\u00a0\u00bbleft\u00a0\u00bb background_image_as_pattern=\u00a0\u00bbwithout_pattern\u00a0\u00bb z_index=\u00a0\u00bb\u00a0\u00bb][vc_column width=\u00a0\u00bb7\/12&Prime;][vc_column_text]Aucar-Trailer dispose du certificat de qualit\u00e9&#8230;<\/p>\n","protected":false},"author":1,"featured_media":0,"parent":2283,"menu_order":0,"comment_status":"closed","ping_status":"closed","template":"full_width.php","meta":{"footnotes":""},"class_list":["post-1380","page","type-page","status-publish","hentry"],"_links":{"self":[{"href":"https:\/\/aucartrailer.com\/fr\/wp-json\/wp\/v2\/pages\/1380","targetHints":{"allow":["GET"]}}],"collection":[{"href":"https:\/\/aucartrailer.com\/fr\/wp-json\/wp\/v2\/pages"}],"about":[{"href":"https:\/\/aucartrailer.com\/fr\/wp-json\/wp\/v2\/types\/page"}],"author":[{"embeddable":true,"href":"https:\/\/aucartrailer.com\/fr\/wp-json\/wp\/v2\/users\/1"}],"replies":[{"embeddable":true,"href":"https:\/\/aucartrailer.com\/fr\/wp-json\/wp\/v2\/comments?post=1380"}],"version-history":[{"count":9,"href":"https:\/\/aucartrailer.com\/fr\/wp-json\/wp\/v2\/pages\/1380\/revisions"}],"predecessor-version":[{"id":2679,"href":"https:\/\/aucartrailer.com\/fr\/wp-json\/wp\/v2\/pages\/1380\/revisions\/2679"}],"up":[{"embeddable":true,"href":"https:\/\/aucartrailer.com\/fr\/wp-json\/wp\/v2\/pages\/2283"}],"wp:attachment":[{"href":"https:\/\/aucartrailer.com\/fr\/wp-json\/wp\/v2\/media?parent=1380"}],"curies":[{"name":"wp","href":"https:\/\/api.w.org\/{rel}","templated":true}]}}