{"id":1312,"date":"2018-04-04T14:35:36","date_gmt":"2018-04-04T14:35:36","guid":{"rendered":"https:\/\/aucartrailer.com\/contact\/"},"modified":"2020-01-23T17:42:48","modified_gmt":"2020-01-23T17:42:48","slug":"contact","status":"publish","type":"page","link":"https:\/\/aucartrailer.com\/fr\/contact\/","title":{"rendered":"Contact"},"content":{"rendered":"<div class=\"wpb-content-wrapper\"><p>[vc_row css_animation=\u00a0\u00bb\u00a0\u00bb row_type=\u00a0\u00bbrow\u00a0\u00bb use_row_as_full_screen_section=\u00a0\u00bbno\u00a0\u00bb type=\u00a0\u00bbgrid\u00a0\u00bb angled_section=\u00a0\u00bbno\u00a0\u00bb text_align=\u00a0\u00bbleft\u00a0\u00bb background_image_as_pattern=\u00a0\u00bbwithout_pattern\u00a0\u00bb padding_top=\u00a0\u00bb125&Prime; z_index=\u00a0\u00bb\u00a0\u00bb][vc_column width=\u00a0\u00bb4\/12&Prime;][qode_elements_holder number_of_columns=\u00a0\u00bbone_column\u00a0\u00bb][qode_elements_holder_item advanced_animations=\u00a0\u00bbno\u00a0\u00bb item_padding=\u00a0\u00bb0px 0px 0px 0px\u00a0\u00bb][vc_raw_html]JTNDaWZyYW1lJTIwc3JjJTNEJTIyaHR0cHMlM0ElMkYlMkZ3d3cuZ29vZ2xlLmNvbSUyRm1hcHMlMkZlbWJlZCUzRnBiJTNEJTIxMW0xOCUyMTFtMTIlMjExbTMlMjExZDI5ODguNDMwNzU1MzIxMTI1NiUyMTJkMi4zNjM5MDc3MTU0MjkxNDY0JTIxM2Q0MS40OTQ5MzkyNzkyNTQ0MiUyMTJtMyUyMTFmMCUyMTJmMCUyMTNmMCUyMTNtMiUyMTFpMTAyNCUyMTJpNzY4JTIxNGYxMy4xJTIxM20zJTIxMW0yJTIxMXMweDEyYTRiMTRiN2E0Y2I5ODMlMjUzQTB4NDYyZDg4N2UwNGUxNTNiNSUyMTJzQ2FycmVyJTI1MjBQaW50b3IlMjUyMFBhdSUyNTIwUm9pZyUyNTJDJTI1MjA0MSUyNTJDJTI1MjAwODMzMCUyNTIwUHJlbWklMjVDMyUyNUEwJTI1MjBkZSUyNTIwTWFyJTI1MkMlMjUyMEJhcmNlbG9uYSUyMTVlMCUyMTNtMiUyMTFzY2ElMjEyc2VzJTIxNHYxNTczMDU4MzMxMTkyJTIxNW0yJTIxMXNjYSUyMTJzZXMlMjIlMjB3aWR0aCUzRCUyMjEwMCUyNSUyMiUyMGhlaWdodCUzRCUyMjU1MSUyMiUyMGZyYW1lYm9yZGVyJTNEJTIyMCUyMiUyMHN0eWxlJTNEJTIyYm9yZGVyJTNBMCUzQiUyMiUyMGFsbG93ZnVsbHNjcmVlbiUzRCUyMiUyMiUzRSUzQyUyRmlmcmFtZSUzRQ==[\/vc_raw_html][\/qode_elements_holder_item][\/qode_elements_holder][vc_separator type=\u00a0\u00bbtransparent\u00a0\u00bb down=\u00a0\u00bb50&Prime;][\/vc_column][vc_column width=\u00a0\u00bb5\/12&Prime;][vc_separator type=\u00a0\u00bbtransparent\u00a0\u00bb up=\u00a0\u00bb-21&Prime;][vc_column_text]<\/p>\n<h1>Contactez nous<\/h1>\n<p>[\/vc_column_text][vc_empty_space height=\u00a0\u00bb16px\u00a0\u00bb][vc_column_text]Vous pouvez nous contacter via le formulaire suivant ou via les coordonn\u00e9es de notre soci\u00e9t\u00e9.[\/vc_column_text][vc_empty_space height=\u00a0\u00bb33px\u00a0\u00bb]\n<div class=\"wpcf7 no-js\" id=\"wpcf7-f2302-o1\" lang=\"en-US\" dir=\"ltr\" data-wpcf7-id=\"2302\">\n<div class=\"screen-reader-response\"><p role=\"status\" aria-live=\"polite\" aria-atomic=\"true\"><\/p> <ul><\/ul><\/div>\n<form action=\"\/fr\/wp-json\/wp\/v2\/pages\/1312#wpcf7-f2302-o1\" method=\"post\" class=\"wpcf7-form init cf7_custom_style_1\" aria-label=\"Contact form\" novalidate=\"novalidate\" data-status=\"init\">\n<fieldset class=\"hidden-fields-container\"><input type=\"hidden\" name=\"_wpcf7\" value=\"2302\" \/><input type=\"hidden\" name=\"_wpcf7_version\" value=\"6.1.4\" \/><input type=\"hidden\" name=\"_wpcf7_locale\" value=\"en_US\" \/><input type=\"hidden\" name=\"_wpcf7_unit_tag\" value=\"wpcf7-f2302-o1\" \/><input type=\"hidden\" name=\"_wpcf7_container_post\" value=\"0\" \/><input type=\"hidden\" name=\"_wpcf7_posted_data_hash\" value=\"\" \/><input type=\"hidden\" name=\"_wpcf7_recaptcha_response\" value=\"\" \/>\n<\/fieldset>\n<div>\n\t<p><span class=\"wpcf7-form-control-wrap\" data-name=\"nombre\"><input size=\"40\" maxlength=\"400\" class=\"wpcf7-form-control wpcf7-text\" aria-invalid=\"false\" placeholder=\"Nom*\" value=\"\" type=\"text\" name=\"nombre\" \/><\/span>\n\t<\/p>\n<\/div>\n<div>\n\t<p><span class=\"wpcf7-form-control-wrap\" data-name=\"email\"><input size=\"40\" maxlength=\"400\" class=\"wpcf7-form-control wpcf7-text\" aria-invalid=\"false\" placeholder=\"Email*\" value=\"\" type=\"text\" name=\"email\" \/><\/span>\n\t<\/p>\n<\/div>\n<div>\n\t<p><span class=\"wpcf7-form-control-wrap\" data-name=\"mensaje\"><textarea cols=\"40\" rows=\"10\" maxlength=\"2000\" class=\"wpcf7-form-control wpcf7-textarea\" aria-invalid=\"false\" placeholder=\"Message\" name=\"mensaje\"><\/textarea><\/span>\n\t<\/p>\n<\/div>\n<div style='margin-bottom:10px'>\n\n<\/div>\n<p><input class=\"wpcf7-form-control wpcf7-submit has-spinner\" type=\"submit\" value=\"ENVOYER\" \/>\n<\/p><div class=\"wpcf7-response-output\" aria-hidden=\"true\"><\/div>\n<\/form>\n<\/div>\n[\/vc_column][vc_column width=\u00a0\u00bb3\/12&Prime;][vc_separator type=\u00a0\u00bbtransparent\u00a0\u00bb up=\u00a0\u00bb-21&Prime;][vc_column_text]<\/p>\n<h1>Adresse<\/h1>\n<p>[\/vc_column_text][vc_empty_space height=\u00a0\u00bb16px\u00a0\u00bb][vc_column_text]Aucar-Trailer S.L.<\/p>\n<p>T. 93 752 42 83 \u00b7 F. 93 752 04 78<br \/>\n<a href=\"mailto:aucar@aucartrailer.com\">aucar@aucartrailer.com<\/a><\/p>\n<p>&nbsp;<\/p>\n<p>Pintor Pau Roig, 41 2\u00ba 3\u00aa<br \/>\n08330 \u00b7 Premi\u00e0 de Mar \u00b7 Barcelona<\/p>\n<p>&nbsp;<\/p>\n<p><strong>Si\u00e9ge social:<\/strong><br \/>\nAvda. de Arag\u00f3n, 78<br \/>\n22520 Fraga (Huesca)[\/vc_column_text][\/vc_column][\/vc_row]<\/p>\n<\/div>","protected":false},"excerpt":{"rendered":"<p>[vc_row css_animation=\u00a0\u00bb\u00a0\u00bb row_type=\u00a0\u00bbrow\u00a0\u00bb use_row_as_full_screen_section=\u00a0\u00bbno\u00a0\u00bb type=\u00a0\u00bbgrid\u00a0\u00bb angled_section=\u00a0\u00bbno\u00a0\u00bb text_align=\u00a0\u00bbleft\u00a0\u00bb background_image_as_pattern=\u00a0\u00bbwithout_pattern\u00a0\u00bb padding_top=\u00a0\u00bb125&Prime; z_index=\u00a0\u00bb\u00a0\u00bb][vc_column width=\u00a0\u00bb4\/12&Prime;][qode_elements_holder number_of_columns=\u00a0\u00bbone_column\u00a0\u00bb][qode_elements_holder_item advanced_animations=\u00a0\u00bbno\u00a0\u00bb item_padding=\u00a0\u00bb0px 0px 0px 0px\u00a0\u00bb][vc_raw_html]JTNDaWZyYW1lJTIwc3JjJTNEJTIyaHR0cHMlM0ElMkYlMkZ3d3cuZ29vZ2xlLmNvbSUyRm1hcHMlMkZlbWJlZCUzRnBiJTNEJTIxMW0xOCUyMTFtMTIlMjExbTMlMjExZDI5ODguNDMwNzU1MzIxMTI1NiUyMTJkMi4zNjM5MDc3MTU0MjkxNDY0JTIxM2Q0MS40OTQ5MzkyNzkyNTQ0MiUyMTJtMyUyMTFmMCUyMTJmMCUyMTNmMCUyMTNtMiUyMTFpMTAyNCUyMTJpNzY4JTIxNGYxMy4xJTIxM20zJTIxMW0yJTIxMXMweDEyYTRiMTRiN2E0Y2I5ODMlMjUzQTB4NDYyZDg4N2UwNGUxNTNiNSUyMTJzQ2FycmVyJTI1MjBQaW50b3IlMjUyMFBhdSUyNTIwUm9pZyUyNTJDJTI1MjA0MSUyNTJDJTI1MjAwODMzMCUyNTIwUHJlbWklMjVDMyUyNUEwJTI1MjBkZSUyNTIwTWFyJTI1MkMlMjUyMEJhcmNlbG9uYSUyMTVlMCUyMTNtMiUyMTFzY2ElMjEyc2VzJTIxNHYxNTczMDU4MzMxMTkyJTIxNW0yJTIxMXNjYSUyMTJzZXMlMjIlMjB3aWR0aCUzRCUyMjEwMCUyNSUyMiUyMGhlaWdodCUzRCUyMjU1MSUyMiUyMGZyYW1lYm9yZGVyJTNEJTIyMCUyMiUyMHN0eWxlJTNEJTIyYm9yZGVyJTNBMCUzQiUyMiUyMGFsbG93ZnVsbHNjcmVlbiUzRCUyMiUyMiUzRSUzQyUyRmlmcmFtZSUzRQ==[\/vc_raw_html][\/qode_elements_holder_item][\/qode_elements_holder][vc_separator type=\u00a0\u00bbtransparent\u00a0\u00bb down=\u00a0\u00bb50&Prime;][\/vc_column][vc_column width=\u00a0\u00bb5\/12&Prime;][vc_separator type=\u00a0\u00bbtransparent\u00a0\u00bb up=\u00a0\u00bb-21&Prime;][vc_column_text] Contactez nous [\/vc_column_text][vc_empty_space height=\u00a0\u00bb16px\u00a0\u00bb][vc_column_text]Vous pouvez nous contacter via le formulaire suivant ou via les coordonn\u00e9es de notre soci\u00e9t\u00e9.[\/vc_column_text][vc_empty_space height=\u00a0\u00bb33px\u00a0\u00bb][\/vc_column][vc_column width=\u00a0\u00bb3\/12&Prime;][vc_separator type=\u00a0\u00bbtransparent\u00a0\u00bb up=\u00a0\u00bb-21&Prime;][vc_column_text] Adresse&#8230;<\/p>\n","protected":false},"author":1,"featured_media":0,"parent":0,"menu_order":0,"comment_status":"closed","ping_status":"closed","template":"full_width.php","meta":{"footnotes":""},"class_list":["post-1312","page","type-page","status-publish","hentry"],"_links":{"self":[{"href":"https:\/\/aucartrailer.com\/fr\/wp-json\/wp\/v2\/pages\/1312","targetHints":{"allow":["GET"]}}],"collection":[{"href":"https:\/\/aucartrailer.com\/fr\/wp-json\/wp\/v2\/pages"}],"about":[{"href":"https:\/\/aucartrailer.com\/fr\/wp-json\/wp\/v2\/types\/page"}],"author":[{"embeddable":true,"href":"https:\/\/aucartrailer.com\/fr\/wp-json\/wp\/v2\/users\/1"}],"replies":[{"embeddable":true,"href":"https:\/\/aucartrailer.com\/fr\/wp-json\/wp\/v2\/comments?post=1312"}],"version-history":[{"count":4,"href":"https:\/\/aucartrailer.com\/fr\/wp-json\/wp\/v2\/pages\/1312\/revisions"}],"predecessor-version":[{"id":2329,"href":"https:\/\/aucartrailer.com\/fr\/wp-json\/wp\/v2\/pages\/1312\/revisions\/2329"}],"wp:attachment":[{"href":"https:\/\/aucartrailer.com\/fr\/wp-json\/wp\/v2\/media?parent=1312"}],"curies":[{"name":"wp","href":"https:\/\/api.w.org\/{rel}","templated":true}]}}