{"id":393,"date":"2018-04-04T08:59:02","date_gmt":"2018-04-04T08:59:02","guid":{"rendered":"https:\/\/aucartrailer.com\/home\/"},"modified":"2020-01-31T10:20:33","modified_gmt":"2020-01-31T10:20:33","slug":"home","status":"publish","type":"page","link":"https:\/\/aucartrailer.com\/de\/","title":{"rendered":"Aucar Trailer"},"content":{"rendered":"<div class=\"wpb-content-wrapper\"><p>[vc_row css_animation=&#8220;&#8220; row_type=&#8220;row&#8220; use_row_as_full_screen_section=&#8220;no&#8220; type=&#8220;full_width&#8220; angled_section=&#8220;no&#8220; text_align=&#8220;left&#8220; background_image_as_pattern=&#8220;without_pattern&#8220;][vc_column]\n\t\t\t<!-- START home DE REVOLUTION SLIDER 6.7.39 --><p class=\"rs-p-wp-fix\"><\/p>\n\t\t\t<rs-module-wrap id=\"rev_slider_4_1_wrapper\" data-source=\"gallery\" style=\"visibility:hidden;background:#101010;padding:0;\">\n\t\t\t\t<rs-module id=\"rev_slider_4_1\" style=\"\" data-version=\"6.7.39\">\n\t\t\t\t\t<rs-slides style=\"overflow: hidden; position: absolute;\">\n\t\t\t\t\t\t<rs-slide style=\"position: absolute;\" data-key=\"rs-12\" data-title=\"Slide\" data-thumb=\"\/\/aucartrailer.com\/wp-content\/uploads\/2019\/12\/banner3-100x50.jpg\" data-in=\"o:0;\" data-out=\"a:false;\">\n\t\t\t\t\t\t\t<img decoding=\"async\" src=\"\/\/aucartrailer.com\/wp-content\/plugins\/revslider\/sr6\/assets\/assets\/dummy.png\" alt=\"Polivalente Europeo de Aucar Trailer\" title=\"Polivalente Europeo de Aucar Trailer\" width=\"1920\" height=\"1062\" class=\"rev-slidebg tp-rs-img rs-lazyload\" data-lazyload=\"\/\/aucartrailer.com\/wp-content\/uploads\/2019\/12\/banner3.jpg\" data-bg=\"p:center bottom;\" data-parallax=\"6\" data-no-retina>\n<!--\n\t\t\t\t\t\t\t--><rs-layer\n\t\t\t\t\t\t\t\tid=\"slider-4-slide-12-layer-1\" \n\t\t\t\t\t\t\t\tdata-type=\"text\"\n\t\t\t\t\t\t\t\tdata-xy=\"x:c;y:m;yo:-63px,-63px,-63px,-83px;\"\n\t\t\t\t\t\t\t\tdata-text=\"s:80,70,60,27;l:90;fw:600;a:center,inherit,inherit,inherit;\"\n\t\t\t\t\t\t\t\tdata-rsp_bd=\"off\"\n\t\t\t\t\t\t\t\tdata-frame_0=\"y:50px;tp:600;\"\n\t\t\t\t\t\t\t\tdata-frame_1=\"tp:600;e:power3.out;st:400;sp:500;sR:400;\"\n\t\t\t\t\t\t\t\tdata-frame_999=\"o:0;tp:600;e:power3.out;st:w;sR:2100;\"\n\t\t\t\t\t\t\t\tstyle=\"z-index:5;font-family:'Oswald';text-shadow:0px 0px 7px #000000;\"\n\t\t\t\t\t\t\t>DER EUROP\u00c4ISCHE \n\t\t\t\t\t\t\t<\/rs-layer><!--\n\n\t\t\t\t\t\t\t--><rs-layer\n\t\t\t\t\t\t\t\tid=\"slider-4-slide-12-layer-2\" \n\t\t\t\t\t\t\t\tdata-type=\"text\"\n\t\t\t\t\t\t\t\tdata-xy=\"x:c;y:m;yo:40px,40px,20px,-20px;\"\n\t\t\t\t\t\t\t\tdata-text=\"s:80,70,60,27;l:90,90,90,74;fw:600;a:center,inherit,inherit,inherit;\"\n\t\t\t\t\t\t\t\tdata-rsp_bd=\"off\"\n\t\t\t\t\t\t\t\tdata-frame_0=\"y:50px,50px,50px,41px;tp:600;\"\n\t\t\t\t\t\t\t\tdata-frame_1=\"x:0,0,0,0px;y:0,0,0,0px;tp:600;e:power3.out;st:600;sp:500;sR:600;\"\n\t\t\t\t\t\t\t\tdata-frame_999=\"o:0;tp:600;e:power3.out;st:w;sR:1900;\"\n\t\t\t\t\t\t\t\tstyle=\"z-index:5;font-family:'Oswald';text-shadow:0px 0px 7px #000000;\"\n\t\t\t\t\t\t\t>MEHRZWECK-SATTELANH\u00c4NGER \n\t\t\t\t\t\t\t<\/rs-layer><!--\n-->\t\t\t\t\t<\/rs-slide>\n\t\t\t\t\t\t<rs-slide style=\"position: absolute;\" data-key=\"rs-11\" data-title=\"Slide\" data-thumb=\"\/\/aucartrailer.com\/wp-content\/uploads\/2019\/12\/banner2-100x50.jpg\" data-in=\"o:0;\" data-out=\"a:false;\">\n\t\t\t\t\t\t\t<img decoding=\"async\" src=\"\/\/aucartrailer.com\/wp-content\/plugins\/revslider\/sr6\/assets\/assets\/dummy.png\" alt=\"Policar - El Trailer Capilar de Aucar Trailer\" title=\"Policar &#8211; El Trailer Capilar de Aucar Trailer\" width=\"1920\" height=\"1062\" class=\"rev-slidebg tp-rs-img rs-lazyload\" data-lazyload=\"\/\/aucartrailer.com\/wp-content\/uploads\/2019\/12\/banner2.jpg\" data-bg=\"p:center bottom;\" data-parallax=\"6\" data-no-retina>\n<!--\n\t\t\t\t\t\t\t--><rs-layer\n\t\t\t\t\t\t\t\tid=\"slider-4-slide-11-layer-1\" \n\t\t\t\t\t\t\t\tdata-type=\"text\"\n\t\t\t\t\t\t\t\tdata-xy=\"x:c;xo:15px,16px,2px,0;y:m;yo:-188px,-82px,-150px,-113px;\"\n\t\t\t\t\t\t\t\tdata-text=\"s:80,70,60,27;l:90;fw:600;a:center,inherit,inherit,inherit;\"\n\t\t\t\t\t\t\t\tdata-rsp_bd=\"off\"\n\t\t\t\t\t\t\t\tdata-frame_0=\"y:50px;tp:600;\"\n\t\t\t\t\t\t\t\tdata-frame_1=\"tp:600;e:power3.out;st:400;sp:500;sR:400;\"\n\t\t\t\t\t\t\t\tdata-frame_999=\"o:0;tp:600;e:power3.out;st:w;sR:2100;\"\n\t\t\t\t\t\t\t\tstyle=\"z-index:10;font-family:'Oswald';text-shadow:0px 0px 7px #000000;\"\n\t\t\t\t\t\t\t>FEINVERTEILER \n\t\t\t\t\t\t\t<\/rs-layer><!--\n\n\t\t\t\t\t\t\t--><rs-layer\n\t\t\t\t\t\t\t\tid=\"slider-4-slide-11-layer-2\" \n\t\t\t\t\t\t\t\tdata-type=\"text\"\n\t\t\t\t\t\t\t\tdata-xy=\"x:c;xo:0,1px,3px,-1px;y:m;yo:40px,110px,17px,21px;\"\n\t\t\t\t\t\t\t\tdata-text=\"s:80,70,60,27;l:90;fw:600;a:center,inherit,inherit,inherit;\"\n\t\t\t\t\t\t\t\tdata-rsp_bd=\"off\"\n\t\t\t\t\t\t\t\tdata-frame_0=\"y:50px;tp:600;\"\n\t\t\t\t\t\t\t\tdata-frame_1=\"tp:600;e:power3.out;st:600;sp:500;sR:600;\"\n\t\t\t\t\t\t\t\tdata-frame_999=\"o:0;tp:600;e:power3.out;st:w;sR:1900;\"\n\t\t\t\t\t\t\t\tstyle=\"z-index:9;font-family:'Oswald';text-shadow:0px 0px 7px #000000;\"\n\t\t\t\t\t\t\t>POLICAR \n\t\t\t\t\t\t\t<\/rs-layer><!--\n\n\t\t\t\t\t\t\t--><rs-layer\n\t\t\t\t\t\t\t\tid=\"slider-4-slide-11-layer-6\" \n\t\t\t\t\t\t\t\tdata-type=\"text\"\n\t\t\t\t\t\t\t\tdata-xy=\"x:c;xo:3px,0,2px,0;y:m;yo:-68px,15px,-69px,-42px;\"\n\t\t\t\t\t\t\t\tdata-text=\"s:80,70,60,27;l:90;fw:600;a:center,inherit,inherit,inherit;\"\n\t\t\t\t\t\t\t\tdata-rsp_bd=\"off\"\n\t\t\t\t\t\t\t\tdata-frame_0=\"y:50px;tp:600;\"\n\t\t\t\t\t\t\t\tdata-frame_1=\"tp:600;e:power3.out;st:400;sp:500;sR:400;\"\n\t\t\t\t\t\t\t\tdata-frame_999=\"o:0;tp:600;e:power3.out;st:w;sR:2100;\"\n\t\t\t\t\t\t\t\tstyle=\"z-index:8;font-family:'Oswald';text-shadow:0px 0px 7px #000000;\"\n\t\t\t\t\t\t\t>SATTELANH\u00c4NGERS \n\t\t\t\t\t\t\t<\/rs-layer><!--\n-->\t\t\t\t\t<\/rs-slide>\n\t\t\t\t\t\t<rs-slide style=\"position: absolute;\" data-key=\"rs-10\" data-title=\"Slide\" data-thumb=\"\/\/aucartrailer.com\/wp-content\/uploads\/2019\/12\/banner1-100x50.jpg\" data-in=\"o:0;\" data-out=\"a:false;\">\n\t\t\t\t\t\t\t<img decoding=\"async\" src=\"\/\/aucartrailer.com\/wp-content\/plugins\/revslider\/sr6\/assets\/assets\/dummy.png\" alt=\"Autoescuelas Militares\" title=\"Autoescuelas Militares\" width=\"1920\" height=\"1062\" class=\"rev-slidebg tp-rs-img rs-lazyload\" data-lazyload=\"\/\/aucartrailer.com\/wp-content\/uploads\/2019\/12\/banner1.jpg\" data-bg=\"p:center top;\" data-parallax=\"6\" data-no-retina>\n<!--\n\t\t\t\t\t\t\t--><rs-layer\n\t\t\t\t\t\t\t\tid=\"slider-4-slide-10-layer-1\" \n\t\t\t\t\t\t\t\tdata-type=\"text\"\n\t\t\t\t\t\t\t\tdata-xy=\"x:c;y:m;yo:-25px,-63px,-63px,-83px;\"\n\t\t\t\t\t\t\t\tdata-text=\"s:80,70,60,33;l:90;fw:600;a:center,inherit,inherit,inherit;\"\n\t\t\t\t\t\t\t\tdata-rsp_bd=\"off\"\n\t\t\t\t\t\t\t\tdata-frame_0=\"y:50px;tp:600;\"\n\t\t\t\t\t\t\t\tdata-frame_1=\"tp:600;e:power3.out;st:400;sp:500;sR:400;\"\n\t\t\t\t\t\t\t\tdata-frame_999=\"o:0;tp:600;e:power3.out;st:w;sR:2100;\"\n\t\t\t\t\t\t\t\tstyle=\"z-index:5;font-family:'Oswald';text-shadow:0px 0px 7px #000000;\"\n\t\t\t\t\t\t\t>MILIT\u00c4R-FAHRSCHULEN \n\t\t\t\t\t\t\t<\/rs-layer><!--\n-->\t\t\t\t\t<\/rs-slide>\n\t\t\t\t\t<\/rs-slides>\n\t\t\t\t\t<rs-static-layers><!--\n\t\t\t\t\t--><\/rs-static-layers>\n\t\t\t\t<\/rs-module>\n\t\t\t\t<script>\n\t\t\t\t\tsetREVStartSize({c: 'rev_slider_4_1',rl:[1240,1024,778,480],el:[1100,768,860,320],gw:[1200,1100,850,480],gh:[1100,768,860,320],type:'standard',justify:'',layout:'fullscreen',offsetContainer:'',offset:'',mh:\"0\"});if (window.RS_MODULES!==undefined && window.RS_MODULES.modules!==undefined && window.RS_MODULES.modules[\"revslider41\"]!==undefined) {window.RS_MODULES.modules[\"revslider41\"].once = false;window.revapi4 = undefined;if (window.RS_MODULES.checkMinimal!==undefined) window.RS_MODULES.checkMinimal()}\n\t\t\t\t<\/script>\n\t\t\t<\/rs-module-wrap>\n\t\t\t<!-- END REVOLUTION SLIDER -->\n[vc_row_inner row_type=&#8220;row&#8220; type=&#8220;full_width&#8220; text_align=&#8220;left&#8220; css_animation=&#8220;&#8220;][vc_column_inner][vc_empty_space height=&#8220;100px&#8220; el_class=&#8220;hideMobile&#8220;][vc_empty_space height=&#8220;61px&#8220;][\/vc_column_inner][\/vc_row_inner][\/vc_column][\/vc_row][vc_row css_animation=&#8220;&#8220; row_type=&#8220;row&#8220; use_row_as_full_screen_section=&#8220;no&#8220; type=&#8220;grid&#8220; angled_section=&#8220;no&#8220; text_align=&#8220;left&#8220; background_image_as_pattern=&#8220;without_pattern&#8220; z_index=&#8220;&#8220; css=&#8220;.vc_custom_1580465716016{padding-bottom: 123px !important;}&#8220;][vc_column width=&#8220;1\/2&#8243; offset=&#8220;vc_col-lg-offset-0 vc_col-lg-3 vc_col-md-offset-0 vc_col-md-6 vc_col-sm-offset-0 vc_col-xs-12&#8243;][vc_single_image image=&#8220;416&#8243; alignment=&#8220;center&#8220; onclick=&#8220;custom_link&#8220; qode_css_animation=&#8220;&#8220; link=&#8220;\/de\/wer-wir-sind\/unternehmen\/&#8220;][vc_empty_space height=&#8220;15px&#8220;][vc_column_text]<\/p>\n<h3 style=\"text-align: center;\"><a href=\"\/de\/wer-wir-sind\/unternehmen\/\">Wer wir sing<\/a><\/h3>\n<p>[\/vc_column_text][vc_empty_space height=&#8220;5px&#8220;][vc_column_text]<\/p>\n<p style=\"text-align: center;\">Als Vorreiter der Innovation hat <strong>Aucar-Trailer<\/strong> den Europ\u00e4ischen Mehrzweck-Sattelanh\u00e4nger und den Feinverteiler-Sattelanh\u00e4nger POLICAR in Europa entwickelt und patentiert.<\/p>\n<p>[\/vc_column_text][vc_row_inner row_type=&#8220;row&#8220; type=&#8220;full_width&#8220; text_align=&#8220;left&#8220; css_animation=&#8220;&#8220;][vc_column_inner offset=&#8220;vc_hidden-lg vc_hidden-md vc_hidden-sm&#8220;][vc_empty_space height=&#8220;100px&#8220;][\/vc_column_inner][\/vc_row_inner][\/vc_column][vc_column width=&#8220;1\/2&#8243; offset=&#8220;vc_col-lg-offset-0 vc_col-lg-3 vc_col-md-offset-0 vc_col-md-6 vc_col-sm-offset-0 vc_col-xs-12&#8243;][vc_single_image image=&#8220;480&#8243; alignment=&#8220;center&#8220; onclick=&#8220;custom_link&#8220; qode_css_animation=&#8220;&#8220; link=&#8220;\/de\/fahrzeuge-gemacht\/&#8220;][vc_empty_space height=&#8220;15px&#8220;][vc_column_text]<\/p>\n<h3 style=\"text-align: center;\"><a href=\"\/de\/fahrzeuge-gemacht\/\">Fahrzeuge Gemacht<\/a><\/h3>\n<p>[\/vc_column_text][vc_empty_space height=&#8220;5px&#8220;][vc_column_text]<\/p>\n<p style=\"text-align: center;\"><strong>Aucar-Trailer<\/strong> f\u00fchrt eine Geschichte der bisher hergestellten Fahrzeuge. Sie k\u00f6nnen sie in diesem Link \u00fcberpr\u00fcfen.<\/p>\n<p>[\/vc_column_text][vc_row_inner row_type=&#8220;row&#8220; type=&#8220;full_width&#8220; text_align=&#8220;left&#8220; css_animation=&#8220;&#8220;][vc_column_inner offset=&#8220;vc_hidden-lg vc_hidden-md vc_hidden-sm&#8220;][vc_empty_space height=&#8220;100px&#8220;][\/vc_column_inner][\/vc_row_inner][\/vc_column][vc_column width=&#8220;1\/2&#8243; offset=&#8220;vc_col-lg-offset-0 vc_col-lg-3 vc_col-md-offset-0 vc_col-md-6 vc_col-sm-offset-0 vc_col-xs-12&#8243;][vc_single_image image=&#8220;484&#8243; alignment=&#8220;center&#8220; onclick=&#8220;custom_link&#8220; qode_css_animation=&#8220;&#8220; link=&#8220;\/de\/gebrauchtfahrzeuge\/&#8220;][vc_empty_space height=&#8220;15px&#8220;][vc_column_text]<\/p>\n<h3 style=\"text-align: center;\"><a href=\"\/de\/gebrauchtfahrzeuge\/\">Gebrauchtfahrzeuge<\/a><\/h3>\n<p>[\/vc_column_text][vc_empty_space height=&#8220;5px&#8220;][vc_column_text]<\/p>\n<p style=\"text-align: center;\">Von den von <strong>Aucar-Trailer<\/strong> hergestellten Fahrzeugen k\u00f6nnen Sie in unserer Gebrauchtwagentasche nachsehen.<\/p>\n<p>[\/vc_column_text][vc_row_inner row_type=&#8220;row&#8220; type=&#8220;full_width&#8220; text_align=&#8220;left&#8220; css_animation=&#8220;&#8220;][vc_column_inner offset=&#8220;vc_hidden-lg vc_hidden-md vc_hidden-sm&#8220;][vc_empty_space height=&#8220;100px&#8220;][\/vc_column_inner][\/vc_row_inner][\/vc_column][vc_column width=&#8220;1\/2&#8243; offset=&#8220;vc_col-lg-offset-0 vc_col-lg-3 vc_col-md-offset-0 vc_col-md-6 vc_col-sm-offset-0 vc_col-xs-12&#8243;][vc_single_image image=&#8220;428&#8243; alignment=&#8220;center&#8220; onclick=&#8220;custom_link&#8220; qode_css_animation=&#8220;&#8220; link=&#8220;\/de\/kontakt\/&#8220;][vc_empty_space height=&#8220;15px&#8220;][vc_column_text]<\/p>\n<h3 style=\"text-align: center;\"><a href=\"https:\/\/aucartrailer.com\/de\/kontakt\/\">Kontakt<\/a><\/h3>\n<p>[\/vc_column_text][vc_empty_space height=&#8220;5px&#8220;][vc_column_text]<\/p>\n<p style=\"text-align: center;\">Wenn Sie mit <strong>Aucar-Trailer<\/strong> Kontakt aufnehmen m\u00f6chten, k\u00f6nnen Sie dies \u00fcber das unten stehende Formular oder mit den Informationen tun, die beim Zugriff auf diesen Link angezeigt werden.<\/p>\n<p>[\/vc_column_text][\/vc_column][\/vc_row][vc_row css_animation=&#8220;&#8220; row_type=&#8220;row&#8220; use_row_as_full_screen_section=&#8220;no&#8220; type=&#8220;full_width&#8220; angled_section=&#8220;no&#8220; text_align=&#8220;left&#8220; background_image_as_pattern=&#8220;without_pattern&#8220; css=&#8220;.vc_custom_1522917368610{padding-right: 25px !important;padding-bottom: 20px !important;padding-left: 25px !important;}&#8220; z_index=&#8220;&#8220;][vc_column width=&#8220;1\/3&#8243; css=&#8220;.vc_custom_1522917304625{padding-right: 10px !important;padding-left: 10px !important;}&#8220;]<div class=\"qode-banner qode-banner-va-bottom\"><a class=\"qode-banner-link\" href=\"\/de\/der-europaeische-mehrzweck-sattelanhaenger\/\" target=\"_self\"><\/a><div class=\"qode-banner-image\"><img decoding=\"async\" itemprop=\"image\" src=\"https:\/\/aucartrailer.com\/wp-content\/uploads\/2019\/12\/banner3.jpg\" alt=\"Polivalente Europeo de Aucar Trailer\" \/><\/div><div class=\"qode-banner-content\"><div class=\"qode-banner-content-inner\"><div class=\"qode-banner-text-holder\">\n<h2><span style=\"color: #ffffff;\">Der europ\u00e4ische mehrzweck-sattelanh\u00e4nger<\/span><\/h2>\n<\/div><\/div><\/div><\/div>[vc_row_inner row_type=&#8220;row&#8220; type=&#8220;full_width&#8220; text_align=&#8220;left&#8220; css_animation=&#8220;&#8220;][vc_column_inner offset=&#8220;vc_hidden-lg vc_hidden-md vc_hidden-sm&#8220;][vc_empty_space height=&#8220;30px&#8220;][\/vc_column_inner][\/vc_row_inner][\/vc_column][vc_column width=&#8220;1\/3&#8243; css=&#8220;.vc_custom_1522917312209{padding-right: 10px !important;padding-left: 10px !important;}&#8220;]<div class=\"qode-banner qode-banner-va-bottom\"><a class=\"qode-banner-link\" href=\"\/de\/policar\/\" target=\"_self\"><\/a><div class=\"qode-banner-image\"><img decoding=\"async\" itemprop=\"image\" src=\"https:\/\/aucartrailer.com\/wp-content\/uploads\/2019\/12\/banner2.jpg\" alt=\"Policar - El Trailer Capilar de Aucar Trailer\" \/><\/div><div class=\"qode-banner-content\"><div class=\"qode-banner-content-inner\"><div class=\"qode-banner-text-holder\">\n<h2><span style=\"color: #ffffff;\">Policar<\/span><\/h2>\n<\/div><\/div><\/div><\/div>[vc_row_inner row_type=&#8220;row&#8220; type=&#8220;full_width&#8220; text_align=&#8220;left&#8220; css_animation=&#8220;&#8220;][vc_column_inner offset=&#8220;vc_hidden-lg vc_hidden-md vc_hidden-sm&#8220;][vc_empty_space height=&#8220;30px&#8220;][\/vc_column_inner][\/vc_row_inner][\/vc_column][vc_column width=&#8220;1\/3&#8243; css=&#8220;.vc_custom_1522917321319{padding-right: 10px !important;padding-left: 10px !important;}&#8220;]<div class=\"qode-banner qode-banner-va-bottom\"><a class=\"qode-banner-link\" href=\"\/de\/militaer-fahrschulen\/\" target=\"_self\"><\/a><div class=\"qode-banner-image\"><img decoding=\"async\" itemprop=\"image\" src=\"https:\/\/aucartrailer.com\/wp-content\/uploads\/2019\/12\/banner1.jpg\" alt=\"Autoescuelas Militares\" \/><\/div><div class=\"qode-banner-content\"><div class=\"qode-banner-content-inner\"><div class=\"qode-banner-text-holder\">\n<h2><span style=\"color: #ffffff;\">Milit\u00e4r-fahrschulen<\/span><\/h2>\n<\/div><\/div><\/div><\/div>[vc_row_inner row_type=&#8220;row&#8220; type=&#8220;full_width&#8220; text_align=&#8220;left&#8220; css_animation=&#8220;&#8220;][vc_column_inner offset=&#8220;vc_hidden-lg vc_hidden-md vc_hidden-sm&#8220;][vc_empty_space height=&#8220;30px&#8220;][\/vc_column_inner][\/vc_row_inner][\/vc_column][\/vc_row][vc_row css_animation=&#8220;&#8220; row_type=&#8220;row&#8220; use_row_as_full_screen_section=&#8220;no&#8220; type=&#8220;grid&#8220; angled_section=&#8220;no&#8220; text_align=&#8220;left&#8220; background_image_as_pattern=&#8220;without_pattern&#8220; z_index=&#8220;&#8220; css=&#8220;.vc_custom_1580465865527{padding-bottom: 71px !important;}&#8220;][vc_column width=&#8220;5\/6&#8243; offset=&#8220;vc_col-lg-offset-2 vc_col-lg-8 vc_col-md-offset-1 vc_col-md-10 vc_col-sm-offset-1 vc_col-xs-12&#8243;][vc_row_inner row_type=&#8220;row&#8220; type=&#8220;full_width&#8220; text_align=&#8220;left&#8220; css_animation=&#8220;&#8220;][vc_column_inner][vc_empty_space height=&#8220;100px&#8220; el_class=&#8220;hideMobile&#8220;][vc_empty_space height=&#8220;21px&#8220;][\/vc_column_inner][\/vc_row_inner][vc_column_text]<\/p>\n<h1 style=\"text-align: center;\">Unsere Erfahrung<\/h1>\n<p>[\/vc_column_text][vc_empty_space height=&#8220;27px&#8220;][vc_column_text]<\/p>\n<h4 style=\"text-align: center;\">Wir werden durch eine Flugbahn gest\u00fctzt, die darauf basiert, die besten Garantien und einen unschlagbaren Kundendienst anzubieten.<\/h4>\n<p>[\/vc_column_text][\/vc_column][\/vc_row][vc_row css_animation=&#8220;&#8220; row_type=&#8220;row&#8220; use_row_as_full_screen_section=&#8220;no&#8220; type=&#8220;full_width&#8220; angled_section=&#8220;no&#8220; text_align=&#8220;left&#8220; background_image_as_pattern=&#8220;without_pattern&#8220; css=&#8220;.vc_custom_1576495157632{padding-right: 0px !important;padding-left: 35px !important;background-color: #1d1d1d !important;}&#8220; z_index=&#8220;&#8220;][vc_column css=&#8220;.vc_custom_1580465650771{padding-top: 0px !important;padding-right: 0px !important;padding-bottom: 0px !important;padding-left: 0px !important;background-color: #181818 !important;}&#8220; offset=&#8220;vc_col-lg-offset-0 vc_col-lg-6 vc_col-md-offset-0 vc_col-md-12 vc_col-sm-offset-0 vc_col-xs-12 vc_hidden-xs&#8220;][qode_elements_holder number_of_columns=&#8220;one_column&#8220;][qode_elements_holder_item advanced_animations=&#8220;no&#8220; background_color=&#8220;#1d1d1d&#8220; item_padding=&#8220;105px 27% 105px 17%&#8220; item_padding_1280_1440=&#8220;90px 15% 91px 10%&#8220; item_padding_1024_1280=&#8220;57px 15% 65px 10%&#8220; item_padding_768_1024=&#8220;58px 39% 68px 12%&#8220; item_padding_600_768=&#8220;68px 18% 85px 12%&#8220; item_padding_480=&#8220;122px 9% 137px 12%&#8220;][vc_column_text]<\/p>\n<h1><span style=\"color: #ffffff;\">Kapillarvertrieb<\/span><\/h1>\n<p>[\/vc_column_text][vc_empty_space height=&#8220;29px&#8220;][vc_column_text]<span style=\"color: #ffffff;\"><strong>Aucar Trailer SL<\/strong> ist das einzige spanische Unternehmen, das Fahrzeuge exklusiv f\u00fcr Fahrschulen entwirft, entwickelt und herstellt.<\/span><\/p>\n<p>&nbsp;<\/p>\n<p><span style=\"color: #ffffff;\">Von den B\u00fcros in Barcelona aus entwirft, koordiniert und \u00fcberwacht unser technisches Team jede Arbeit nach strengsten Qualit\u00e4tsstandards.<\/span><\/p>\n<p>&nbsp;<\/p>\n<p><span style=\"color: #ffffff;\">Tenemos un amplio conocimiento de las leyes relacionadas con los veh\u00edculos para las escuelas de manejo y, por lo tanto, todos nuestros productos cumplen estrictamente con las regulaciones europeas.<\/span>[\/vc_column_text][vc_empty_space height=&#8220;40px&#8220;]<a  itemprop=\"url\" href=\"\/de\/kontakt\/\" target=\"_self\" data-hover-color=#ffffff class=\"qbutton  default\" style=\"color: #ffffff; border-color: #ffffff; \">Kontakt<\/a>[\/qode_elements_holder_item][\/qode_elements_holder][\/vc_column][vc_column css=&#8220;.vc_custom_1580465644307{margin-right: 0px !important;padding-top: 0px !important;padding-right: 0px !important;padding-bottom: 0px !important;padding-left: 0px !important;background-color: #1d1d1d !important;}&#8220; offset=&#8220;vc_col-lg-offset-0 vc_col-lg-6 vc_col-md-offset-0 vc_col-md-12 vc_col-sm-offset-0 vc_col-xs-12 vc_hidden-xs&#8220;][qode_elements_holder number_of_columns=&#8220;one_column&#8220;][qode_elements_holder_item advanced_animations=&#8220;no&#8220; item_padding=&#8220;0px 0px 0px 0px&#8220;]<div class=\"qode_video_box\">\n\t<a itemprop=\"image\" class=\"qode_video_image\" href=\"https:\/\/www.youtube.com\/watch?v=Yuhqfr_BjKA&#038;t=6s\" data-rel=\"prettyPhoto\">\n\t\t\t\n\t\t\t<img decoding=\"async\" src=\"https:\/\/aucartrailer.com\/wp-content\/uploads\/2020\/01\/policarhome-1.jpg\" \/>\n\t\t\t<span class=\"qode_video_box_button_holder\">\n\t\t\t\t<span class=\"qode_video_box_button\">\n\t\t\t\t\t<span class=\"qode_video_box_button_arrow\">\n\t\t\t\t\t<\/span>\n\t\t\t\t<\/span>\n\t\t\t<\/span>\n\t\t\t<\/a>\n<\/div>[\/qode_elements_holder_item][\/qode_elements_holder][\/vc_column][\/vc_row][vc_row css_animation=&#8220;&#8220; row_type=&#8220;row&#8220; use_row_as_full_screen_section=&#8220;no&#8220; type=&#8220;full_width&#8220; angled_section=&#8220;no&#8220; text_align=&#8220;left&#8220; background_image_as_pattern=&#8220;without_pattern&#8220; css=&#8220;.vc_custom_1580391488605{background-color: #1d1d1d !important;}&#8220; z_index=&#8220;&#8220;][vc_column offset=&#8220;vc_hidden-lg vc_hidden-md vc_hidden-sm&#8220;]<div class=\"qode_video_box\">\n\t<a itemprop=\"image\" class=\"qode_video_image\" href=\"https:\/\/www.youtube.com\/watch?v=Yuhqfr_BjKA&#038;t=6s\" data-rel=\"prettyPhoto\">\n\t\t\t\n\t\t\t<img decoding=\"async\" src=\"https:\/\/aucartrailer.com\/wp-content\/uploads\/2020\/01\/policarhome-1.jpg\" \/>\n\t\t\t<span class=\"qode_video_box_button_holder\">\n\t\t\t\t<span class=\"qode_video_box_button\">\n\t\t\t\t\t<span class=\"qode_video_box_button_arrow\">\n\t\t\t\t\t<\/span>\n\t\t\t\t<\/span>\n\t\t\t<\/span>\n\t\t\t<\/a>\n<\/div>[vc_row_inner row_type=&#8220;row&#8220; type=&#8220;full_width&#8220; text_align=&#8220;left&#8220; css_animation=&#8220;&#8220; css=&#8220;.vc_custom_1580391880268{padding-top: 40px !important;padding-right: 40px !important;padding-bottom: 40px !important;padding-left: 40px !important;}&#8220;][vc_column_inner offset=&#8220;vc_hidden-lg vc_hidden-md vc_hidden-sm&#8220;][vc_column_text]<\/p>\n<h1><span style=\"color: #ffffff;\">Kapillarvertrieb<\/span><\/h1>\n<p>[\/vc_column_text][vc_empty_space height=&#8220;29px&#8220;][vc_column_text]<span style=\"color: #ffffff;\"><strong>Aucar Trailer SL<\/strong> ist das einzige spanische Unternehmen, das Fahrzeuge exklusiv f\u00fcr Fahrschulen entwirft, entwickelt und herstellt.<\/span><\/p>\n<p>&nbsp;<\/p>\n<p><span style=\"color: #ffffff;\">Von den B\u00fcros in Barcelona aus entwirft, koordiniert und \u00fcberwacht unser technisches Team jede Arbeit nach strengsten Qualit\u00e4tsstandards.<\/span><\/p>\n<p>&nbsp;<\/p>\n<p><span style=\"color: #ffffff;\">Tenemos un amplio conocimiento de las leyes relacionadas con los veh\u00edculos para las escuelas de manejo y, por lo tanto, todos nuestros productos cumplen estrictamente con las regulaciones europeas.<\/span>[\/vc_column_text][vc_empty_space height=&#8220;40px&#8220;]<a  itemprop=\"url\" href=\"\/de\/kontakt\/\" target=\"_self\" data-hover-color=#ffffff class=\"qbutton  default\" style=\"color: #ffffff; border-color: #ffffff; \">Kontakt<\/a>[\/vc_column_inner][\/vc_row_inner][\/vc_column][\/vc_row]<\/p>\n<\/div>","protected":false},"excerpt":{"rendered":"<p>[vc_row css_animation=&#8220;&#8220; row_type=&#8220;row&#8220; use_row_as_full_screen_section=&#8220;no&#8220; type=&#8220;full_width&#8220; angled_section=&#8220;no&#8220; text_align=&#8220;left&#8220; background_image_as_pattern=&#8220;without_pattern&#8220;][vc_column][vc_row_inner row_type=&#8220;row&#8220; type=&#8220;full_width&#8220; text_align=&#8220;left&#8220; css_animation=&#8220;&#8220;][vc_column_inner][vc_empty_space height=&#8220;100px&#8220; el_class=&#8220;hideMobile&#8220;][vc_empty_space height=&#8220;61px&#8220;][\/vc_column_inner][\/vc_row_inner][\/vc_column][\/vc_row][vc_row css_animation=&#8220;&#8220; row_type=&#8220;row&#8220; use_row_as_full_screen_section=&#8220;no&#8220; type=&#8220;grid&#8220; angled_section=&#8220;no&#8220; text_align=&#8220;left&#8220; background_image_as_pattern=&#8220;without_pattern&#8220; z_index=&#8220;&#8220; css=&#8220;.vc_custom_1580465716016{padding-bottom: 123px !important;}&#8220;][vc_column width=&#8220;1\/2&#8243; offset=&#8220;vc_col-lg-offset-0 vc_col-lg-3 vc_col-md-offset-0 vc_col-md-6 vc_col-sm-offset-0 vc_col-xs-12&#8243;][vc_single_image image=&#8220;416&#8243; alignment=&#8220;center&#8220; onclick=&#8220;custom_link&#8220; qode_css_animation=&#8220;&#8220; link=&#8220;\/de\/wer-wir-sind\/unternehmen\/&#8220;][vc_empty_space height=&#8220;15px&#8220;][vc_column_text] Wer wir sing [\/vc_column_text][vc_empty_space height=&#8220;5px&#8220;][vc_column_text] Als&#8230;<\/p>\n","protected":false},"author":1,"featured_media":0,"parent":0,"menu_order":0,"comment_status":"closed","ping_status":"closed","template":"full_width.php","meta":{"footnotes":""},"class_list":["post-393","page","type-page","status-publish","hentry"],"_links":{"self":[{"href":"https:\/\/aucartrailer.com\/de\/wp-json\/wp\/v2\/pages\/393","targetHints":{"allow":["GET"]}}],"collection":[{"href":"https:\/\/aucartrailer.com\/de\/wp-json\/wp\/v2\/pages"}],"about":[{"href":"https:\/\/aucartrailer.com\/de\/wp-json\/wp\/v2\/types\/page"}],"author":[{"embeddable":true,"href":"https:\/\/aucartrailer.com\/de\/wp-json\/wp\/v2\/users\/1"}],"replies":[{"embeddable":true,"href":"https:\/\/aucartrailer.com\/de\/wp-json\/wp\/v2\/comments?post=393"}],"version-history":[{"count":16,"href":"https:\/\/aucartrailer.com\/de\/wp-json\/wp\/v2\/pages\/393\/revisions"}],"predecessor-version":[{"id":2590,"href":"https:\/\/aucartrailer.com\/de\/wp-json\/wp\/v2\/pages\/393\/revisions\/2590"}],"wp:attachment":[{"href":"https:\/\/aucartrailer.com\/de\/wp-json\/wp\/v2\/media?parent=393"}],"curies":[{"name":"wp","href":"https:\/\/api.w.org\/{rel}","templated":true}]}}