{"id":2245,"date":"2019-10-25T09:14:38","date_gmt":"2019-10-25T09:14:38","guid":{"rendered":"https:\/\/aucartrailer.com\/mentions-legales\/"},"modified":"2020-01-17T12:14:05","modified_gmt":"2020-01-17T12:14:05","slug":"impressum","status":"publish","type":"page","link":"https:\/\/aucartrailer.com\/de\/impressum\/","title":{"rendered":"Impressum"},"content":{"rendered":"<div class=\"wpb-content-wrapper\"><p>[vc_row css_animation=&#8220;&#8220; row_type=&#8220;row&#8220; use_row_as_full_screen_section=&#8220;no&#8220; type=&#8220;grid&#8220; angled_section=&#8220;no&#8220; text_align=&#8220;left&#8220; background_image_as_pattern=&#8220;without_pattern&#8220; z_index=&#8220;&#8220; css=&#8220;.vc_custom_1571924590472{margin-top: 50px !important;}&#8220;][vc_column width=&#8220;1\/3&#8243;][vc_separator type=&#8220;normal&#8220; color=&#8220;#d71f26&#8243; thickness=&#8220;2&#8243; up=&#8220;30&#8243;][\/vc_column][vc_column width=&#8220;1\/3&#8243;][vc_column_text]<\/p>\n<h1 style=\"text-align: center;\">Impressum<\/h1>\n<p>[\/vc_column_text][\/vc_column][vc_column width=&#8220;1\/3&#8243;][vc_separator type=&#8220;normal&#8220; color=&#8220;#d71f26&#8243; thickness=&#8220;2&#8243; up=&#8220;30&#8243;][\/vc_column][\/vc_row][vc_row css_animation=&#8220;&#8220; row_type=&#8220;row&#8220; use_row_as_full_screen_section=&#8220;no&#8220; type=&#8220;grid&#8220; angled_section=&#8220;no&#8220; text_align=&#8220;left&#8220; background_image_as_pattern=&#8220;without_pattern&#8220; z_index=&#8220;&#8220;][vc_column][vc_column_text css=&#8220;.vc_custom_1579262940816{margin-top: 35px !important;margin-right: 30px !important;}&#8220;]<\/p>\n<h3 style=\"text-align: left;\">Copyrights<\/h3>\n<p>[\/vc_column_text][vc_column_text css=&#8220;.vc_custom_1579263171568{margin-top: 35px !important;margin-right: 30px !important;}&#8220;]<\/p>\n<p style=\"text-align: left;\">Copyright 2005 Aucar Trailer, alle Rechte vorbehalten. Der Text, die Bilder, Graphiken, Tondateien, Animationen, Videodateien und ihr Design auf der Webseite von Aucar Trailer sind Copyright-gesch\u00fctzt und unterliegen dem Urheberrecht. Alle diese Objekte d\u00fcrfen nicht g\u00fcltig und rechtm\u00e4\u00dfig zur gewerblichen Nutzung kopiert oder vervielf\u00e4ltigt werden und d\u00fcrfen nicht ver\u00e4ndert oder in andere Webseiten aufgenommen werden. Die Webseite von Aucar Trailer kann ferner Material enthalten, dessen Copyright Dritten geh\u00f6rt.<\/p>\n<p>[\/vc_column_text][vc_column_text css=&#8220;.vc_custom_1579263202071{margin-top: 35px !important;margin-right: 30px !important;}&#8220;]<\/p>\n<h3 style=\"text-align: left;\">Handelsmarken<\/h3>\n<p>[\/vc_column_text][vc_column_text css=&#8220;.vc_custom_1579263210048{margin-top: 35px !important;margin-right: 30px !important;}&#8220;]<\/p>\n<p style=\"text-align: left;\">Sofern nicht anders angegeben sind alle auf der Webseite von Aucar Trailer dargestellten Marken durch die Rechte ihrer jeweiligen Hersteller gesch\u00fctzt. Dies gilt auch f\u00fcr alle Modell-Typenschilder, Logos und Firmenembleme.<\/p>\n<p>[\/vc_column_text][vc_column_text css=&#8220;.vc_custom_1579263216686{margin-top: 35px !important;margin-right: 30px !important;}&#8220;]<\/p>\n<h3 style=\"text-align: left;\">Patente<\/h3>\n<p>[\/vc_column_text][vc_column_text css=&#8220;.vc_custom_1579263224336{margin-top: 35px !important;margin-right: 30px !important;}&#8220;]<\/p>\n<p style=\"text-align: left;\">Der &#8222;Europ\u00e4ische Mehrzweck-Sattelh\u00e4nger&#8220; ist durch Gemeinschaftsmuster und Gebrauchsmuster in all seinen Versionen gegen jegliche m\u00f6gliche Nachahmung gesch\u00fctzt. Der Anh\u00e4nger &#8222;Evolution&#8220; ist ebenfalls durch das entsprechende Gebrauchsmuster gesch\u00fctzt.<\/p>\n<p>[\/vc_column_text][vc_column_text css=&#8220;.vc_custom_1579263234998{margin-top: 35px !important;margin-right: 30px !important;}&#8220;]<\/p>\n<h3 style=\"text-align: left;\">Inhaltsgew\u00e4hrleistungen<\/h3>\n<p>[\/vc_column_text][vc_column_text css=&#8220;.vc_custom_1579263243624{margin-top: 35px !important;margin-right: 30px !important;}&#8220;]<\/p>\n<p style=\"text-align: left;\">Alle von Aucar Trailer angegebenen Informationen auf der Webseite werden zur Orientierung und zwar so genau und aktuell wie m\u00f6glich aber ohne implizite oder explizite Gew\u00e4hr gegeben. Insbesondere stellen sie keine stillschweigende Verpflichtung oder Gew\u00e4hrleistung \u00fcber die Zusammensetzung oder Verf\u00fcgbarkeit der Produkte, ihre Eignung f\u00fcr bestimmte Zwecke oder die Einhaltung von Gesetzen oder Patentrechten dar. Wenngleich der ver\u00f6ffentlichte Inhalt im Prinzip als richtig anzusehen ist, kann er Fehler oder Ungenauigkeiten enthalten. Wir empfehlen daher, sich bez\u00fcglich aller relevanten Aspekte an uns zu wenden.<\/p>\n<p>[\/vc_column_text][vc_separator type=&#8220;transparent&#8220; down=&#8220;40&#8243;][\/vc_column][\/vc_row]<\/p>\n<\/div>","protected":false},"excerpt":{"rendered":"<p>[vc_row css_animation=&#8220;&#8220; row_type=&#8220;row&#8220; use_row_as_full_screen_section=&#8220;no&#8220; type=&#8220;grid&#8220; angled_section=&#8220;no&#8220; text_align=&#8220;left&#8220; background_image_as_pattern=&#8220;without_pattern&#8220; z_index=&#8220;&#8220; css=&#8220;.vc_custom_1571924590472{margin-top: 50px !important;}&#8220;][vc_column width=&#8220;1\/3&#8243;][vc_separator type=&#8220;normal&#8220; color=&#8220;#d71f26&#8243; thickness=&#8220;2&#8243; up=&#8220;30&#8243;][\/vc_column][vc_column width=&#8220;1\/3&#8243;][vc_column_text] Impressum [\/vc_column_text][\/vc_column][vc_column width=&#8220;1\/3&#8243;][vc_separator type=&#8220;normal&#8220; color=&#8220;#d71f26&#8243; thickness=&#8220;2&#8243; up=&#8220;30&#8243;][\/vc_column][\/vc_row][vc_row css_animation=&#8220;&#8220; row_type=&#8220;row&#8220; use_row_as_full_screen_section=&#8220;no&#8220; type=&#8220;grid&#8220; angled_section=&#8220;no&#8220; text_align=&#8220;left&#8220; background_image_as_pattern=&#8220;without_pattern&#8220; z_index=&#8220;&#8220;][vc_column][vc_column_text css=&#8220;.vc_custom_1579262940816{margin-top: 35px !important;margin-right: 30px !important;}&#8220;] Copyrights [\/vc_column_text][vc_column_text css=&#8220;.vc_custom_1579263171568{margin-top: 35px !important;margin-right: 30px !important;}&#8220;]&#8230;<\/p>\n","protected":false},"author":1,"featured_media":0,"parent":0,"menu_order":0,"comment_status":"closed","ping_status":"closed","template":"full_width.php","meta":{"footnotes":""},"class_list":["post-2245","page","type-page","status-publish","hentry"],"_links":{"self":[{"href":"https:\/\/aucartrailer.com\/de\/wp-json\/wp\/v2\/pages\/2245","targetHints":{"allow":["GET"]}}],"collection":[{"href":"https:\/\/aucartrailer.com\/de\/wp-json\/wp\/v2\/pages"}],"about":[{"href":"https:\/\/aucartrailer.com\/de\/wp-json\/wp\/v2\/types\/page"}],"author":[{"embeddable":true,"href":"https:\/\/aucartrailer.com\/de\/wp-json\/wp\/v2\/users\/1"}],"replies":[{"embeddable":true,"href":"https:\/\/aucartrailer.com\/de\/wp-json\/wp\/v2\/comments?post=2245"}],"version-history":[{"count":2,"href":"https:\/\/aucartrailer.com\/de\/wp-json\/wp\/v2\/pages\/2245\/revisions"}],"predecessor-version":[{"id":2247,"href":"https:\/\/aucartrailer.com\/de\/wp-json\/wp\/v2\/pages\/2245\/revisions\/2247"}],"wp:attachment":[{"href":"https:\/\/aucartrailer.com\/de\/wp-json\/wp\/v2\/media?parent=2245"}],"curies":[{"name":"wp","href":"https:\/\/api.w.org\/{rel}","templated":true}]}}