{"id":1461,"date":"2019-09-12T10:13:27","date_gmt":"2019-09-12T10:13:27","guid":{"rendered":"https:\/\/aucartrailer.com\/politica-de-calidad-y-medio-ambiente\/"},"modified":"2021-09-17T09:35:14","modified_gmt":"2021-09-17T09:35:14","slug":"qualitaet-und-umwelt","status":"publish","type":"page","link":"https:\/\/aucartrailer.com\/de\/wer-wir-sind\/qualitaet-und-umwelt\/","title":{"rendered":"Qualit\u00e4t und umwelt"},"content":{"rendered":"<div class=\"wpb-content-wrapper\"><p>[vc_row css_animation=&#8220;&#8220; row_type=&#8220;row&#8220; use_row_as_full_screen_section=&#8220;no&#8220; type=&#8220;grid&#8220; angled_section=&#8220;no&#8220; text_align=&#8220;left&#8220; background_image_as_pattern=&#8220;without_pattern&#8220; z_index=&#8220;&#8220; css=&#8220;.vc_custom_1571924590472{margin-top: 50px !important;}&#8220;][vc_column width=&#8220;3\/12&#8243;][vc_separator type=&#8220;normal&#8220; color=&#8220;#d71f26&#8243; thickness=&#8220;2&#8243; up=&#8220;30&#8243;][\/vc_column][vc_column width=&#8220;6\/12&#8243;][vc_column_text]<\/p>\n<h1 style=\"text-align: center;\">Qualit\u00e4t und umwelt<\/h1>\n<p>[\/vc_column_text][vc_separator type=&#8220;transparent&#8220; down=&#8220;60&#8243; el_class=&#8220;separadorTimeline&#8220;][\/vc_column][vc_column width=&#8220;3\/12&#8243;][vc_separator type=&#8220;normal&#8220; color=&#8220;#d71f26&#8243; thickness=&#8220;2&#8243; up=&#8220;30&#8243;][\/vc_column][\/vc_row][vc_row css_animation=&#8220;&#8220; row_type=&#8220;row&#8220; use_row_as_full_screen_section=&#8220;no&#8220; type=&#8220;grid&#8220; angled_section=&#8220;no&#8220; text_align=&#8220;left&#8220; background_image_as_pattern=&#8220;without_pattern&#8220; z_index=&#8220;&#8220;][vc_column width=&#8220;7\/12&#8243;][vc_column_text]<strong>Aucar Trailer<\/strong> wurde von <a href=\"\/wp-content\/uploads\/2021\/03\/2020-2023-ISO9001-Aenor.pdf\" target=\"_blank\" rel=\"noopener\">Aenor<\/a> und dem internationalen Organismus <a href=\"\/wp-content\/uploads\/2021\/03\/2020-2023-ISO9001-IQNET.pdf\" target=\"_blank\" rel=\"noopener\">IQNet<\/a> nach der Qualit\u00e4tsnorm ISO 9001 zertifiziert. Zudem erhielt das Unternehmen das Qualit\u00e4tszertifikat nach <a href=\"\/wp-content\/uploads\/2024\/03\/AUCAR-TRAILER_2110Ed4_2023.pdf\" target=\"_blank\" rel=\"noopener\">PECAL 2110<\/a>, welches vom spanischen Verteidigungsministerium erteilt wird. <a href=\"\/wp-content\/uploads\/2024\/03\/CertificadoGA-2017-0193_ES_2023-05-31.pdf\" target=\"_blank\" rel=\"noopener\">AENOR<\/a> und <a href=\"\/wp-content\/uploads\/2021\/03\/2020-2023-ISO4001-IQNet.pdf\" target=\"_blank\" rel=\"noopener\">IQNet<\/a> zertifizierten ebenfalls das Umweltmanagementsystem des Unternehmens nach der Norm ISO 14001.<\/p>\n<p>&nbsp;<\/p>\n<p><strong>Aucar<\/strong> hat sich der st\u00e4ndigen Verbesserung seiner Verfahren und Produkte und auch dem Schutz der Umwelt verschrieben.<\/p>\n<p>&nbsp;<\/p>\n<p>Unsere Qualit\u00e4tsanspr\u00fcche sind sehr hoch und werden regelm\u00e4\u00dfig externen Audits durch international anerkannten Organismen unterzogen. Das ist der Grund daf\u00fcr, dass unsere Fahrzeuge die Qualit\u00e4tsniveaus der normalerweise auf dem Markt zu findenden Produkte \u00fcbersteigen.[\/vc_column_text][\/vc_column][vc_column width=&#8220;5\/12&#8243;][vc_single_image image=&#8220;683&#8243; img_size=&#8220;large&#8220; alignment=&#8220;right&#8220; qode_css_animation=&#8220;&#8220;][vc_separator type=&#8220;transparent&#8220; up=&#8220;10&#8243;][\/vc_column][\/vc_row][vc_row css_animation=&#8220;&#8220; row_type=&#8220;row&#8220; use_row_as_full_screen_section=&#8220;no&#8220; type=&#8220;grid&#8220; angled_section=&#8220;no&#8220; text_align=&#8220;left&#8220; background_image_as_pattern=&#8220;without_pattern&#8220; z_index=&#8220;&#8220;][vc_column][vc_column_text]Unsere Entwicklungsabteilung arbeitet eng mit den Abteilungen Produktion und Kundendienst zusammen, um die Leistungen unserer Fahrzeuge stets gemessen an den Bed\u00fcrfnissen unserer Kunden und den Qualit\u00e4tskriterien, die uns ausmachen, zu verbessern.<\/p>\n<p>&nbsp;<\/p>\n<p>Ein weiteres Zeichen f\u00fcr die Qualit\u00e4t unserer Fahrzeuge ist die Tatsache, dass wir als Zulieferer f\u00fcr einen der anspruchsvollsten Kunden f\u00fcr diese Art der Fahrzeuge, das spanische Heer, ausgew\u00e4hlt wurden.[\/vc_column_text][\/vc_column][\/vc_row][vc_row css_animation=&#8220;&#8220; row_type=&#8220;row&#8220; use_row_as_full_screen_section=&#8220;no&#8220; type=&#8220;grid&#8220; angled_section=&#8220;no&#8220; text_align=&#8220;left&#8220; background_image_as_pattern=&#8220;without_pattern&#8220; z_index=&#8220;&#8220;][vc_column][vc_separator type=&#8220;transparent&#8220; down=&#8220;40&#8243;][vc_column_text]<\/p>\n<h2 style=\"text-align: left;\">Qualit\u00e4t und umwelt<\/h2>\n<p>[\/vc_column_text][vc_separator type=&#8220;small&#8220; position=&#8220;left&#8220; color=&#8220;#d71f26&#8243; thickness=&#8220;2&#8243; width=&#8220;50&#8243; up=&#8220;10&#8243; down=&#8220;20&#8243;][vc_column_text]<strong>AUCAR TRAILER, S.L.<\/strong> ist ein Unternehmen, das sich mit der Vorbereitung von Schwerfahrzeugen f\u00fcr den Transport und f\u00fcr Fahrschulen besch\u00e4ftigt. Seit der Unternehmensgr\u00fcndung, im Jahre 2000, ist Qualit\u00e4t ein wichtiges Unterscheidungsmerkmal gewesen.<\/p>\n<p>&nbsp;<\/p>\n<p>Die Gesch\u00e4ftsf\u00fchrung von <strong>AUCAR TRAILER, S.L.<\/strong> ist der Auffassung, dass der beste Werbepartner ein Kunde ist, der mit den erhaltenen Produkten und Dienstleistungen vollst\u00e4ndig zufrieden ist, und deshalb zielt unsere Politik auf diese Zufriedenstellung ab, und auch auf die Erhaltung der Umwelt, unter Ber\u00fccksichtigung des Zusammenspiels mit unseren Produkten im Laufe ihrer Nutzungsdauer.<\/p>\n<p>&nbsp;<\/p>\n<p>Daf\u00fcr arbeiten wir an folgenden Aspekten:<\/p>\n<p>&nbsp;<\/p>\n<ol class=\"llista\" type=\"a\">\n<li>Anpassung unseres Unternehmens, um bei unseren Kunden, durch die Kenntnis ihrer Erwartungen, den h\u00f6chsten Zufriedenheitsgrad zu erreichen.<\/li>\n<li>Wir haben Qualit\u00e4ts- und Umweltmanagementsysteme nach den Normen <a href=\"\/wp-content\/uploads\/2021\/03\/2020-2023-ISO9001-Aenor.pdf\" target=\"_blank\" rel=\"noopener\">UNE-EN-ISO 9001<\/a>, <a href=\"\/wp-content\/uploads\/2024\/03\/AUCAR-TRAILER_2110Ed4_2023.pdf\" target=\"_blank\" rel=\"noopener\">PECAL 2110<\/a> und <a href=\"\/wp-content\/uploads\/2024\/03\/CertificadoGA-2017-0193_ES_2023-05-31.pdf\" target=\"_blank\" rel=\"noopener\">UNE-EN-ISO 14001<\/a> eingef\u00fchrt, die wir st\u00e4ndig erhalten und verbessern, und erf\u00fcllen ebenfalls die Gesetzgebung und Verordnungen im Bereich Produkte, Dienstleistungen, Umweltschutz und sonstige Vorgaben, die von der Organisation unterzeichnet werden.<\/li>\n<li>Anwendung des Prinzips \u201eDer Kunde hat immer Recht\u201c.<\/li>\n<li>St\u00e4ndige Weiterentwicklung der Verfahren und Vorgehensweisen, mit dem Ziel, unsere T\u00e4tigkeiten und die Leistung im Bereich Umweltschutz stets zu verbessern.<\/li>\n<li>Wir versuchen uns st\u00e4ndig in der Planung, Organisation, Pr\u00fcfung und \u00dcberwachung unserer Produktionssysteme und Dienstleistungen zu verbessern, und richten uns dabei nach den Markterwartungen. Wir f\u00f6rdern die Energieeffizienz und die Wiederverwertung bereits w\u00e4hrend der Designphase unserer Produkte und Verfahren, und reduzieren, wenn m\u00f6glich, die Abfallprodukte und Emissionen, die von unseren T\u00e4tigkeiten erzeugt werden.<\/li>\n<li>Wir arbeiten eng mit unseren Lieferanten und den unterbeauftragten Unternehmen bei der Verbesserung der Qualit\u00e4t und deren Umweltschutzt\u00e4tigkeiten, zusammen.<\/li>\n<li>Wir f\u00fchren eine offene Zusammenarbeitsbeziehung mit unseren Kunden, Lieferanten, mit der Verwaltung, mit unserer Umgebung und, allgemein, mit allen sozialen Sektoren, die an unseren T\u00e4tigkeiten interessiert sind, und verbessern daf\u00fcr die Informationen, die wir nach au\u00dfen vermitteln.<\/li>\n<li>Alle unsere Mitarbeiter werden in Sachen Managementsystem geschult.<\/li>\n<li>Teamarbeit als ein Weg zur \u00dcberwindung und zur st\u00e4ndigen Verbesserung des Managementsystems und zur Verhinderung der Umweltverschmutzung.<\/li>\n<li>Analyse, Planung und Zurverf\u00fcgungstellung der erforderlichen technischen Mittel, damit unser Unternehmen in der Lage ist, diese Politik erfolgreich umzusetzen.<\/li>\n<\/ol>\n<p>[\/vc_column_text][vc_empty_space][vc_column_text]<\/p>\n<p style=\"font-weight: 400;\"><strong>Die Generaldirektion<\/strong><\/p>\n<p style=\"font-weight: 400;\">In Premi\u00e0 de Mar, 19. April 2017<\/p>\n<p>[\/vc_column_text][\/vc_column][\/vc_row][vc_row css_animation=&#8220;&#8220; row_type=&#8220;row&#8220; use_row_as_full_screen_section=&#8220;no&#8220; type=&#8220;grid&#8220; angled_section=&#8220;no&#8220; text_align=&#8220;left&#8220; background_image_as_pattern=&#8220;without_pattern&#8220; z_index=&#8220;&#8220;][vc_column][vc_separator type=&#8220;transparent&#8220; down=&#8220;40&#8243;][vc_column_text]<\/p>\n<h2 style=\"text-align: left;\">Umweltverhaltensregeln f\u00fcr externe unternehmen<\/h2>\n<p>[\/vc_column_text][vc_separator type=&#8220;small&#8220; position=&#8220;left&#8220; color=&#8220;#d71f26&#8243; thickness=&#8220;2&#8243; width=&#8220;50&#8243; up=&#8220;10&#8243; down=&#8220;20&#8243;][vc_column_text]Beauftragte oder unterbeauftragte Unternehmen und Lieferanten, die f\u00fcr <strong>AUCAR TRAILER, S.L.<\/strong> arbeiten, m\u00fcssen folgende Voraussetzungen in Sachen Umweltschutz kennen und erf\u00fcllen:<\/p>\n<p>&nbsp;<\/p>\n<ol class=\"llista\" type=\"a\">\n<li>Beauftragte oder unterbeauftragte Unternehmen und Lieferanten verpflichten sich, jegliche Umweltauswirkungen, die sich aus den, in den Anlagen von AUCAR TRAILER, S.L. durchgef\u00fchrten Arbeiten ergeben, so weit wie m\u00f6glich zu minimieren.<\/li>\n<li>Abf\u00e4lle und Materialreste, die als Folge der Arbeiten der beauftragten oder unterbeauftragten Unternehmen und Lieferanten entstehen, m\u00fcssen, vom Verursacher, so schnell wie m\u00f6glich entfernt werden.<\/li>\n<li>Luftemissionen und L\u00e4rmger\u00e4usche, die durch ihre T\u00e4tigkeiten verursacht werden, d\u00fcrfen nicht die gesetzlich zugelassenen Grenzwerte \u00fcberschreiten, so dass die geringste Auswirkung im Arbeitsbereich sichergestellt wird.<\/li>\n<li>Abw\u00e4sser m\u00fcssen der Abwasserkanalisation oder den Wasserabzugsrinnen zugef\u00fchrt werden und d\u00fcrfen auf keinen Fall die gesetzlich zugelassenen Grenzwerte \u00fcberschreiten.<\/li>\n<li>Jegliche Freisetzungen oder zuf\u00e4llige Versch\u00fcttungen m\u00fcssen entfernt werden und d\u00fcrfen auf keinen Fall der Kanalisation der Anlage zugef\u00fchrt werden. Sollten Abf\u00e4lle von absorbierendem Material entstehen (Sepiolith, Saugmatten, S\u00e4gesp\u00e4ne, usw.) m\u00fcssen diese, in Absprache mit dem Umweltbeauftragten, vom beauftragten oder unterbeauftragten Unternehmen entfernt werden.<\/li>\n<li>Das beauftragte oder unterbeauftragte Unternehmen ist daf\u00fcr zust\u00e4ndig, nach erfolgter Arbeit, s\u00e4mtliches Material oder Abf\u00e4lle, und auch Produktversch\u00fcttungen zu entfernen.<\/li>\n<li>Die Kosten f\u00fcr das korrekte Umweltmanagement, die sich aus den Arbeiten, die vom beauftragten oder unterbeauftragten Unternehmen und den Lieferanten durchgef\u00fchrt werden, ergeben, werden vom entsprechenden Verursacher getragen.<\/li>\n<li>Jegliche Umweltrisikosituation, die w\u00e4hrend der Leistung der Dienste auftreten sollten, muss dem Umweltbeauftragten mitgeteilt werden.<\/li>\n<\/ol>\n<p>&nbsp;<\/p>\n<p><strong>Aucar Trailer, S.L.<\/strong>\u00a0steht allen Interessenten zur Verf\u00fcgung, um etwaige Details oder Fragen zu den Umweltverhaltenspflichten die bei <strong>AUCAR TRAILER, S.L.<\/strong> und f\u00fcr Dritte, die mit den T\u00e4tigkeiten des Unternehmens verbunden sind, gelten, zu kl\u00e4ren.[\/vc_column_text][\/vc_column][\/vc_row][vc_row css_animation=&#8220;&#8220; row_type=&#8220;row&#8220; use_row_as_full_screen_section=&#8220;no&#8220; type=&#8220;grid&#8220; angled_section=&#8220;no&#8220; text_align=&#8220;left&#8220; background_image_as_pattern=&#8220;without_pattern&#8220; z_index=&#8220;&#8220;][vc_column][vc_separator type=&#8220;transparent&#8220; down=&#8220;40&#8243;][vc_column_text]<\/p>\n<h2 style=\"text-align: left;\">UMWELTLEISTUNG seit dem Jahre 2017<\/h2>\n<p>[\/vc_column_text][vc_separator type=&#8220;small&#8220; position=&#8220;left&#8220; color=&#8220;#d71f26&#8243; thickness=&#8220;2&#8243; width=&#8220;50&#8243; up=&#8220;10&#8243; down=&#8220;20&#8243;][vc_column_text]<strong>AUCAR TRAILER, S.L.<\/strong> verf\u00fcgt \u00fcber ein zertifiziertes Umweltmanagementsystem auf der Grundlage der Norm <a href=\"\/wp-content\/uploads\/2024\/03\/CertificadoGA-2017-0193_ES_2023-05-31.pdf\" target=\"_blank\" rel=\"noopener\">ISO 14001<\/a>.<\/p>\n<p>&nbsp;<\/p>\n<p><strong>AUCAR TRAILER, S.L.<\/strong> \u00fcberwacht die Umweltleistung der Werkst\u00e4tten, mit denen sie in ganz Spanien zusammenarbeitet, wobei sie denjenigen den Vorzug gibt, die \u00fcber ein zertifiziertes Umweltmanagementsystem verf\u00fcgen.<\/p>\n<p>&nbsp;<\/p>\n<p>Die Mitarbeiter von <strong>AUCAR TRAILER, S.L.<\/strong> werden regelm\u00e4\u00dfig in Sachen Umweltbewusstsein geschult, um einen Beitrag zur Erf\u00fcllung der geplanten Umweltziele zu leisten.<\/p>\n<p>&nbsp;<\/p>\n<p><strong>AUCAR TRAILER, S.L.<\/strong> misst seine Umweltleistung durch Ma\u00dfnahmen zur Verbrauchs- und Abfallreduzierung, wobei der Schwerpunkt auf den wichtigsten Umweltaspekten liegt: Kraftstoff- und Energieverbrauch sowie abgeleitete Emissionen.[\/vc_column_text][\/vc_column][\/vc_row][vc_row css_animation=&#8220;&#8220; row_type=&#8220;row&#8220; use_row_as_full_screen_section=&#8220;no&#8220; type=&#8220;full_width&#8220; angled_section=&#8220;no&#8220; text_align=&#8220;left&#8220; background_image_as_pattern=&#8220;without_pattern&#8220;][vc_column][vc_empty_space height=&#8220;180px&#8220;][\/vc_column][\/vc_row]<\/p>\n<\/div>","protected":false},"excerpt":{"rendered":"<p>[vc_row css_animation=&#8220;&#8220; row_type=&#8220;row&#8220; use_row_as_full_screen_section=&#8220;no&#8220; type=&#8220;grid&#8220; angled_section=&#8220;no&#8220; text_align=&#8220;left&#8220; background_image_as_pattern=&#8220;without_pattern&#8220; z_index=&#8220;&#8220; css=&#8220;.vc_custom_1571924590472{margin-top: 50px !important;}&#8220;][vc_column width=&#8220;3\/12&#8243;][vc_separator type=&#8220;normal&#8220; color=&#8220;#d71f26&#8243; thickness=&#8220;2&#8243; up=&#8220;30&#8243;][\/vc_column][vc_column width=&#8220;6\/12&#8243;][vc_column_text] Qualit\u00e4t und umwelt [\/vc_column_text][vc_separator type=&#8220;transparent&#8220; down=&#8220;60&#8243; el_class=&#8220;separadorTimeline&#8220;][\/vc_column][vc_column width=&#8220;3\/12&#8243;][vc_separator type=&#8220;normal&#8220; color=&#8220;#d71f26&#8243; thickness=&#8220;2&#8243; up=&#8220;30&#8243;][\/vc_column][\/vc_row][vc_row css_animation=&#8220;&#8220; row_type=&#8220;row&#8220; use_row_as_full_screen_section=&#8220;no&#8220; type=&#8220;grid&#8220; angled_section=&#8220;no&#8220; text_align=&#8220;left&#8220; background_image_as_pattern=&#8220;without_pattern&#8220; z_index=&#8220;&#8220;][vc_column width=&#8220;7\/12&#8243;][vc_column_text]Aucar Trailer wurde von Aenor und dem&#8230;<\/p>\n","protected":false},"author":1,"featured_media":0,"parent":2280,"menu_order":0,"comment_status":"closed","ping_status":"closed","template":"full_width.php","meta":{"footnotes":""},"class_list":["post-1461","page","type-page","status-publish","hentry"],"_links":{"self":[{"href":"https:\/\/aucartrailer.com\/de\/wp-json\/wp\/v2\/pages\/1461","targetHints":{"allow":["GET"]}}],"collection":[{"href":"https:\/\/aucartrailer.com\/de\/wp-json\/wp\/v2\/pages"}],"about":[{"href":"https:\/\/aucartrailer.com\/de\/wp-json\/wp\/v2\/types\/page"}],"author":[{"embeddable":true,"href":"https:\/\/aucartrailer.com\/de\/wp-json\/wp\/v2\/users\/1"}],"replies":[{"embeddable":true,"href":"https:\/\/aucartrailer.com\/de\/wp-json\/wp\/v2\/comments?post=1461"}],"version-history":[{"count":10,"href":"https:\/\/aucartrailer.com\/de\/wp-json\/wp\/v2\/pages\/1461\/revisions"}],"predecessor-version":[{"id":2680,"href":"https:\/\/aucartrailer.com\/de\/wp-json\/wp\/v2\/pages\/1461\/revisions\/2680"}],"up":[{"embeddable":true,"href":"https:\/\/aucartrailer.com\/de\/wp-json\/wp\/v2\/pages\/2280"}],"wp:attachment":[{"href":"https:\/\/aucartrailer.com\/de\/wp-json\/wp\/v2\/media?parent=1461"}],"curies":[{"name":"wp","href":"https:\/\/api.w.org\/{rel}","templated":true}]}}