{"id":1458,"date":"2019-09-12T10:13:59","date_gmt":"2019-09-12T10:13:59","guid":{"rendered":"https:\/\/aucartrailer.com\/polivalente-europeo\/"},"modified":"2020-01-29T09:45:03","modified_gmt":"2020-01-29T09:45:03","slug":"der-europaeische-mehrzweck-sattelanhaenger","status":"publish","type":"page","link":"https:\/\/aucartrailer.com\/de\/der-europaeische-mehrzweck-sattelanhaenger\/","title":{"rendered":"Der europ\u00e4ische mehrzweck-sattelanh\u00e4nger"},"content":{"rendered":"<div class=\"wpb-content-wrapper\"><p>[vc_row css_animation=&#8220;&#8220; row_type=&#8220;row&#8220; use_row_as_full_screen_section=&#8220;no&#8220; type=&#8220;grid&#8220; angled_section=&#8220;no&#8220; text_align=&#8220;left&#8220; background_image_as_pattern=&#8220;without_pattern&#8220; z_index=&#8220;&#8220; css=&#8220;.vc_custom_1571924590472{margin-top: 50px !important;}&#8220;][vc_column width=&#8220;1\/12&#8243;][vc_separator type=&#8220;normal&#8220; color=&#8220;#d71f26&#8243; thickness=&#8220;2&#8243; up=&#8220;30&#8243;][\/vc_column][vc_column width=&#8220;10\/12&#8243;][vc_column_text]<\/p>\n<h1 style=\"text-align: center;\">Der europ\u00e4ische mehrzweck-sattelanh\u00e4nger<\/h1>\n<p>[\/vc_column_text][vc_separator type=&#8220;transparent&#8220; down=&#8220;60&#8243; el_class=&#8220;separadorTimeline&#8220;][\/vc_column][vc_column width=&#8220;1\/12&#8243;][vc_separator type=&#8220;normal&#8220; color=&#8220;#d71f26&#8243; thickness=&#8220;2&#8243; up=&#8220;30&#8243;][\/vc_column][\/vc_row][vc_row css_animation=&#8220;&#8220; row_type=&#8220;row&#8220; use_row_as_full_screen_section=&#8220;no&#8220; type=&#8220;grid&#8220; angled_section=&#8220;no&#8220; text_align=&#8220;left&#8220; background_image_as_pattern=&#8220;without_pattern&#8220; z_index=&#8220;&#8220;][vc_column][vc_column_text]Der Europ\u00e4ische Mehrzweck-Sattelanh\u00e4nger wurde als Fahrzeug von AUCAR TRAILER entwickelt und patentiert, mit dem sich die Fahrstunden und die Pr\u00fcfung f\u00fcr die F\u00fchrerscheinklasse &#8222;C&#8220; und der Fahrerlaubnis f\u00fcr Sattelanh\u00e4nger und Sattelz\u00fcge &#8222;CE&#8220; absolvieren lassen. Der Wagen l\u00e4sst sich schnell, automatisch, sauber und bequem per Fernbedienung umwandeln.[\/vc_column_text][vc_separator type=&#8220;transparent&#8220; down=&#8220;60&#8243; el_class=&#8220;separadorTimeline&#8220;][vc_column_text]<\/p>\n<h3><strong>Videos<\/strong><\/h3>\n<p>[\/vc_column_text][vc_separator type=&#8220;small&#8220; position=&#8220;left&#8220; color=&#8220;#d71f26&#8243; thickness=&#8220;2&#8243; width=&#8220;50&#8243; up=&#8220;3&#8243; down=&#8220;19&#8243;][vc_row_inner row_type=&#8220;row&#8220; type=&#8220;full_width&#8220; text_align=&#8220;left&#8220; css_animation=&#8220;&#8220;][vc_column_inner width=&#8220;1\/2&#8243;]<div class=\"qode_video_box\">\n\t<a itemprop=\"image\" class=\"qode_video_image\" href=\"https:\/\/www.youtube.com\/watch?v=Xb01DvsZXvk&#038;t=1s\" data-rel=\"prettyPhoto\">\n\t\t\t\n\t\t\t<img decoding=\"async\" src=\"https:\/\/aucartrailer.com\/wp-content\/uploads\/2020\/01\/video-renault.jpg\" \/>\n\t\t\t<span class=\"qode_video_box_button_holder\">\n\t\t\t\t<span class=\"qode_video_box_button\">\n\t\t\t\t\t<span class=\"qode_video_box_button_arrow\">\n\t\t\t\t\t<\/span>\n\t\t\t\t<\/span>\n\t\t\t<\/span>\n\t\t\t<\/a>\n<\/div>[vc_separator type=&#8220;transparent&#8220; down=&#8220;20&#8243; el_class=&#8220;separadorTimeline&#8220;][vc_column_text]<\/p>\n<h3 style=\"text-align: center;\"><strong>Der europ\u00e4ische mehrzweck-sattelanh\u00e4nger \u00b7 Renault<\/strong><\/h3>\n<p>[\/vc_column_text][vc_separator type=&#8220;small&#8220; position=&#8220;center&#8220; color=&#8220;#d71f26&#8243; thickness=&#8220;2&#8243; width=&#8220;50&#8243; up=&#8220;3&#8243; down=&#8220;19&#8243;][\/vc_column_inner][vc_column_inner width=&#8220;1\/2&#8243;]<div class=\"qode_video_box\">\n\t<a itemprop=\"image\" class=\"qode_video_image\" href=\"https:\/\/www.youtube.com\/watch?v=7pxS7ZD5YG0&#038;t=4s\" data-rel=\"prettyPhoto\">\n\t\t\t\n\t\t\t<img decoding=\"async\" src=\"https:\/\/aucartrailer.com\/wp-content\/uploads\/2020\/01\/video-iveco.jpg\" \/>\n\t\t\t<span class=\"qode_video_box_button_holder\">\n\t\t\t\t<span class=\"qode_video_box_button\">\n\t\t\t\t\t<span class=\"qode_video_box_button_arrow\">\n\t\t\t\t\t<\/span>\n\t\t\t\t<\/span>\n\t\t\t<\/span>\n\t\t\t<\/a>\n<\/div>[vc_separator type=&#8220;transparent&#8220; down=&#8220;20&#8243; el_class=&#8220;separadorTimeline&#8220;][vc_column_text]<\/p>\n<h3 style=\"text-align: center;\"><strong>Der europ\u00e4ische mehrzweck-sattelanh\u00e4nger \u00b7 IVECO<\/strong><\/h3>\n<p>[\/vc_column_text][vc_separator type=&#8220;small&#8220; position=&#8220;center&#8220; color=&#8220;#d71f26&#8243; thickness=&#8220;2&#8243; width=&#8220;50&#8243; up=&#8220;3&#8243; down=&#8220;19&#8243;][\/vc_column_inner][\/vc_row_inner][\/vc_column][\/vc_row][vc_row css_animation=&#8220;&#8220; row_type=&#8220;row&#8220; use_row_as_full_screen_section=&#8220;no&#8220; type=&#8220;grid&#8220; angled_section=&#8220;no&#8220; text_align=&#8220;left&#8220; background_image_as_pattern=&#8220;without_pattern&#8220; z_index=&#8220;&#8220;][vc_column][vc_separator type=&#8220;transparent&#8220; down=&#8220;60&#8243; el_class=&#8220;separadorTimeline&#8220;][vc_column_text]<\/p>\n<h3><strong>Vorteile<\/strong><\/h3>\n<p>[\/vc_column_text][vc_separator type=&#8220;small&#8220; position=&#8220;left&#8220; color=&#8220;#d71f26&#8243; thickness=&#8220;2&#8243; width=&#8220;50&#8243; up=&#8220;3&#8243; down=&#8220;19&#8243;][vc_column_text]Daraus, dass man nur zwei Fahrzeuge (Zugmaschine und Sattelzug) anstatt der herk\u00f6mmlichen drei (Lkw, Zugmaschine und Sattelzug) f\u00fcr die beiden F\u00fchrerscheinklassen (&#8222;C&#8220; und &#8222;CE&#8220;) ben\u00f6tigt, ergeben sich folgende Vorteile:[\/vc_column_text][vc_separator type=&#8220;transparent&#8220; down=&#8220;30&#8243; el_class=&#8220;separadorTimeline&#8220;][vc_row_inner row_type=&#8220;row&#8220; type=&#8220;full_width&#8220; text_align=&#8220;left&#8220; css_animation=&#8220;&#8220;][vc_column_inner width=&#8220;1\/5&#8243;]<div class='q_icon_with_title medium circle center '><div class=\"icon_holder \" style=\" \"><span data-icon-type=\"circle\"   class=\"qode_iwt_icon_holder fa-stack fa-3x  \" style=\"border-color: #d71f26;background-color: #d71f26;\"><i class=\"qode_icon_font_awesome fa fa-eur qode_iwt_icon_element\" style=\"color: #ffffff;\" ><\/i><\/span><\/div><div class=\"icon_text_holder\" style=\"\"><div class=\"icon_text_inner\" style=\"\"><h5 class=\"icon_title\" style=\"\">Ersparnis bei der Anschaffung.<\/h5><p style=''><\/p><\/div><\/div><\/div>[\/vc_column_inner][vc_column_inner width=&#8220;1\/5&#8243;]<div class='q_icon_with_title medium circle center '><div class=\"icon_holder \" style=\" \"><span data-icon-type=\"circle\"   class=\"qode_iwt_icon_holder fa-stack fa-3x  \" style=\"border-color: #d71f26;background-color: #d71f26;\"><i class=\"qode_icon_font_awesome fa fa-lock qode_iwt_icon_element\" style=\"color: #ffffff;\" ><\/i><\/span><\/div><div class=\"icon_text_holder\" style=\"\"><div class=\"icon_text_inner\" style=\"\"><h5 class=\"icon_title\" style=\"\">Ersparnis an Versicherungen.<\/h5><p style=''><\/p><\/div><\/div><\/div>[\/vc_column_inner][vc_column_inner width=&#8220;1\/5&#8243;]<div class='q_icon_with_title medium circle center '><div class=\"icon_holder \" style=\" \"><span data-icon-type=\"circle\"   class=\"qode_iwt_icon_holder fa-stack fa-3x  \" style=\"border-color: #d71f26;background-color: #d71f26;\"><i class=\"qode_icon_font_awesome fa fa-money qode_iwt_icon_element\" style=\"color: #ffffff;\" ><\/i><\/span><\/div><div class=\"icon_text_holder\" style=\"\"><div class=\"icon_text_inner\" style=\"\"><h5 class=\"icon_title\" style=\"\">Ersparnis an Steuern<\/h5><p style=''><\/p><\/div><\/div><\/div>[\/vc_column_inner][vc_column_inner width=&#8220;1\/5&#8243;]<div class='q_icon_with_title medium circle center '><div class=\"icon_holder \" style=\" \"><span data-icon-type=\"circle\"   class=\"qode_iwt_icon_holder fa-stack fa-3x  \" style=\"border-color: #d71f26;background-color: #d71f26;\"><i class=\"qode_icon_font_awesome fa fa-cogs qode_iwt_icon_element\" style=\"color: #ffffff;\" ><\/i><\/span><\/div><div class=\"icon_text_holder\" style=\"\"><div class=\"icon_text_inner\" style=\"\"><h5 class=\"icon_title\" style=\"\">Ersparnis an Reparatur- und Wartungskosten.<\/h5><p style=''><\/p><\/div><\/div><\/div>[\/vc_column_inner][vc_column_inner width=&#8220;1\/5&#8243;]<div class='q_icon_with_title medium circle center '><div class=\"icon_holder \" style=\" \"><span data-icon-type=\"circle\"   class=\"qode_iwt_icon_holder fa-stack fa-3x  \" style=\"border-color: #d71f26;background-color: #d71f26;\"><i class=\"qode_icon_font_awesome fa fa-clock-o qode_iwt_icon_element\" style=\"color: #ffffff;\" ><\/i><\/span><\/div><div class=\"icon_text_holder\" style=\"\"><div class=\"icon_text_inner\" style=\"\"><h5 class=\"icon_title\" style=\"\">Ersparnis an Transportzeit<\/h5><p style=''><\/p><\/div><\/div><\/div>[\/vc_column_inner][\/vc_row_inner][vc_column_text]Wie das Video \u00fcber die Vielseitigkeit des Fahrzeugs veranschaulicht, gilt f\u00fcr den Europ\u00e4ischen Mehrzweck-Sattelh\u00e4nger:<\/p>\n<p>&nbsp;<\/p>\n<ul>\n<li>Er erf\u00fcllt alle Vorgaben der geltenden Gesetzgebung der Europ\u00e4ischen Union.<\/li>\n<li>Er bietet ein optimales Fahrverhalten durch seinen vorteilhaften Achsabstand.<\/li>\n<li>Einfaches Ein- und Ausrasten.<\/li>\n<li>Hervorragendes Erscheinungsbild.<\/li>\n<\/ul>\n<p>[\/vc_column_text][vc_separator type=&#8220;transparent&#8220; down=&#8220;60&#8243; el_class=&#8220;separadorTimeline&#8220;][vc_column_text]<\/p>\n<h3><strong>Best\u00e4ndigkeit, Zuverl\u00e4ssigkeit und Vielseitigkeit<\/strong><\/h3>\n<p>[\/vc_column_text][vc_separator type=&#8220;small&#8220; position=&#8220;left&#8220; color=&#8220;#d71f26&#8243; thickness=&#8220;2&#8243; width=&#8220;50&#8243; up=&#8220;3&#8243; down=&#8220;19&#8243;][vc_column_text]Das sind die Grundeigenschaften des Europ\u00e4ischen Mehrzweck-Sattelanh\u00e4ngers, die das spanische Heer letztlich dazu gef\u00fchrt haben, ihn zum exklusiven Fahrzeug seiner Milit\u00e4r-Fahrschulen zu machen. Der intensive Einsatz ohne Leistungseinbu\u00dfen, dem dieses Fahrzeug im Heer unterliegt, ist eine weitere Garantie f\u00fcr seine Best\u00e4ndigkeit, Zuverl\u00e4ssigkeit und Vielseitigkeit.[\/vc_column_text][\/vc_column][\/vc_row][vc_row css_animation=&#8220;&#8220; row_type=&#8220;row&#8220; use_row_as_full_screen_section=&#8220;no&#8220; type=&#8220;full_width&#8220; angled_section=&#8220;no&#8220; text_align=&#8220;left&#8220; background_image_as_pattern=&#8220;without_pattern&#8220;][vc_column][vc_empty_space height=&#8220;180px&#8220;][\/vc_column][\/vc_row]<\/p>\n<\/div>","protected":false},"excerpt":{"rendered":"<p>[vc_row css_animation=&#8220;&#8220; row_type=&#8220;row&#8220; use_row_as_full_screen_section=&#8220;no&#8220; type=&#8220;grid&#8220; angled_section=&#8220;no&#8220; text_align=&#8220;left&#8220; background_image_as_pattern=&#8220;without_pattern&#8220; z_index=&#8220;&#8220; css=&#8220;.vc_custom_1571924590472{margin-top: 50px !important;}&#8220;][vc_column width=&#8220;1\/12&#8243;][vc_separator type=&#8220;normal&#8220; color=&#8220;#d71f26&#8243; thickness=&#8220;2&#8243; up=&#8220;30&#8243;][\/vc_column][vc_column width=&#8220;10\/12&#8243;][vc_column_text] Der europ\u00e4ische mehrzweck-sattelanh\u00e4nger [\/vc_column_text][vc_separator type=&#8220;transparent&#8220; down=&#8220;60&#8243; el_class=&#8220;separadorTimeline&#8220;][\/vc_column][vc_column width=&#8220;1\/12&#8243;][vc_separator type=&#8220;normal&#8220; color=&#8220;#d71f26&#8243; thickness=&#8220;2&#8243; up=&#8220;30&#8243;][\/vc_column][\/vc_row][vc_row css_animation=&#8220;&#8220; row_type=&#8220;row&#8220; use_row_as_full_screen_section=&#8220;no&#8220; type=&#8220;grid&#8220; angled_section=&#8220;no&#8220; text_align=&#8220;left&#8220; background_image_as_pattern=&#8220;without_pattern&#8220; z_index=&#8220;&#8220;][vc_column][vc_column_text]Der Europ\u00e4ische Mehrzweck-Sattelanh\u00e4nger wurde als Fahrzeug von AUCAR&#8230;<\/p>\n","protected":false},"author":1,"featured_media":0,"parent":0,"menu_order":0,"comment_status":"closed","ping_status":"closed","template":"full_width.php","meta":{"footnotes":""},"class_list":["post-1458","page","type-page","status-publish","hentry"],"_links":{"self":[{"href":"https:\/\/aucartrailer.com\/de\/wp-json\/wp\/v2\/pages\/1458","targetHints":{"allow":["GET"]}}],"collection":[{"href":"https:\/\/aucartrailer.com\/de\/wp-json\/wp\/v2\/pages"}],"about":[{"href":"https:\/\/aucartrailer.com\/de\/wp-json\/wp\/v2\/types\/page"}],"author":[{"embeddable":true,"href":"https:\/\/aucartrailer.com\/de\/wp-json\/wp\/v2\/users\/1"}],"replies":[{"embeddable":true,"href":"https:\/\/aucartrailer.com\/de\/wp-json\/wp\/v2\/comments?post=1458"}],"version-history":[{"count":8,"href":"https:\/\/aucartrailer.com\/de\/wp-json\/wp\/v2\/pages\/1458\/revisions"}],"predecessor-version":[{"id":2493,"href":"https:\/\/aucartrailer.com\/de\/wp-json\/wp\/v2\/pages\/1458\/revisions\/2493"}],"wp:attachment":[{"href":"https:\/\/aucartrailer.com\/de\/wp-json\/wp\/v2\/media?parent=1458"}],"curies":[{"name":"wp","href":"https:\/\/api.w.org\/{rel}","templated":true}]}}