{"id":1456,"date":"2019-10-24T10:31:29","date_gmt":"2019-10-24T10:31:29","guid":{"rendered":"https:\/\/aucartrailer.com\/autoescuelas-militares\/"},"modified":"2020-01-29T09:08:12","modified_gmt":"2020-01-29T09:08:12","slug":"militaer-fahrschulen","status":"publish","type":"page","link":"https:\/\/aucartrailer.com\/de\/militaer-fahrschulen\/","title":{"rendered":"Milit\u00e4r-fahrschulen"},"content":{"rendered":"<div class=\"wpb-content-wrapper\"><p>[vc_row css_animation=&#8220;&#8220; row_type=&#8220;row&#8220; use_row_as_full_screen_section=&#8220;no&#8220; type=&#8220;grid&#8220; angled_section=&#8220;no&#8220; text_align=&#8220;left&#8220; background_image_as_pattern=&#8220;without_pattern&#8220; z_index=&#8220;&#8220; css=&#8220;.vc_custom_1571924590472{margin-top: 50px !important;}&#8220;][vc_column width=&#8220;3\/12&#8243;][vc_separator type=&#8220;normal&#8220; color=&#8220;#d71f26&#8243; thickness=&#8220;2&#8243; up=&#8220;30&#8243;][\/vc_column][vc_column width=&#8220;6\/12&#8243;][vc_column_text]<\/p>\n<h1 style=\"text-align: center;\">Milit\u00e4r-fahrschulen<\/h1>\n<p>[\/vc_column_text][\/vc_column][vc_column width=&#8220;3\/12&#8243;][vc_separator type=&#8220;normal&#8220; color=&#8220;#d71f26&#8243; thickness=&#8220;2&#8243; up=&#8220;30&#8243;][\/vc_column][\/vc_row][vc_row css_animation=&#8220;&#8220; row_type=&#8220;row&#8220; use_row_as_full_screen_section=&#8220;no&#8220; type=&#8220;grid&#8220; angled_section=&#8220;no&#8220; text_align=&#8220;left&#8220; background_image_as_pattern=&#8220;without_pattern&#8220; z_index=&#8220;&#8220;][vc_column][vc_column_text css=&#8220;.vc_custom_1578913550731{margin-top: 35px !important;margin-right: 30px !important;}&#8220;]<\/p>\n<h3 style=\"text-align: left;\">Der Europ\u00e4ische Mehrzweck-Sattelanh\u00e4nger von Aucar Trailer wurde vom spanischen Heer zu dem geeignetsten Fahrzeug f\u00fcr seine Milit\u00e4rfahrschulen ausgew\u00e4hlt.<\/h3>\n<p>[\/vc_column_text][vc_column_text css=&#8220;.vc_custom_1578913564684{margin-top: 35px !important;margin-right: 30px !important;}&#8220;]Die Kriterien, die vom Heer f\u00fcr die Wahl dieser Fahrzeuge zugrunde gelegt wurden, beruhen auf strengsten Sicherheitsnormen und h\u00f6chsten Anspr\u00fcchen an die Zuverl\u00e4ssigkeit und Widerstandsf\u00e4higkeit der NATO-Streitkr\u00e4fte. Die Qualit\u00e4tskriterien, die im Heer gelten, sind ihrerseits strenger als die Vorgaben der Norm ISO 9001, und die Auswahl der Zulieferer richtet sich nach deren in ihren einzelnen Eins\u00e4tzen nachgewiesenen Professionalit\u00e4t und Solvenz.<\/p>\n<p>&nbsp;<\/p>\n<p>Das Heer legt au\u00dferdem besonderen Wert darauf, dass die Lieferanten seiner Fahrzeuge deren Wartung \u00fcber ihre Lebensdauer und unter allen Umst\u00e4nden mit absoluter Sicherheit garantieren k\u00f6nnen.<\/p>\n<p>&nbsp;<\/p>\n<p>Aucar Trailer ist zufrieden und stolz darauf, als Zulieferer der NATO-Streitkr\u00e4fte ausgew\u00e4hlt worden zu sein &#8211; eine Anerkennung f\u00fcr viele Jahre Arbeit mit dem Ziel der st\u00e4ndigen Verbesserung unserer Produkte und Dienstleistungen. Diese Auszeichnung verpflichtet uns, weiter in dieser Richtung zu gehen und unsere Ziele immer h\u00f6her zu stecken.[\/vc_column_text][vc_separator type=&#8220;transparent&#8220; down=&#8220;40&#8243;][\/vc_column][\/vc_row][vc_row css_animation=&#8220;&#8220; row_type=&#8220;row&#8220; use_row_as_full_screen_section=&#8220;no&#8220; type=&#8220;grid&#8220; angled_section=&#8220;no&#8220; text_align=&#8220;left&#8220; background_image_as_pattern=&#8220;without_pattern&#8220; z_index=&#8220;&#8220;][vc_column width=&#8220;2\/12&#8243;][vc_column_text css=&#8220;.vc_custom_1572274830660{margin-top: 35px !important;margin-right: 30px !important;}&#8220;]<\/p>\n<h2 style=\"text-align: right;\">2018<\/h2>\n<p>[\/vc_column_text][\/vc_column][vc_column width=&#8220;9\/12&#8243; css=&#8220;.vc_custom_1571925841681{border-left-width: 2px !important;border-left-color: #d71f26 !important;border-left-style: solid !important;}&#8220;][vc_column_text css=&#8220;.vc_custom_1580288890826{margin-left: 30px !important;}&#8220;]Im Dezember wird die Lieferung von Europ\u00e4ischen Mehrzweck-Lkw an das spanische Heer wiederaufgenommen, zur Verj\u00fcngung der vorhandenen Flotte.[\/vc_column_text][vc_separator type=&#8220;transparent&#8220; down=&#8220;40&#8243;][\/vc_column][vc_column width=&#8220;1\/12&#8243;][\/vc_column][\/vc_row][vc_row css_animation=&#8220;&#8220; row_type=&#8220;row&#8220; use_row_as_full_screen_section=&#8220;no&#8220; type=&#8220;grid&#8220; angled_section=&#8220;no&#8220; text_align=&#8220;left&#8220; background_image_as_pattern=&#8220;without_pattern&#8220; z_index=&#8220;&#8220;][vc_column width=&#8220;2\/12&#8243;][vc_column_text css=&#8220;.vc_custom_1572274830660{margin-top: 35px !important;margin-right: 30px !important;}&#8220;]<\/p>\n<h2 style=\"text-align: right;\">2018<\/h2>\n<p>[\/vc_column_text][\/vc_column][vc_column width=&#8220;9\/12&#8243; css=&#8220;.vc_custom_1571925841681{border-left-width: 2px !important;border-left-color: #d71f26 !important;border-left-style: solid !important;}&#8220;][vc_column_text css=&#8220;.vc_custom_1580288882298{margin-left: 30px !important;}&#8220;]Der zweite Europ\u00e4ische Mehrzweck-Sattelanh\u00e4nger wird an die spanische Luftwaffe geliefert, auf der Grundlage eines Renault Midlum 280.12 Fahrgestells mit Fahrerhaus.[\/vc_column_text][vc_separator type=&#8220;transparent&#8220; down=&#8220;40&#8243;][\/vc_column][vc_column width=&#8220;1\/12&#8243;][\/vc_column][\/vc_row][vc_row css_animation=&#8220;&#8220; row_type=&#8220;row&#8220; use_row_as_full_screen_section=&#8220;no&#8220; type=&#8220;grid&#8220; angled_section=&#8220;no&#8220; text_align=&#8220;left&#8220; background_image_as_pattern=&#8220;without_pattern&#8220; z_index=&#8220;&#8220;][vc_column width=&#8220;2\/12&#8243;][vc_column_text css=&#8220;.vc_custom_1572274817667{margin-top: 35px !important;margin-right: 30px !important;}&#8220;]<\/p>\n<h2 style=\"text-align: right;\">2016 \u00b7 2017<\/h2>\n<p>[\/vc_column_text][\/vc_column][vc_column width=&#8220;9\/12&#8243; css=&#8220;.vc_custom_1571925841681{border-left-width: 2px !important;border-left-color: #d71f26 !important;border-left-style: solid !important;}&#8220;][vc_column_text css=&#8220;.vc_custom_1578913638916{margin-left: 30px !important;}&#8220;]Wurden R\u00fcckblicksysteme in 14 gepanzerten Rettungskr\u00e4ne (MAXXPRO RECOVERY VEHICLE) installiert.[\/vc_column_text][vc_separator type=&#8220;transparent&#8220; down=&#8220;40&#8243;][\/vc_column][vc_column width=&#8220;1\/12&#8243;][\/vc_column][\/vc_row][vc_row css_animation=&#8220;&#8220; row_type=&#8220;row&#8220; use_row_as_full_screen_section=&#8220;no&#8220; type=&#8220;grid&#8220; angled_section=&#8220;no&#8220; text_align=&#8220;left&#8220; background_image_as_pattern=&#8220;without_pattern&#8220; z_index=&#8220;&#8220;][vc_column width=&#8220;2\/12&#8243;][vc_column_text css=&#8220;.vc_custom_1580288821921{margin-top: 35px !important;margin-right: 30px !important;}&#8220;]<\/p>\n<h2 style=\"text-align: right;\">2015<\/h2>\n<p>[\/vc_column_text][\/vc_column][vc_column width=&#8220;9\/12&#8243; css=&#8220;.vc_custom_1571925841681{border-left-width: 2px !important;border-left-color: #d71f26 !important;border-left-style: solid !important;}&#8220;][vc_column_text css=&#8220;.vc_custom_1580288817025{margin-left: 30px !important;}&#8220;]Der erste Europ\u00e4ische Mehrzweck-Sattelanh\u00e4nger wird an die spanische Luftwaffe geliefert, auf der Grundlage eines Mercedes Benz 1330 L Atego Fahrgestells mit Fahrerhaus.[\/vc_column_text][vc_separator type=&#8220;transparent&#8220; down=&#8220;40&#8243;][\/vc_column][vc_column width=&#8220;1\/12&#8243;][\/vc_column][\/vc_row][vc_row css_animation=&#8220;&#8220; row_type=&#8220;row&#8220; use_row_as_full_screen_section=&#8220;no&#8220; type=&#8220;grid&#8220; angled_section=&#8220;no&#8220; text_align=&#8220;left&#8220; background_image_as_pattern=&#8220;without_pattern&#8220; z_index=&#8220;&#8220;][vc_column width=&#8220;2\/12&#8243;][vc_column_text css=&#8220;.vc_custom_1572274733892{margin-top: 35px !important;margin-right: 30px !important;}&#8220;]<\/p>\n<h2 style=\"text-align: right;\">2011<\/h2>\n<p>[\/vc_column_text][\/vc_column][vc_column width=&#8220;9\/12&#8243; css=&#8220;.vc_custom_1571925841681{border-left-width: 2px !important;border-left-color: #d71f26 !important;border-left-style: solid !important;}&#8220;][vc_column_text css=&#8220;.vc_custom_1578913622515{margin-left: 30px !important;}&#8220;]Wurden doppelte Pedalsteuerungen &#8211; ohne die Abschirmung zu durchbohren &#8211; in 28 Panzerfahrzeuge des Spanischen Ausbildungszentrums eingebaut.[\/vc_column_text][vc_separator type=&#8220;transparent&#8220; down=&#8220;40&#8243;][\/vc_column][vc_column width=&#8220;1\/12&#8243;][\/vc_column][\/vc_row][vc_row css_animation=&#8220;&#8220; row_type=&#8220;row&#8220; use_row_as_full_screen_section=&#8220;no&#8220; type=&#8220;grid&#8220; angled_section=&#8220;no&#8220; text_align=&#8220;left&#8220; background_image_as_pattern=&#8220;without_pattern&#8220; z_index=&#8220;&#8220;][vc_column width=&#8220;2\/12&#8243;][vc_column_text css=&#8220;.vc_custom_1572274707070{margin-top: 35px !important;margin-right: 30px !important;}&#8220;]<\/p>\n<h2 style=\"text-align: right;\">2011<\/h2>\n<p>[\/vc_column_text][\/vc_column][vc_column width=&#8220;9\/12&#8243; css=&#8220;.vc_custom_1571925841681{border-left-width: 2px !important;border-left-color: #d71f26 !important;border-left-style: solid !important;}&#8220;][vc_column_text css=&#8220;.vc_custom_1578913604883{margin-left: 30px !important;}&#8220;]Wurden dem Heer zweiundzwanzig logistische Lastkraftwagen f\u00fcr die F\u00fchrerscheinklasse \u201eC\u201c geliefert.[\/vc_column_text][vc_separator type=&#8220;transparent&#8220; down=&#8220;40&#8243;][\/vc_column][vc_column width=&#8220;1\/12&#8243;][\/vc_column][\/vc_row][vc_row css_animation=&#8220;&#8220; row_type=&#8220;row&#8220; use_row_as_full_screen_section=&#8220;no&#8220; type=&#8220;grid&#8220; angled_section=&#8220;no&#8220; text_align=&#8220;left&#8220; background_image_as_pattern=&#8220;without_pattern&#8220; z_index=&#8220;&#8220;][vc_column width=&#8220;2\/12&#8243;][vc_column_text css=&#8220;.vc_custom_1580288709467{margin-top: 35px !important;margin-right: 30px !important;}&#8220;]<\/p>\n<h2 style=\"text-align: right;\">2010<\/h2>\n<p>[\/vc_column_text][\/vc_column][vc_column width=&#8220;9\/12&#8243; css=&#8220;.vc_custom_1571925841681{border-left-width: 2px !important;border-left-color: #d71f26 !important;border-left-style: solid !important;}&#8220;][vc_column_text css=&#8220;.vc_custom_1580288719620{margin-left: 30px !important;}&#8220;]Hat das spanische Heer uns die Wartung aller von uns gelieferten Fahrzeuge anvertraut. Das daf\u00fcr verwendete System ist eine \u201eerweiterte Garantie\u201c.[\/vc_column_text][vc_separator type=&#8220;transparent&#8220; down=&#8220;40&#8243;][\/vc_column][vc_column width=&#8220;1\/12&#8243;][\/vc_column][\/vc_row][vc_row css_animation=&#8220;&#8220; row_type=&#8220;row&#8220; use_row_as_full_screen_section=&#8220;no&#8220; type=&#8220;grid&#8220; angled_section=&#8220;no&#8220; text_align=&#8220;left&#8220; background_image_as_pattern=&#8220;without_pattern&#8220; z_index=&#8220;&#8220;][vc_column width=&#8220;2\/12&#8243;][vc_column_text css=&#8220;.vc_custom_1580288795938{margin-top: 35px !important;margin-right: 30px !important;}&#8220;]<\/p>\n<h2 style=\"text-align: right;\">2009<\/h2>\n<p>[\/vc_column_text][\/vc_column][vc_column width=&#8220;9\/12&#8243; css=&#8220;.vc_custom_1571925841681{border-left-width: 2px !important;border-left-color: #d71f26 !important;border-left-style: solid !important;}&#8220;][vc_column_text css=&#8220;.vc_custom_1580288790970{margin-left: 30px !important;}&#8220;]Im Jahre 2009 wird der erste Europ\u00e4ische Mehrzweck-Sattelanh\u00e4nger an die Fahrschule der Armada geliefert, auf der Grundlage eines Mercedes Benz 1329 L Atego Fahrgestells mit Fahrerhaus.[\/vc_column_text][vc_separator type=&#8220;transparent&#8220; down=&#8220;40&#8243;][\/vc_column][vc_column width=&#8220;1\/12&#8243;][\/vc_column][\/vc_row][vc_row css_animation=&#8220;&#8220; row_type=&#8220;row&#8220; use_row_as_full_screen_section=&#8220;no&#8220; type=&#8220;grid&#8220; angled_section=&#8220;no&#8220; text_align=&#8220;left&#8220; background_image_as_pattern=&#8220;without_pattern&#8220; z_index=&#8220;&#8220;][vc_column width=&#8220;2\/12&#8243;][vc_column_text css=&#8220;.vc_custom_1572274585676{margin-top: 35px !important;margin-right: 30px !important;}&#8220;]<\/p>\n<h2 style=\"text-align: right;\">2007<\/h2>\n<p>[\/vc_column_text][\/vc_column][vc_column width=&#8220;9\/12&#8243; css=&#8220;.vc_custom_1571925841681{border-left-width: 2px !important;border-left-color: #d71f26 !important;border-left-style: solid !important;}&#8220;][vc_column_text css=&#8220;.vc_custom_1580288768954{margin-left: 30px !important;}&#8220;]Das spanische Heer w\u00e4hlt den Europ\u00e4ischen Mehrzweck-Sattelanh\u00e4nger als erstes spezifisches Fahrzeug \u2013 in seiner gesamten Geschichte \u2013 f\u00fcr seine Milit\u00e4r-Fahrschulen auf dem gesamten Landesgebiet.<\/p>\n<p>Im November wird AUCAR TRAILER, S.L. als Lieferant des Europ\u00e4ischen Mehrzweck-Sattelanh\u00e4ngers ausgew\u00e4hlt und erh\u00e4lt die Eintragung in den NATO-F\u00fchrer f\u00fcr Unternehmen und Einrichtungen und somit die Anerkennung als direkter Zulieferer der spanischen Streitkr\u00e4fte oder der NATO.[\/vc_column_text][vc_separator type=&#8220;transparent&#8220; down=&#8220;40&#8243;][\/vc_column][vc_column width=&#8220;1\/12&#8243;][\/vc_column][\/vc_row][vc_row css_animation=&#8220;&#8220; row_type=&#8220;row&#8220; use_row_as_full_screen_section=&#8220;no&#8220; type=&#8220;full_width&#8220; angled_section=&#8220;no&#8220; text_align=&#8220;left&#8220; background_image_as_pattern=&#8220;without_pattern&#8220;][vc_column][vc_empty_space height=&#8220;180px&#8220;][\/vc_column][\/vc_row]<\/p>\n<\/div>","protected":false},"excerpt":{"rendered":"<p>[vc_row css_animation=&#8220;&#8220; row_type=&#8220;row&#8220; use_row_as_full_screen_section=&#8220;no&#8220; type=&#8220;grid&#8220; angled_section=&#8220;no&#8220; text_align=&#8220;left&#8220; background_image_as_pattern=&#8220;without_pattern&#8220; z_index=&#8220;&#8220; css=&#8220;.vc_custom_1571924590472{margin-top: 50px !important;}&#8220;][vc_column width=&#8220;3\/12&#8243;][vc_separator type=&#8220;normal&#8220; color=&#8220;#d71f26&#8243; thickness=&#8220;2&#8243; up=&#8220;30&#8243;][\/vc_column][vc_column width=&#8220;6\/12&#8243;][vc_column_text] Milit\u00e4r-fahrschulen [\/vc_column_text][\/vc_column][vc_column width=&#8220;3\/12&#8243;][vc_separator type=&#8220;normal&#8220; color=&#8220;#d71f26&#8243; thickness=&#8220;2&#8243; up=&#8220;30&#8243;][\/vc_column][\/vc_row][vc_row css_animation=&#8220;&#8220; row_type=&#8220;row&#8220; use_row_as_full_screen_section=&#8220;no&#8220; type=&#8220;grid&#8220; angled_section=&#8220;no&#8220; text_align=&#8220;left&#8220; background_image_as_pattern=&#8220;without_pattern&#8220; z_index=&#8220;&#8220;][vc_column][vc_column_text css=&#8220;.vc_custom_1578913550731{margin-top: 35px !important;margin-right: 30px !important;}&#8220;] Der Europ\u00e4ische Mehrzweck-Sattelanh\u00e4nger von Aucar Trailer wurde&#8230;<\/p>\n","protected":false},"author":1,"featured_media":0,"parent":0,"menu_order":0,"comment_status":"closed","ping_status":"closed","template":"full_width.php","meta":{"footnotes":""},"class_list":["post-1456","page","type-page","status-publish","hentry"],"_links":{"self":[{"href":"https:\/\/aucartrailer.com\/de\/wp-json\/wp\/v2\/pages\/1456","targetHints":{"allow":["GET"]}}],"collection":[{"href":"https:\/\/aucartrailer.com\/de\/wp-json\/wp\/v2\/pages"}],"about":[{"href":"https:\/\/aucartrailer.com\/de\/wp-json\/wp\/v2\/types\/page"}],"author":[{"embeddable":true,"href":"https:\/\/aucartrailer.com\/de\/wp-json\/wp\/v2\/users\/1"}],"replies":[{"embeddable":true,"href":"https:\/\/aucartrailer.com\/de\/wp-json\/wp\/v2\/comments?post=1456"}],"version-history":[{"count":5,"href":"https:\/\/aucartrailer.com\/de\/wp-json\/wp\/v2\/pages\/1456\/revisions"}],"predecessor-version":[{"id":2460,"href":"https:\/\/aucartrailer.com\/de\/wp-json\/wp\/v2\/pages\/1456\/revisions\/2460"}],"wp:attachment":[{"href":"https:\/\/aucartrailer.com\/de\/wp-json\/wp\/v2\/media?parent=1456"}],"curies":[{"name":"wp","href":"https:\/\/api.w.org\/{rel}","templated":true}]}}