{"id":1316,"date":"2018-04-04T14:35:36","date_gmt":"2018-04-04T14:35:36","guid":{"rendered":"https:\/\/aucartrailer.com\/contact\/"},"modified":"2020-01-23T17:43:17","modified_gmt":"2020-01-23T17:43:17","slug":"kontakt","status":"publish","type":"page","link":"https:\/\/aucartrailer.com\/de\/kontakt\/","title":{"rendered":"Kontakt"},"content":{"rendered":"<div class=\"wpb-content-wrapper\"><p>[vc_row css_animation=&#8220;&#8220; row_type=&#8220;row&#8220; use_row_as_full_screen_section=&#8220;no&#8220; type=&#8220;grid&#8220; angled_section=&#8220;no&#8220; text_align=&#8220;left&#8220; background_image_as_pattern=&#8220;without_pattern&#8220; padding_top=&#8220;125&#8243; z_index=&#8220;&#8220;][vc_column width=&#8220;4\/12&#8243;][qode_elements_holder number_of_columns=&#8220;one_column&#8220;][qode_elements_holder_item advanced_animations=&#8220;no&#8220; item_padding=&#8220;0px 0px 0px 0px&#8220;][vc_raw_html]JTNDaWZyYW1lJTIwc3JjJTNEJTIyaHR0cHMlM0ElMkYlMkZ3d3cuZ29vZ2xlLmNvbSUyRm1hcHMlMkZlbWJlZCUzRnBiJTNEJTIxMW0xOCUyMTFtMTIlMjExbTMlMjExZDI5ODguNDMwNzU1MzIxMTI1NiUyMTJkMi4zNjM5MDc3MTU0MjkxNDY0JTIxM2Q0MS40OTQ5MzkyNzkyNTQ0MiUyMTJtMyUyMTFmMCUyMTJmMCUyMTNmMCUyMTNtMiUyMTFpMTAyNCUyMTJpNzY4JTIxNGYxMy4xJTIxM20zJTIxMW0yJTIxMXMweDEyYTRiMTRiN2E0Y2I5ODMlMjUzQTB4NDYyZDg4N2UwNGUxNTNiNSUyMTJzQ2FycmVyJTI1MjBQaW50b3IlMjUyMFBhdSUyNTIwUm9pZyUyNTJDJTI1MjA0MSUyNTJDJTI1MjAwODMzMCUyNTIwUHJlbWklMjVDMyUyNUEwJTI1MjBkZSUyNTIwTWFyJTI1MkMlMjUyMEJhcmNlbG9uYSUyMTVlMCUyMTNtMiUyMTFzY2ElMjEyc2VzJTIxNHYxNTczMDU4MzMxMTkyJTIxNW0yJTIxMXNjYSUyMTJzZXMlMjIlMjB3aWR0aCUzRCUyMjEwMCUyNSUyMiUyMGhlaWdodCUzRCUyMjU1MSUyMiUyMGZyYW1lYm9yZGVyJTNEJTIyMCUyMiUyMHN0eWxlJTNEJTIyYm9yZGVyJTNBMCUzQiUyMiUyMGFsbG93ZnVsbHNjcmVlbiUzRCUyMiUyMiUzRSUzQyUyRmlmcmFtZSUzRQ==[\/vc_raw_html][\/qode_elements_holder_item][\/qode_elements_holder][vc_separator type=&#8220;transparent&#8220; down=&#8220;50&#8243;][\/vc_column][vc_column width=&#8220;5\/12&#8243;][vc_separator type=&#8220;transparent&#8220; up=&#8220;-21&#8243;][vc_column_text]<\/p>\n<h1>Sprechen Sie uns an<\/h1>\n<p>[\/vc_column_text][vc_empty_space height=&#8220;16px&#8220;][vc_column_text]Sie k\u00f6nnen uns \u00fcber das folgende Formular oder \u00fcber die Kontaktdaten unseres Unternehmens kontaktieren.[\/vc_column_text][vc_empty_space height=&#8220;33px&#8220;]\n<div class=\"wpcf7 no-js\" id=\"wpcf7-f2303-o1\" lang=\"en-US\" dir=\"ltr\" data-wpcf7-id=\"2303\">\n<div class=\"screen-reader-response\"><p role=\"status\" aria-live=\"polite\" aria-atomic=\"true\"><\/p> <ul><\/ul><\/div>\n<form action=\"\/de\/wp-json\/wp\/v2\/pages\/1316#wpcf7-f2303-o1\" method=\"post\" class=\"wpcf7-form init cf7_custom_style_1\" aria-label=\"Contact form\" novalidate=\"novalidate\" data-status=\"init\">\n<fieldset class=\"hidden-fields-container\"><input type=\"hidden\" name=\"_wpcf7\" value=\"2303\" \/><input type=\"hidden\" name=\"_wpcf7_version\" value=\"6.1.4\" \/><input type=\"hidden\" name=\"_wpcf7_locale\" value=\"en_US\" \/><input type=\"hidden\" name=\"_wpcf7_unit_tag\" value=\"wpcf7-f2303-o1\" \/><input type=\"hidden\" name=\"_wpcf7_container_post\" value=\"0\" \/><input type=\"hidden\" name=\"_wpcf7_posted_data_hash\" value=\"\" \/><input type=\"hidden\" name=\"_wpcf7_recaptcha_response\" value=\"\" \/>\n<\/fieldset>\n<div>\n\t<p><span class=\"wpcf7-form-control-wrap\" data-name=\"nombre\"><input size=\"40\" maxlength=\"400\" class=\"wpcf7-form-control wpcf7-text\" aria-invalid=\"false\" placeholder=\"Name*\" value=\"\" type=\"text\" name=\"nombre\" \/><\/span>\n\t<\/p>\n<\/div>\n<div>\n\t<p><span class=\"wpcf7-form-control-wrap\" data-name=\"email\"><input size=\"40\" maxlength=\"400\" class=\"wpcf7-form-control wpcf7-text\" aria-invalid=\"false\" placeholder=\"Email*\" value=\"\" type=\"text\" name=\"email\" \/><\/span>\n\t<\/p>\n<\/div>\n<div>\n\t<p><span class=\"wpcf7-form-control-wrap\" data-name=\"mensaje\"><textarea cols=\"40\" rows=\"10\" maxlength=\"2000\" class=\"wpcf7-form-control wpcf7-textarea\" aria-invalid=\"false\" placeholder=\"Botschaft\" name=\"mensaje\"><\/textarea><\/span>\n\t<\/p>\n<\/div>\n<div style='margin-bottom:10px'>\n\n<\/div>\n<p><input class=\"wpcf7-form-control wpcf7-submit has-spinner\" type=\"submit\" value=\"SENDEN\" \/>\n<\/p><div class=\"wpcf7-response-output\" aria-hidden=\"true\"><\/div>\n<\/form>\n<\/div>\n[\/vc_column][vc_column width=&#8220;3\/12&#8243;][vc_separator type=&#8220;transparent&#8220; up=&#8220;-21&#8243;][vc_column_text]<\/p>\n<h1>Adresse<\/h1>\n<p>[\/vc_column_text][vc_empty_space height=&#8220;16px&#8220;][vc_column_text]Aucar-Trailer S.L.<\/p>\n<p>T. 93 752 42 83 \u00b7 F. 93 752 04 78<br \/>\n<a href=\"mailto:aucar@aucartrailer.com\">aucar@aucartrailer.com<\/a><\/p>\n<p>&nbsp;<\/p>\n<p>Pintor Pau Roig, 41 2\u00ba 3\u00aa<br \/>\n08330 \u00b7 Premi\u00e0 de Mar \u00b7 Barcelona<\/p>\n<p>&nbsp;<\/p>\n<p><strong>Sitz der Gesellschaft:<\/strong><br \/>\nAvda. de Arag\u00f3n, 78<br \/>\n22520 Fraga (Huesca)[\/vc_column_text][\/vc_column][\/vc_row]<\/p>\n<\/div>","protected":false},"excerpt":{"rendered":"<p>[vc_row css_animation=&#8220;&#8220; row_type=&#8220;row&#8220; use_row_as_full_screen_section=&#8220;no&#8220; type=&#8220;grid&#8220; angled_section=&#8220;no&#8220; text_align=&#8220;left&#8220; background_image_as_pattern=&#8220;without_pattern&#8220; padding_top=&#8220;125&#8243; z_index=&#8220;&#8220;][vc_column width=&#8220;4\/12&#8243;][qode_elements_holder number_of_columns=&#8220;one_column&#8220;][qode_elements_holder_item advanced_animations=&#8220;no&#8220; item_padding=&#8220;0px 0px 0px 0px&#8220;][vc_raw_html]JTNDaWZyYW1lJTIwc3JjJTNEJTIyaHR0cHMlM0ElMkYlMkZ3d3cuZ29vZ2xlLmNvbSUyRm1hcHMlMkZlbWJlZCUzRnBiJTNEJTIxMW0xOCUyMTFtMTIlMjExbTMlMjExZDI5ODguNDMwNzU1MzIxMTI1NiUyMTJkMi4zNjM5MDc3MTU0MjkxNDY0JTIxM2Q0MS40OTQ5MzkyNzkyNTQ0MiUyMTJtMyUyMTFmMCUyMTJmMCUyMTNmMCUyMTNtMiUyMTFpMTAyNCUyMTJpNzY4JTIxNGYxMy4xJTIxM20zJTIxMW0yJTIxMXMweDEyYTRiMTRiN2E0Y2I5ODMlMjUzQTB4NDYyZDg4N2UwNGUxNTNiNSUyMTJzQ2FycmVyJTI1MjBQaW50b3IlMjUyMFBhdSUyNTIwUm9pZyUyNTJDJTI1MjA0MSUyNTJDJTI1MjAwODMzMCUyNTIwUHJlbWklMjVDMyUyNUEwJTI1MjBkZSUyNTIwTWFyJTI1MkMlMjUyMEJhcmNlbG9uYSUyMTVlMCUyMTNtMiUyMTFzY2ElMjEyc2VzJTIxNHYxNTczMDU4MzMxMTkyJTIxNW0yJTIxMXNjYSUyMTJzZXMlMjIlMjB3aWR0aCUzRCUyMjEwMCUyNSUyMiUyMGhlaWdodCUzRCUyMjU1MSUyMiUyMGZyYW1lYm9yZGVyJTNEJTIyMCUyMiUyMHN0eWxlJTNEJTIyYm9yZGVyJTNBMCUzQiUyMiUyMGFsbG93ZnVsbHNjcmVlbiUzRCUyMiUyMiUzRSUzQyUyRmlmcmFtZSUzRQ==[\/vc_raw_html][\/qode_elements_holder_item][\/qode_elements_holder][vc_separator type=&#8220;transparent&#8220; down=&#8220;50&#8243;][\/vc_column][vc_column width=&#8220;5\/12&#8243;][vc_separator type=&#8220;transparent&#8220; up=&#8220;-21&#8243;][vc_column_text] Sprechen Sie uns an [\/vc_column_text][vc_empty_space height=&#8220;16px&#8220;][vc_column_text]Sie k\u00f6nnen uns \u00fcber das folgende Formular oder \u00fcber die Kontaktdaten unseres Unternehmens kontaktieren.[\/vc_column_text][vc_empty_space height=&#8220;33px&#8220;][\/vc_column][vc_column width=&#8220;3\/12&#8243;][vc_separator type=&#8220;transparent&#8220; up=&#8220;-21&#8243;][vc_column_text]&#8230;<\/p>\n","protected":false},"author":1,"featured_media":0,"parent":0,"menu_order":0,"comment_status":"closed","ping_status":"closed","template":"full_width.php","meta":{"footnotes":""},"class_list":["post-1316","page","type-page","status-publish","hentry"],"_links":{"self":[{"href":"https:\/\/aucartrailer.com\/de\/wp-json\/wp\/v2\/pages\/1316","targetHints":{"allow":["GET"]}}],"collection":[{"href":"https:\/\/aucartrailer.com\/de\/wp-json\/wp\/v2\/pages"}],"about":[{"href":"https:\/\/aucartrailer.com\/de\/wp-json\/wp\/v2\/types\/page"}],"author":[{"embeddable":true,"href":"https:\/\/aucartrailer.com\/de\/wp-json\/wp\/v2\/users\/1"}],"replies":[{"embeddable":true,"href":"https:\/\/aucartrailer.com\/de\/wp-json\/wp\/v2\/comments?post=1316"}],"version-history":[{"count":5,"href":"https:\/\/aucartrailer.com\/de\/wp-json\/wp\/v2\/pages\/1316\/revisions"}],"predecessor-version":[{"id":2330,"href":"https:\/\/aucartrailer.com\/de\/wp-json\/wp\/v2\/pages\/1316\/revisions\/2330"}],"wp:attachment":[{"href":"https:\/\/aucartrailer.com\/de\/wp-json\/wp\/v2\/media?parent=1316"}],"curies":[{"name":"wp","href":"https:\/\/api.w.org\/{rel}","templated":true}]}}